{"id":161900,"date":"2024-08-29T11:10:38","date_gmt":"2024-08-29T08:10:38","guid":{"rendered":"https:\/\/prosport.md\/?page_id=161900"},"modified":"2025-07-31T14:20:31","modified_gmt":"2025-07-31T11:20:31","slug":"5-suplimentar-la-achitarea-online","status":"publish","type":"page","link":"https:\/\/dev.prosportmagazin.md\/ro\/5-suplimentar-la-achitarea-online\/","title":{"rendered":"-7% suplimentar la achitarea online"},"content":{"rendered":"<p><strong>PRIMESTE O REDUCERE DE 7 % GARANTAT LA ACHITAREA ONLINE !<\/strong><\/p>\n<p>Achizi\u021bioneaz\u0103 online ob\u021bineti \u00a0o reducere de -7% la toate produsele. Aceast\u0103 metod\u0103 de plat\u0103 este simpl\u0103 \u0219i convenabil\u0103 .<\/p>\n<p>Alege orice produs, adaug\u0103 \u00een co\u0219 \u0219i \u00een mod de plat\u0103 alege &#8220;Visa\/MasterCard (reducere 7%)&#8221; \u0219i reducerea -7% va fi aplicat\u0103 automat. \u00cen plus fa\u021b\u0103 de reducere -7% sunt disponibile reduceri suplimentare prin aplicatia UDS.<\/p>\n<p>ALEGE ORIGINALUL !<\/p>\n","protected":false},"excerpt":{"rendered":"<p>PRIMESTE O REDUCERE DE 7 % GARANTAT LA ACHITAREA ONLINE ! Achizi\u021bioneaz\u0103 online ob\u021bineti \u00a0o reducere de -7% la toate<\/p>\n","protected":false},"author":1,"featured_media":0,"parent":0,"menu_order":0,"comment_status":"closed","ping_status":"closed","template":"","meta":{"footnotes":""},"class_list":["post-161900","page","type-page","status-publish","hentry"],"_links":{"self":[{"href":"https:\/\/dev.prosportmagazin.md\/ro\/wp-json\/wp\/v2\/pages\/161900","targetHints":{"allow":["GET"]}}],"collection":[{"href":"https:\/\/dev.prosportmagazin.md\/ro\/wp-json\/wp\/v2\/pages"}],"about":[{"href":"https:\/\/dev.prosportmagazin.md\/ro\/wp-json\/wp\/v2\/types\/page"}],"author":[{"embeddable":true,"href":"https:\/\/dev.prosportmagazin.md\/ro\/wp-json\/wp\/v2\/users\/1"}],"replies":[{"embeddable":true,"href":"https:\/\/dev.prosportmagazin.md\/ro\/wp-json\/wp\/v2\/comments?post=161900"}],"version-history":[{"count":0,"href":"https:\/\/dev.prosportmagazin.md\/ro\/wp-json\/wp\/v2\/pages\/161900\/revisions"}],"wp:attachment":[{"href":"https:\/\/dev.prosportmagazin.md\/ro\/wp-json\/wp\/v2\/media?parent=161900"}],"curies":[{"name":"wp","href":"https:\/\/api.w.org\/{rel}","templated":true}]}}