{"id":173476,"date":"2024-11-12T15:42:32","date_gmt":"2024-11-12T12:42:32","guid":{"rendered":"https:\/\/prosport.md\/?page_id=173476"},"modified":"2024-11-12T15:44:01","modified_gmt":"2024-11-12T12:44:01","slug":"retur-pentru-alte-regiuni-ale-rm","status":"publish","type":"page","link":"https:\/\/dev.prosportmagazin.md\/ro\/retur-pentru-alte-regiuni-ale-rm\/","title":{"rendered":"Retur pentru alte regiuni ale RM"},"content":{"rendered":"<p>\u00cen conformitate cu\u00a0<strong>Legea Republicii Moldova nr.105-XV din 13.03.2003 \u201ePrivind protec\u021bia consumatorului\u201d<\/strong>, exist\u0103 posibilitatea \u00een decurs de\u00a0<strong>14 zile calendaristice<\/strong>, de a \u00eenlocui cu un produs similar sau de restitui contravaloarea lui, dac\u0103 produsul nu este utilizat, nu\u00a0 si-a pierdut calit\u0103tile de consum \u0219i dac\u0103 exist\u0103 probe c\u0103 a fost cump\u0103rat de la un comerciant cu am\u0103nuntul cu bonul fiscal.<\/p>\n<p><strong>RETUR<\/strong><\/p>\n<p>Reducerea corespunz\u0103toare a pre\u0163ului sau restituirea contravalorii produsului \u00een cadrul termenului de garan\u0163ie, \u00een caz de deficien\u0163e care nu s\u00eent imputabile consumatorului, se face necondi\u0163ionat de c\u0103tre v\u00eenz\u0103tor \u00eentr-un termen de cel mult\u00a0<strong>14 zile calendaristice\u00a0<\/strong>de la data \u00eenaint\u0103rii reclama\u0163iei de c\u0103tre consumator.<\/p>\n<p>Returnarea m\u0103rfurilor este posibil\u0103 numai din urm\u0103toarele motive:<\/p>\n<ul>\n<li>Dimensiunea este mare sau mic\u0103 \u0219i este imposibil s\u0103 se schimbe pentru acela\u0219i model de dimensiuni diferite<\/li>\n<\/ul>\n<ul>\n<li>Marf\u0103 nu se potrivea \u00een aparen\u021b\u0103<\/li>\n<\/ul>\n<ul>\n<li>Marf\u0103 este de calitate slab\u0103<\/li>\n<\/ul>\n<p>*RESTITUIRILE DE BUNURI ACHIZI\u021aIONATE \u00ceN MAGAZINELE PUMA MOLDOVA POT FI EFECTUATE NUMAI LA MAGAZINELE PROSPORT, LA ADRESA:<\/p>\n<ol>\n<li>bd. Moscova 9\/5<\/li>\n<\/ol>\n<p><strong>Returnarea bunurilor achizi\u021bionate \u00een unul din magazinele fizice PROSPORT nu este posibil\u0103 prin intermediul magazinului online.<\/strong><\/p>\n<p>Pentru a efectua o returnare, este obligatoriu s\u0103 ave\u021bi la dumneavoastr\u0103 bonul de achitare.<\/p>\n<p>&nbsp;<\/p>\n<p><a href=\"https:\/\/pumamoldova.md\/ro\/page\/form-of-return-rm\" target=\"_blank\" rel=\"noopener\">formular de retur<\/a><\/p>\n<p><strong>Perioada de returnarea m\u0103rfii<\/strong><\/p>\n<p><strong>\u00cen termen de 14 zile<\/strong>\u00a0de la primirea comenzii, clientul are dreptul de a returna produsele achizi\u021bionate on-line din magazinul PROSPORT.\u00a0Pentru ini\u021bierea procesului de restituire a contravalorii produsului, V\u0103 rug\u0103m s\u0103 \u0441ompleta\u00a0formularul de retur \u00een sus. Returnarea m\u0103rfii de calitate corespunz\u0103toare este posibil\u0103 \u00een cazul, dac\u0103 este p\u0103strat\u0103 starea de marf\u0103. (ambalaj, etichete). Marfuri folosite sunt nerambursabile. Acelea\u0219i reguli de returnare se aplic\u0103 produselor din sec\u021biune \u00abReducere\u00bb \u0219i \u00abLast Size\u00bb. V\u0103 rug\u0103m s\u0103 p\u0103stra\u021bi chitan\u021bele astfel \u00eenc\u00e2t s\u0103 pute\u021bi returna sau schimba bunurile achizi\u021bionate din magazinul online Puma Moldova.<\/p>\n<p><strong>Metoda de returnare<\/strong><\/p>\n<ul>\n<li>La returnarea bunurilor \u00een magazin PROSPORT, este necesar s\u0103 se depun\u0103 originalele urm\u0103toarelor documente:\n<ul>\n<li>pa\u0219aport<\/li>\n<li>bonul fiscal<\/li>\n<\/ul>\n<\/li>\n<\/ul>\n<ul>\n<li>Prin serviciul de curierat furnizat de companie &#8220;MULTIMOBILE SRL&#8221; S.R.L. Returnarea m\u0103rfurilor se pl\u0103te\u0219te de c\u0103tre cump\u0103r\u0103tor. Costul este de 70 lei. La returnarea m\u0103rfurilor prin curier, este necesar s\u0103 transfera\u021bi m\u0103rfurile de tipul corespunz\u0103tor, dup\u0103 ce au sigilat-o \u00een prealabil \u00eentr-un pachet suplimentar. Pachetele deschise nu sunt acceptate de serviciul de curierat.<\/li>\n<\/ul>\n<p><strong>Metod\u0103 de returnarea banilor<\/strong><\/p>\n<ul>\n<li>Pentru comenzile prepl\u0103tite, banii sunt transfera\u021bi pe cardul bancar cu care a fost pl\u0103tit\u0103 comanda pe site. Ve\u021bi primi confirmarea return\u0103rii prin e-mail dup\u0103 ce aceasta a fost efectuat\u0103. Transferul este efectuat de p\u00e2n\u0103 la 14 zile calendaristice dup\u0103 primirea \u0219i verificarea bunurilor returnate. Dac\u0103 trec mai mult de 14 zile f\u0103r\u0103 s\u0103 v\u0103 intre \u00een cont suma rambursat\u0103, v\u0103 rug\u0103m s\u0103 prezenta\u021bi aceast\u0103 confirmare entit\u0103\u021bii dumneavoastr\u0103 bancare, care va putea astfel s\u0103 v\u0103 ajute s\u0103 accelera\u021bi procesul.<br \/>\n\u201dMULTIMOBILE SRL\u201d nu poart\u0103 r\u0103spundere pentru re\u021binerile b\u0103ncii la returnarea mijloacelor b\u0103ne\u0219ti.<\/li>\n<\/ul>\n<p>Pentru comenzile pl\u0103tite \u00een numerar la primire, rambursarea este posibil\u0103 \u00een mai multe moduri:<\/p>\n<ol start=\"6\">\n<li>a) Cu numerar \u00een oricare dintre magazinele Puma din Chi\u0219in\u0103u sau la sediul central al firmei \u201eGHS-COM\u201d S.R.L, situat la adresa &#8211; bd. Cantemir 6. O cerere de retur se face direct in magazin.<\/li>\n<li>b) Prin transfer \u00eentr-un cont bancar. Termenul de transfer &#8211; p\u00e2n\u0103 la 14 zile calendaristice de la primirea \u0219i verificarea m\u0103rfurilor returnate. O cerere de retur trebuie efectuat\u0103 pe site.<\/li>\n<\/ol>\n<p><strong>Condi\u021bii obligatorii:<\/strong><\/p>\n<ul>\n<li>Pentru a returna un articol, trebuie s\u0103 completa\u021bi formularul de cerere care v\u0103 va fi trimis la adresa po\u0219tal\u0103 indicat\u0103.<\/li>\n<\/ul>\n<ul>\n<li>V\u0103 rug\u0103m s\u0103 re\u021bine\u021bi c\u0103 contul bancar trebuie s\u0103 fie deschis \u00een lei moldovene\u0219ti (MDL).<\/li>\n<\/ul>\n<ul>\n<li>Cererea trebuie s\u0103 fie tip\u0103rit\u0103 \u0219i semnat\u0103 personal de c\u0103tre solicitant. F\u0103r\u0103 semn\u0103tur\u0103, cererea este considerat\u0103 nevalid\u0103 \u0219i returnarea nu va fi procesat\u0103.<\/li>\n<\/ul>\n<ul>\n<li>Cererea completat\u0103 \u0219i semnat\u0103 trebuie s\u0103 fie transmis\u0103 \u00eempreun\u0103 cu bunurile returnate curierului.<\/li>\n<\/ul>\n<ol>\n<li>c) Ramburs la livrare prin posta. O cerere de retur trebuie f\u0103cut\u0103 pe site.<\/li>\n<\/ol>\n<p><strong>Refuzul \u00eenlocuirea produsului de calitate corespunz\u0103toare<\/strong><\/p>\n<p>\u00cen conformitate cu\u00a0<strong>Legea Republicii Moldova nr.105 din 13.03.2003 \u201ePrivind protec\u021bia consumatorului\u201d<\/strong>, LISTA produselor nealimentare de calitate corespunz\u0103toare ce nu pot fi \u00eenlocuite cu un produs similar<\/p>\n<ul>\n<li>Confec\u0163ii \u015fi articole din tricot (<strong>articole de lenjerie de corp, lenjerie de pat, articole de cior\u0103p\u0103rie<\/strong>).<\/li>\n<\/ul>\n<p><strong>GARAN\u021aIE<\/strong><\/p>\n<p>Termenul de garan\u021bie este de 30 de zile de la data achizi\u021bion\u0103rii produsului. Reclama\u021biile ap\u0103rute din partea consumatorilor \u00een decursul a 30 zile, pot fi satisf\u0103cute doar \u00een cazul \u00een care produsul a avutun viciu ascuns (defect de fabrica\u021bie) nu \u0219i \u00een condi\u021biile de uzur\u0103 normal\u0103.<\/p>\n<p><strong>Procedura de depunere \u0219i examinare a pl\u00e2ngerii<br \/>\n<\/strong>1. \u00cen perioada de garan\u021bie, consumatorii depun pl\u00e2ngeri cu privire la produsele neconforme ini\u021bial v\u00e2nz\u0103torului.<br \/>\n2. Concomitent cu depunerea unei reclama\u021bii, consumatorul prezint\u0103 o copie a chitan\u021bei de numerar sau a altui document care confirm\u0103 achizi\u021bia (inclusiv cardul de garan\u021bie).<\/p>\n<p><strong>CREAN\u021aE<\/strong><\/p>\n<p>Dac\u0103 m\u0103rfurile achizi\u021bionate \u00een magazinul online PROSPORT nu \u00eendeplinesc standardele noastre de calitate, Dvs.\u00a0pute\u021bi completa formularul de retur care \u00een opinia dvs. con\u021bin un defect, \u00eentr-un mod convenabil pentru dvs.\u00a0Pute\u021bi citi termenii ramburs\u0103rii de mai sus.<\/p>\n<p>Bunurile supuse c\u0103s\u0103toriei trebuie returnate magazinului online sau magazinului PROSPORT (pute\u021bi g\u0103si modalit\u0103\u021bi disponibile de returnare a bunurilor \u0219i a banilor de mai sus) pentru examinare. V\u0103 rug\u0103m s\u0103 contacta\u021bi operatorii no\u0219tri dac\u0103 ave\u021bi \u00eentreb\u0103ri la telefon + 37379041166 sau prin e-mail prosportmagazin@gmail.com. Reclama\u021biile sunt acceptate doar pentru acele produse care au fost achizi\u021bionate \u00een magazinul online PROSPORT.<\/p>\n<p>&nbsp;<\/p>","protected":false},"excerpt":{"rendered":"<p>\u00cen conformitate cu\u00a0Legea Republicii Moldova nr.105-XV din 13.03.2003 \u201ePrivind protec\u021bia consumatorului\u201d, exist\u0103 posibilitatea \u00een decurs de\u00a014 zile calendaristice, de a<\/p>\n","protected":false},"author":1,"featured_media":0,"parent":0,"menu_order":0,"comment_status":"closed","ping_status":"closed","template":"","meta":{"footnotes":""},"class_list":["post-173476","page","type-page","status-publish","hentry"],"_links":{"self":[{"href":"https:\/\/dev.prosportmagazin.md\/ro\/wp-json\/wp\/v2\/pages\/173476","targetHints":{"allow":["GET"]}}],"collection":[{"href":"https:\/\/dev.prosportmagazin.md\/ro\/wp-json\/wp\/v2\/pages"}],"about":[{"href":"https:\/\/dev.prosportmagazin.md\/ro\/wp-json\/wp\/v2\/types\/page"}],"author":[{"embeddable":true,"href":"https:\/\/dev.prosportmagazin.md\/ro\/wp-json\/wp\/v2\/users\/1"}],"replies":[{"embeddable":true,"href":"https:\/\/dev.prosportmagazin.md\/ro\/wp-json\/wp\/v2\/comments?post=173476"}],"version-history":[{"count":0,"href":"https:\/\/dev.prosportmagazin.md\/ro\/wp-json\/wp\/v2\/pages\/173476\/revisions"}],"wp:attachment":[{"href":"https:\/\/dev.prosportmagazin.md\/ro\/wp-json\/wp\/v2\/media?parent=173476"}],"curies":[{"name":"wp","href":"https:\/\/api.w.org\/{rel}","templated":true}]}}