{"id":103651,"date":"2026-03-04T00:00:00","date_gmt":"2026-03-03T22:00:00","guid":{"rendered":"https:\/\/prosport.md\/?post_type=product&#038;p=103651"},"modified":"2026-03-04T14:56:55","modified_gmt":"2026-03-04T12:56:55","slug":"nike-air-force-1-07-mocha-fb3355-200","status":"publish","type":"product","link":"https:\/\/dev.prosportmagazin.md\/ro\/product\/nike-air-force-1-07-mocha-fb3355-200\/","title":{"rendered":"Ghete Nike Air Force 1 Low &#8217;07 Mocha (FB3355-200)"},"content":{"rendered":"<p><\/p>\n<p>Nu a existat nicio siluet\u0103 care s\u0103-\u0219i s\u0103rb\u0103toreasc\u0103 aniversarea a\u0219a cum ar fi Nike Air Force 1, \u00een timp ce o mul\u021bime de propuneri remodelate \u00ee\u0219i fac drum spre rafturi \u00een fiecare s\u0103pt\u0103m\u00e2n\u0103. Cu toate acestea, pu\u021bini se simt la fel de acas\u0103 ca atunci c\u00e2nd construc\u021bia emblematic\u0103 a lui Bruce Kilgore din 1982 cap\u0103t\u0103 o estetic\u0103 cald\u0103 \u00een tonuri neutre, deoarece acesta din urm\u0103 este ascultat pentru cea mai recent\u0103 ofert\u0103 \u201eMocha\u201d a Air Force 1.<\/p>\n<p>Centrat \u00een jurul unei baze din piele mat\u0103 \u201eSail\u201d care se red\u0103 suplimentar de-a lungul limbii din plas\u0103 balistic\u0103, jum\u0103tatea din fa\u021b\u0103 a siluetei se r\u0103sf\u0103\u021b\u0103 cu un tratament contrastant negru jet care rezult\u0103 de-a lungul ap\u0103r\u0103toarei de noroi, \u0219ireturile \u0219i stratul de suprapunere. \u00cen schimb, cea de-a doua jum\u0103tate folose\u0219te nuan\u021be omonime, deoarece un maro ciocolat acoper\u0103 nubucul moale al c\u0103lc\u00e2iului, \u00een timp ce Swooshe-urile sale aspre de piele intoars\u0103 \u0219i at\u00e2t lamelele de p\u00e2nz\u0103 ale c\u0103lc\u00e2iului, c\u00e2t \u0219i ale limbii ofer\u0103 tonuri de gr\u00e2u deschise. \u00cen mijlocul sec\u021biunilor men\u021bionate mai sus, contrastele puternice se \u00eencheie cu un brand brodat negru \u00een tandem cu o benzi de rulare asortate \u00een culori \u0219i o talp\u0103 alb\u0103 clar\u0103.<\/p>\n<p><\/p>","protected":false},"excerpt":{"rendered":"<p>Nu a existat nicio siluet\u0103 care s\u0103-\u0219i s\u0103rb\u0103toreasc\u0103 aniversarea a\u0219a cum ar fi Nike Air Force 1, \u00een timp ce<\/p>\n","protected":false},"featured_media":103678,"template":"","meta":[],"product_brand":[],"product_cat":[2192,2765,2193,39],"product_tag":[],"class_list":{"0":"post-103651","1":"product","2":"type-product","3":"status-publish","4":"has-post-thumbnail","6":"product_cat-toate-incaltaminte-barbati","7":"product_cat-toata-incaltamintea-copii","8":"product_cat-toate-incaltaminte-femei","9":"product_cat-ghete","10":"pa_etichete-best-seller","12":"first","13":"instock","14":"sale","15":"featured","16":"taxable","17":"shipping-taxable","18":"purchasable","19":"product-type-variable"},"wcpa_form_fields":null,"_links":{"self":[{"href":"https:\/\/dev.prosportmagazin.md\/ro\/wp-json\/wp\/v2\/product\/103651","targetHints":{"allow":["GET"]}}],"collection":[{"href":"https:\/\/dev.prosportmagazin.md\/ro\/wp-json\/wp\/v2\/product"}],"about":[{"href":"https:\/\/dev.prosportmagazin.md\/ro\/wp-json\/wp\/v2\/types\/product"}],"wp:featuredmedia":[{"embeddable":true,"href":"https:\/\/dev.prosportmagazin.md\/ro\/wp-json\/wp\/v2\/media\/103678"}],"wp:attachment":[{"href":"https:\/\/dev.prosportmagazin.md\/ro\/wp-json\/wp\/v2\/media?parent=103651"}],"wp:term":[{"taxonomy":"product_brand","embeddable":true,"href":"https:\/\/dev.prosportmagazin.md\/ro\/wp-json\/wp\/v2\/product_brand?post=103651"},{"taxonomy":"product_cat","embeddable":true,"href":"https:\/\/dev.prosportmagazin.md\/ro\/wp-json\/wp\/v2\/product_cat?post=103651"},{"taxonomy":"product_tag","embeddable":true,"href":"https:\/\/dev.prosportmagazin.md\/ro\/wp-json\/wp\/v2\/product_tag?post=103651"}],"curies":[{"name":"wp","href":"https:\/\/api.w.org\/{rel}","templated":true}]}}