{"id":104711,"date":"2025-07-06T20:01:45","date_gmt":"2025-07-06T17:01:45","guid":{"rendered":"https:\/\/prosport.md\/?post_type=product&#038;p=104711"},"modified":"2025-10-06T16:41:19","modified_gmt":"2025-10-06T13:41:19","slug":"adidas-campus-00s-gy6433","status":"publish","type":"product","link":"https:\/\/dev.prosportmagazin.md\/ro\/product\/adidas-campus-00s-gy6433\/","title":{"rendered":"Ghete Adidas Campus 00S (GY6433)"},"content":{"rendered":"<p><\/p>\n<p>PANTOFI DE CAMPUS CARE EVOLUEAZ\u0102 MO\u0218TENIREA, F\u0102CU\u021aI PAR\u021aIAL CU CON\u021aINUT RECICLAT.<br \/>\nPantofii adidas Campus au fost o baz\u0103 de lung\u0103 durat\u0103 \u00een peisajul nostru cultural. De\u0219i \u0219i-au f\u0103cut debutul pe teren, au fost rapid adopta\u021bi aproape peste tot. Cu ace\u0219ti pantofi sport Campus 00s, mut\u0103m silueta emblematic\u0103 \u00eentr-o alt\u0103 direc\u021bie, d\u00e2nd o \u00eentors\u0103tur\u0103 str\u00e2mb\u0103 culorilor originale colegiale \u0219i juc\u00e2ndu-ne cu propor\u021bii mai mari. Au terminat cu o parte superioar\u0103 din piele intoarsa premium, \u00een tonuri decolorate, care se \u00eendreapt\u0103 pe o talp\u0103 intermediar\u0103 de culoare alb\u0103 &#8211; o leg\u0103tur\u0103 clar\u0103 cu mo\u0219tenirea Campus. Fabricat par\u021bial cu con\u021binut reciclat generat din de\u0219eurile de produc\u021bie, de exemplu resturi de t\u0103iere \u0219i de\u0219euri menajere post-consum pentru a evita impactul mai mare asupra mediului al producerii de con\u021bi<\/p>\n<p>Un design iconic din anii &#8217;80 reimaginat pentru ast\u0103zi, ace\u0219ti pantofi adidas prind form\u0103 cu o parte superioar\u0103 din piele neted\u0103, accente de piele intoarsa \u0219i o talp\u0103 exterioar\u0103 din cauciuc familiar\u0103, dar proasp\u0103t\u0103. Toate detaliile de semn\u0103tur\u0103 ale originalului au fost actualizate \u00een form\u0103 \u0219i propor\u021bie pentru ca tu s\u0103 le faci proprii. Acest clasic casual este \u00eentotdeauna gata de utilizare atunci c\u00e2nd e\u0219ti.<\/p>\n<p>nut virgin.<\/p>\n<p><\/p>","protected":false},"excerpt":{"rendered":"<p>PANTOFI DE CAMPUS CARE EVOLUEAZ\u0102 MO\u0218TENIREA, F\u0102CU\u021aI PAR\u021aIAL CU CON\u021aINUT RECICLAT. Pantofii adidas Campus au fost o baz\u0103 de lung\u0103<\/p>\n","protected":false},"featured_media":104953,"template":"","meta":[],"product_brand":[],"product_cat":[2192,2765,2193,39],"product_tag":[276],"class_list":{"0":"post-104711","1":"product","2":"type-product","3":"status-publish","4":"has-post-thumbnail","6":"product_cat-toate-incaltaminte-barbati","7":"product_cat-toata-incaltamintea-copii","8":"product_cat-toate-incaltaminte-femei","9":"product_cat-ghete","10":"product_tag-42-5","11":"pa_etichete-best-seller","13":"first","14":"instock","15":"sale","16":"purchasable","17":"product-type-variable"},"wcpa_form_fields":null,"_links":{"self":[{"href":"https:\/\/dev.prosportmagazin.md\/ro\/wp-json\/wp\/v2\/product\/104711","targetHints":{"allow":["GET"]}}],"collection":[{"href":"https:\/\/dev.prosportmagazin.md\/ro\/wp-json\/wp\/v2\/product"}],"about":[{"href":"https:\/\/dev.prosportmagazin.md\/ro\/wp-json\/wp\/v2\/types\/product"}],"wp:featuredmedia":[{"embeddable":true,"href":"https:\/\/dev.prosportmagazin.md\/ro\/wp-json\/wp\/v2\/media\/104953"}],"wp:attachment":[{"href":"https:\/\/dev.prosportmagazin.md\/ro\/wp-json\/wp\/v2\/media?parent=104711"}],"wp:term":[{"taxonomy":"product_brand","embeddable":true,"href":"https:\/\/dev.prosportmagazin.md\/ro\/wp-json\/wp\/v2\/product_brand?post=104711"},{"taxonomy":"product_cat","embeddable":true,"href":"https:\/\/dev.prosportmagazin.md\/ro\/wp-json\/wp\/v2\/product_cat?post=104711"},{"taxonomy":"product_tag","embeddable":true,"href":"https:\/\/dev.prosportmagazin.md\/ro\/wp-json\/wp\/v2\/product_tag?post=104711"}],"curies":[{"name":"wp","href":"https:\/\/api.w.org\/{rel}","templated":true}]}}