{"id":108321,"date":"2025-12-13T00:00:00","date_gmt":"2025-12-12T21:00:00","guid":{"rendered":"https:\/\/prosport.md\/?post_type=product&#038;p=108321"},"modified":"2026-01-03T10:03:18","modified_gmt":"2026-01-03T07:03:18","slug":"nike-p-6000-fd9876-101","status":"publish","type":"product","link":"https:\/\/dev.prosportmagazin.md\/ro\/product\/nike-p-6000-fd9876-101\/","title":{"rendered":"Adidasi Nike P-6000 (FD9876-101)"},"content":{"rendered":"<p><\/p>\n<p>O combina\u021bie \u00eentre modelele Pegasus din trecut, modelul Nike P-6000 duce stilul de alergare de la \u00eenceputul anilor 2000 la culmi moderne. Cu plas\u0103 respirabil\u0103, linii sportive \u0219i suprapuneri respirabile, este combina\u021bia perfect\u0103 \u00eentre aspectul atr\u0103g\u0103tor \u0219i confort. \u00cen plus, amortizarea din spum\u0103 adaug\u0103 o pozi\u021bie ridicat\u0103, inspirat\u0103 de atletism, \u0219i o amortizare incredibil\u0103.<\/p>\n<p><\/p>","protected":false},"excerpt":{"rendered":"<p>O combina\u021bie \u00eentre modelele Pegasus din trecut, modelul Nike P-6000 duce stilul de alergare de la \u00eenceputul anilor 2000 la<\/p>\n","protected":false},"featured_media":108325,"template":"","meta":[],"product_brand":[],"product_cat":[2192,2765,2193,38],"product_tag":[270],"class_list":{"0":"post-108321","1":"product","2":"type-product","3":"status-publish","4":"has-post-thumbnail","6":"product_cat-toate-incaltaminte-barbati","7":"product_cat-toata-incaltamintea-copii","8":"product_cat-toate-incaltaminte-femei","9":"product_cat-adidasi","10":"product_tag-270","11":"pa_etichete-best-seller","13":"first","14":"instock","15":"sale","16":"purchasable","17":"product-type-variable"},"wcpa_form_fields":null,"_links":{"self":[{"href":"https:\/\/dev.prosportmagazin.md\/ro\/wp-json\/wp\/v2\/product\/108321","targetHints":{"allow":["GET"]}}],"collection":[{"href":"https:\/\/dev.prosportmagazin.md\/ro\/wp-json\/wp\/v2\/product"}],"about":[{"href":"https:\/\/dev.prosportmagazin.md\/ro\/wp-json\/wp\/v2\/types\/product"}],"wp:featuredmedia":[{"embeddable":true,"href":"https:\/\/dev.prosportmagazin.md\/ro\/wp-json\/wp\/v2\/media\/108325"}],"wp:attachment":[{"href":"https:\/\/dev.prosportmagazin.md\/ro\/wp-json\/wp\/v2\/media?parent=108321"}],"wp:term":[{"taxonomy":"product_brand","embeddable":true,"href":"https:\/\/dev.prosportmagazin.md\/ro\/wp-json\/wp\/v2\/product_brand?post=108321"},{"taxonomy":"product_cat","embeddable":true,"href":"https:\/\/dev.prosportmagazin.md\/ro\/wp-json\/wp\/v2\/product_cat?post=108321"},{"taxonomy":"product_tag","embeddable":true,"href":"https:\/\/dev.prosportmagazin.md\/ro\/wp-json\/wp\/v2\/product_tag?post=108321"}],"curies":[{"name":"wp","href":"https:\/\/api.w.org\/{rel}","templated":true}]}}