{"id":111492,"date":"2024-04-10T00:00:00","date_gmt":"2024-04-09T21:00:00","guid":{"rendered":"https:\/\/prosport.md\/?post_type=product&#038;p=111492"},"modified":"2025-11-04T08:22:16","modified_gmt":"2025-11-04T05:22:16","slug":"nike-revolution-7-fb7690-400","status":"publish","type":"product","link":"https:\/\/dev.prosportmagazin.md\/ro\/product\/nike-revolution-7-fb7690-400\/","title":{"rendered":"Adidasi Nike Revolution 7 (FB7690-400)"},"content":{"rendered":"<p><br \/>\nDe la joac\u0103 pe tot parcursul zilei p\u00e2n\u0103 la purtarea oric\u00e2nd, copiii au nevoie de o pereche de adida\u0219i de \u00eencredere, preg\u0103ti\u021bi pentru orice. \u0218i pentru picioarele mici care sunt mereu \u00een mi\u0219care, am creat func\u021bii care le fac foarte u\u0219or de pus \u0219i de dezlipit. Aceast\u0103 edi\u021bie special\u0103 va stimula cu siguran\u021b\u0103 imagina\u021bia cu detalii ilustrative inspirate din orele de distrac\u021bie pe care copiii le pot avea atunci c\u00e2nd \u00ee\u0219i pun mintea la asta.<br \/>\n<\/p>","protected":false},"excerpt":{"rendered":"<p>De la joac\u0103 pe tot parcursul zilei p\u00e2n\u0103 la purtarea oric\u00e2nd, copiii au nevoie de o pereche de adida\u0219i de<\/p>\n","protected":false},"featured_media":111495,"template":"","meta":[],"product_brand":[],"product_cat":[2192,2765,2193,38],"product_tag":[468],"class_list":{"0":"post-111492","1":"product","2":"type-product","3":"status-publish","4":"has-post-thumbnail","6":"product_cat-toate-incaltaminte-barbati","7":"product_cat-toata-incaltamintea-copii","8":"product_cat-toate-incaltaminte-femei","9":"product_cat-adidasi","10":"product_tag-468","12":"first","13":"instock","14":"purchasable","15":"product-type-variable"},"wcpa_form_fields":null,"_links":{"self":[{"href":"https:\/\/dev.prosportmagazin.md\/ro\/wp-json\/wp\/v2\/product\/111492","targetHints":{"allow":["GET"]}}],"collection":[{"href":"https:\/\/dev.prosportmagazin.md\/ro\/wp-json\/wp\/v2\/product"}],"about":[{"href":"https:\/\/dev.prosportmagazin.md\/ro\/wp-json\/wp\/v2\/types\/product"}],"wp:featuredmedia":[{"embeddable":true,"href":"https:\/\/dev.prosportmagazin.md\/ro\/wp-json\/wp\/v2\/media\/111495"}],"wp:attachment":[{"href":"https:\/\/dev.prosportmagazin.md\/ro\/wp-json\/wp\/v2\/media?parent=111492"}],"wp:term":[{"taxonomy":"product_brand","embeddable":true,"href":"https:\/\/dev.prosportmagazin.md\/ro\/wp-json\/wp\/v2\/product_brand?post=111492"},{"taxonomy":"product_cat","embeddable":true,"href":"https:\/\/dev.prosportmagazin.md\/ro\/wp-json\/wp\/v2\/product_cat?post=111492"},{"taxonomy":"product_tag","embeddable":true,"href":"https:\/\/dev.prosportmagazin.md\/ro\/wp-json\/wp\/v2\/product_tag?post=111492"}],"curies":[{"name":"wp","href":"https:\/\/api.w.org\/{rel}","templated":true}]}}