{"id":113666,"date":"2025-07-30T19:52:52","date_gmt":"2025-07-30T16:52:52","guid":{"rendered":"https:\/\/prosport.md\/?post_type=product&#038;p=113666"},"modified":"2026-02-01T13:20:04","modified_gmt":"2026-02-01T10:20:04","slug":"adidas-ozweego-hp6388","status":"publish","type":"product","link":"https:\/\/dev.prosportmagazin.md\/ro\/product\/adidas-ozweego-hp6388\/","title":{"rendered":"Adidasi Adidas Ozweego (HP6388)"},"content":{"rendered":"<p><\/p>\n<p>Pantofii adidas OZWEEGO nu las\u0103 nimic de dorit. Combina\u021bia perfect\u0103 dintre o parte superioar\u0103 elegant\u0103 \u0219i o talp\u0103 intermediar\u0103 voluminoas\u0103 se potrive\u0219te nevoilor oric\u0103rei aventuri \u00een ora\u0219. Liniile distincte \u0219i forma futurist\u0103 asigur\u0103 aspectul elegant, \u00een timp ce talpa intermediar\u0103 Adiprene+ men\u021bine fiecare pas la fel de confortabil ca niciodat\u0103.<\/p>\n<p><\/p>","protected":false},"excerpt":{"rendered":"<p>Pantofii adidas OZWEEGO nu las\u0103 nimic de dorit. Combina\u021bia perfect\u0103 dintre o parte superioar\u0103 elegant\u0103 \u0219i o talp\u0103 intermediar\u0103 voluminoas\u0103<\/p>\n","protected":false},"featured_media":113669,"template":"","meta":[],"product_brand":[],"product_cat":[2192,2765,2193,38],"product_tag":[],"class_list":{"0":"post-113666","1":"product","2":"type-product","3":"status-publish","4":"has-post-thumbnail","6":"product_cat-toate-incaltaminte-barbati","7":"product_cat-toata-incaltamintea-copii","8":"product_cat-toate-incaltaminte-femei","9":"product_cat-adidasi","11":"first","12":"instock","13":"sale","14":"taxable","15":"shipping-taxable","16":"purchasable","17":"product-type-variable"},"wcpa_form_fields":null,"_links":{"self":[{"href":"https:\/\/dev.prosportmagazin.md\/ro\/wp-json\/wp\/v2\/product\/113666","targetHints":{"allow":["GET"]}}],"collection":[{"href":"https:\/\/dev.prosportmagazin.md\/ro\/wp-json\/wp\/v2\/product"}],"about":[{"href":"https:\/\/dev.prosportmagazin.md\/ro\/wp-json\/wp\/v2\/types\/product"}],"wp:featuredmedia":[{"embeddable":true,"href":"https:\/\/dev.prosportmagazin.md\/ro\/wp-json\/wp\/v2\/media\/113669"}],"wp:attachment":[{"href":"https:\/\/dev.prosportmagazin.md\/ro\/wp-json\/wp\/v2\/media?parent=113666"}],"wp:term":[{"taxonomy":"product_brand","embeddable":true,"href":"https:\/\/dev.prosportmagazin.md\/ro\/wp-json\/wp\/v2\/product_brand?post=113666"},{"taxonomy":"product_cat","embeddable":true,"href":"https:\/\/dev.prosportmagazin.md\/ro\/wp-json\/wp\/v2\/product_cat?post=113666"},{"taxonomy":"product_tag","embeddable":true,"href":"https:\/\/dev.prosportmagazin.md\/ro\/wp-json\/wp\/v2\/product_tag?post=113666"}],"curies":[{"name":"wp","href":"https:\/\/api.w.org\/{rel}","templated":true}]}}