{"id":114203,"date":"2024-01-05T12:53:00","date_gmt":"2024-01-05T09:53:00","guid":{"rendered":"https:\/\/prosport.md\/?post_type=product&#038;p=114203"},"modified":"2025-10-06T16:50:33","modified_gmt":"2025-10-06T13:50:33","slug":"puma-performance-essential-pwrfleece-jogger-52422901","status":"publish","type":"product","link":"https:\/\/dev.prosportmagazin.md\/ro\/product\/puma-performance-essential-pwrfleece-jogger-52422901\/","title":{"rendered":"Pantaloni Puma Performance Essential Pwrfleece Jogger (52422901)"},"content":{"rendered":"<p><br \/>\n<strong>Description:<\/strong><\/p>\n<p style=\"text-align: left\">\u021aes\u0103turile elimin\u0103 umezeala de pe piele pentru a v\u0103 ajuta s\u0103 r\u0103m\u00e2ne\u021bi uscat \u0219i confortabil; T\u0103ia\u021bi EVOSTRIPE cu articula\u021bie pentru o mai bun\u0103 flexibilitate \u0219i libertate de mi\u0219care; Transfer de c\u0103ldur\u0103 cu logo reflectorizant Cat; Inchidere cu fermoar cu barbie; M\u00e2neci raglan pentru o mai mare libertate de mi\u0219care; M\u00e2neci articulate pentru o mai mare flexibilitate \u0219i libertate de mi\u0219care;<\/p>\n<p><\/p>","protected":false},"excerpt":{"rendered":"<p>Description: \u021aes\u0103turile elimin\u0103 umezeala de pe piele pentru a v\u0103 ajuta s\u0103 r\u0103m\u00e2ne\u021bi uscat \u0219i confortabil; T\u0103ia\u021bi EVOSTRIPE cu articula\u021bie<\/p>\n","protected":false},"featured_media":114211,"template":"","meta":[],"product_brand":[],"product_cat":[2194,438],"product_tag":[353],"class_list":{"0":"post-114203","1":"product","2":"type-product","3":"status-publish","4":"has-post-thumbnail","6":"product_cat-toate-hainele-barbati","7":"product_cat-pantaloni-barbati","8":"product_tag-l","10":"first","11":"instock","12":"sale","13":"featured","14":"purchasable","15":"product-type-variable"},"wcpa_form_fields":null,"_links":{"self":[{"href":"https:\/\/dev.prosportmagazin.md\/ro\/wp-json\/wp\/v2\/product\/114203","targetHints":{"allow":["GET"]}}],"collection":[{"href":"https:\/\/dev.prosportmagazin.md\/ro\/wp-json\/wp\/v2\/product"}],"about":[{"href":"https:\/\/dev.prosportmagazin.md\/ro\/wp-json\/wp\/v2\/types\/product"}],"wp:featuredmedia":[{"embeddable":true,"href":"https:\/\/dev.prosportmagazin.md\/ro\/wp-json\/wp\/v2\/media\/114211"}],"wp:attachment":[{"href":"https:\/\/dev.prosportmagazin.md\/ro\/wp-json\/wp\/v2\/media?parent=114203"}],"wp:term":[{"taxonomy":"product_brand","embeddable":true,"href":"https:\/\/dev.prosportmagazin.md\/ro\/wp-json\/wp\/v2\/product_brand?post=114203"},{"taxonomy":"product_cat","embeddable":true,"href":"https:\/\/dev.prosportmagazin.md\/ro\/wp-json\/wp\/v2\/product_cat?post=114203"},{"taxonomy":"product_tag","embeddable":true,"href":"https:\/\/dev.prosportmagazin.md\/ro\/wp-json\/wp\/v2\/product_tag?post=114203"}],"curies":[{"name":"wp","href":"https:\/\/api.w.org\/{rel}","templated":true}]}}