{"id":123660,"date":"2025-12-30T00:00:00","date_gmt":"2025-12-29T21:00:00","guid":{"rendered":"https:\/\/prosport.md\/?post_type=product&#038;p=123660"},"modified":"2026-01-07T12:22:46","modified_gmt":"2026-01-07T09:22:46","slug":"puma-squad-polo-67948201","status":"publish","type":"product","link":"https:\/\/dev.prosportmagazin.md\/ro\/product\/puma-squad-polo-67948201\/","title":{"rendered":"Tricou Polo Puma Squad Polo (67948201)"},"content":{"rendered":"<p><\/p>\n<p>Intr\u0103 \u00een joc cu stil \u0219i \u00eendr\u0103zneal\u0103 cu tricoul Puma Squad Polo pentru b\u0103rba\u021bi! Mai mult dec\u00e2t un simplu tricou, este o surs\u0103 de inspira\u021bie pentru oricine dore\u0219te s\u0103 combine stilul stradal cu performan\u021ba impecabil\u0103. Oriunde te antrenezi sau te plimbi pe str\u0103zile ora\u0219ului, acest tricou va fi companionul t\u0103u fidel.<\/p>\n<p>Uit\u0103 de disconfort &#8211; tricoul nostru este confec\u021bionat dintr-un material u\u0219or \u0219i respirabil din bumbac, care nu numai c\u0103 se potrive\u0219te perfect corpului t\u0103u, dar ofer\u0103 \u0219i libertatea de mi\u0219care de care ai nevoie pentru a maximiza rezultatele antrenamentului. Chiar \u0219i \u00een cele mai intense momente, te va men\u021bine r\u0103coros \u0219i concentrat asupra obiectivului t\u0103u.<\/p>\n<p>Dar asta nu e tot. Nu numai c\u0103 te vei sim\u021bi confortabil cu tricoul nostru, dar vei ar\u0103ta \u0219i de neegalat ca stil. Cu un imprimeu cauciucat \u00eendr\u0103zne\u021b \u0219i detalii contrastante pe m\u00e2neci \u0219i guler, aspectul t\u0103u va atrage priviri admirative, iar stilul t\u0103u va fi o adev\u0103rat\u0103 oper\u0103 de art\u0103.<\/p>\n<p>Polo-ul nostru Puma Squad este confec\u021bionat din jerseu monocrom de calitate de 160 g\/m\u00b2, cu lungime normal\u0103 \u0219i croial\u0103 standard, inclusiv guler \u0219i man\u0219ete cu nasturi. Nu este doar un tricou, este declara\u021bia ta, extensia stilului t\u0103u de via\u021b\u0103 activ, a pasiunii tale pentru sport \u0219i mod\u0103.<\/p>\n<p>Du-\u021bi stilul la nivelul urm\u0103tor cu polo-ul Puma Squad &#8211; nu este doar un tricou, este expresia ta de for\u021b\u0103, energie \u0219i stil.<\/p>\n<p>Caracteristici:<\/p>\n<p>Materiale:<\/p>\n<p>Material\u0103 principal\u0103: 100% bumbac<br \/>\nMaterial\u0103 raliat\u0103: 96% bumbac, 4% elastan<\/p>\n<p><\/p>","protected":false},"excerpt":{"rendered":"<p>Intr\u0103 \u00een joc cu stil \u0219i \u00eendr\u0103zneal\u0103 cu tricoul Puma Squad Polo pentru b\u0103rba\u021bi! Mai mult dec\u00e2t un simplu tricou,<\/p>\n","protected":false},"featured_media":123670,"template":"","meta":[],"product_brand":[],"product_cat":[2194,434],"product_tag":[322],"class_list":{"0":"post-123660","1":"product","2":"type-product","3":"status-publish","4":"has-post-thumbnail","6":"product_cat-toate-hainele-barbati","7":"product_cat-polo-barbati","8":"product_tag-xl","10":"first","11":"instock","12":"sale","13":"purchasable","14":"product-type-variable"},"wcpa_form_fields":null,"_links":{"self":[{"href":"https:\/\/dev.prosportmagazin.md\/ro\/wp-json\/wp\/v2\/product\/123660","targetHints":{"allow":["GET"]}}],"collection":[{"href":"https:\/\/dev.prosportmagazin.md\/ro\/wp-json\/wp\/v2\/product"}],"about":[{"href":"https:\/\/dev.prosportmagazin.md\/ro\/wp-json\/wp\/v2\/types\/product"}],"wp:featuredmedia":[{"embeddable":true,"href":"https:\/\/dev.prosportmagazin.md\/ro\/wp-json\/wp\/v2\/media\/123670"}],"wp:attachment":[{"href":"https:\/\/dev.prosportmagazin.md\/ro\/wp-json\/wp\/v2\/media?parent=123660"}],"wp:term":[{"taxonomy":"product_brand","embeddable":true,"href":"https:\/\/dev.prosportmagazin.md\/ro\/wp-json\/wp\/v2\/product_brand?post=123660"},{"taxonomy":"product_cat","embeddable":true,"href":"https:\/\/dev.prosportmagazin.md\/ro\/wp-json\/wp\/v2\/product_cat?post=123660"},{"taxonomy":"product_tag","embeddable":true,"href":"https:\/\/dev.prosportmagazin.md\/ro\/wp-json\/wp\/v2\/product_tag?post=123660"}],"curies":[{"name":"wp","href":"https:\/\/api.w.org\/{rel}","templated":true}]}}