{"id":124307,"date":"2025-12-07T00:00:00","date_gmt":"2025-12-06T21:00:00","guid":{"rendered":"https:\/\/prosport.md\/?post_type=product&#038;p=124307"},"modified":"2025-12-07T16:38:44","modified_gmt":"2025-12-07T13:38:44","slug":"nike-phantom-gx-pro-fg-dd9463-600","status":"publish","type":"product","link":"https:\/\/dev.prosportmagazin.md\/ro\/product\/nike-phantom-gx-pro-fg-dd9463-600\/","title":{"rendered":"Bute Nike Phantom GX Pro FG (DD9463-600)"},"content":{"rendered":"<p><\/p>\n<p>Vrei \u00een serios jocul t\u0103u? Clemele de profesionist sunt pentru trec\u0103torul precis care poate \u00eenv\u00e2rti mingea \u00een jurul ap\u0103r\u0103rii \u0219i pentru driblingul yo-yo inventiv, dar evaziv, care are mingea pe o sfoar\u0103. Jocul t\u0103u se bazeaz\u0103 pe precizie, f\u0103c\u00e2nd jocurile care conteaz\u0103 cel mai mult. Du-\u021bi abilit\u0103\u021bile la nivelul urm\u0103tor cu unele dintre cele mai mari inova\u021bii Nike, cum ar fi o zon\u0103 de atingere extins\u0103 \u00een sus. Acesta completeaz\u0103 un design care se mi\u0219c\u0103 odat\u0103 cu fluxul t\u0103u natural de pe teren, astfel \u00eenc\u00e2t s\u0103 po\u021bi comanda jocul din orice pozi\u021bie. Aceast\u0103 versiune are un guler Dynamic Fit, care v\u0103 \u00eenf\u0103\u0219oar\u0103 glezna \u00eentr-o \u021bes\u0103tur\u0103 moale \u0219i elastic\u0103 pentru o senza\u021bie de siguran\u021b\u0103.\ufeff<\/p>\n<p><\/p>","protected":false},"excerpt":{"rendered":"<p>NIVEL PRO<\/p>\n","protected":false},"featured_media":124310,"template":"","meta":[],"product_brand":[],"product_cat":[2192,2765,1301],"product_tag":[381],"class_list":{"0":"post-124307","1":"product","2":"type-product","3":"status-publish","4":"has-post-thumbnail","6":"product_cat-toate-incaltaminte-barbati","7":"product_cat-toata-incaltamintea-copii","8":"product_cat-bute","9":"product_tag-381","10":"pa_etichete-best-seller","11":"pa_suprafata-fg-firm-ground","13":"first","14":"instock","15":"sale","16":"featured","17":"purchasable","18":"product-type-variable"},"wcpa_form_fields":null,"_links":{"self":[{"href":"https:\/\/dev.prosportmagazin.md\/ro\/wp-json\/wp\/v2\/product\/124307","targetHints":{"allow":["GET"]}}],"collection":[{"href":"https:\/\/dev.prosportmagazin.md\/ro\/wp-json\/wp\/v2\/product"}],"about":[{"href":"https:\/\/dev.prosportmagazin.md\/ro\/wp-json\/wp\/v2\/types\/product"}],"wp:featuredmedia":[{"embeddable":true,"href":"https:\/\/dev.prosportmagazin.md\/ro\/wp-json\/wp\/v2\/media\/124310"}],"wp:attachment":[{"href":"https:\/\/dev.prosportmagazin.md\/ro\/wp-json\/wp\/v2\/media?parent=124307"}],"wp:term":[{"taxonomy":"product_brand","embeddable":true,"href":"https:\/\/dev.prosportmagazin.md\/ro\/wp-json\/wp\/v2\/product_brand?post=124307"},{"taxonomy":"product_cat","embeddable":true,"href":"https:\/\/dev.prosportmagazin.md\/ro\/wp-json\/wp\/v2\/product_cat?post=124307"},{"taxonomy":"product_tag","embeddable":true,"href":"https:\/\/dev.prosportmagazin.md\/ro\/wp-json\/wp\/v2\/product_tag?post=124307"}],"curies":[{"name":"wp","href":"https:\/\/api.w.org\/{rel}","templated":true}]}}