{"id":127737,"date":"2025-02-03T00:00:00","date_gmt":"2025-02-02T21:00:00","guid":{"rendered":"https:\/\/prosport.md\/?post_type=product&#038;p=127737"},"modified":"2026-03-04T10:26:08","modified_gmt":"2026-03-04T08:26:08","slug":"adidas-premium-brush-ew8704","status":"publish","type":"product","link":"https:\/\/dev.prosportmagazin.md\/ro\/product\/adidas-premium-brush-ew8704\/","title":{"rendered":"Perie Adidas Premium Brush (EW8704)"},"content":{"rendered":"<p><br \/>\nO perie special\u0103 pentru cur\u0103\u021barea pantofilor.<br \/>\nP\u0103streaz\u0103 acel aspect ca nou de adida\u0219i. Aceast\u0103 perie premium v\u0103 permite s\u0103 freca\u021bi \u0219i s\u0103 cur\u0103\u021ba\u021bi \u00een siguran\u021b\u0103 pantofii adidas cu materiale delicate, inclusiv piele de c\u0103prioar\u0103, nubuc, plas\u0103, adidas Primeknit \u0219i p\u00e2nz\u0103. De la partea superioar\u0103 p\u00e2n\u0103 la talpa intermediar\u0103 \u0219i talpa exterioar\u0103, peria \u00eendep\u0103rteaz\u0103 \u00een siguran\u021b\u0103 murd\u0103ria \u0219i murd\u0103ria pentru a p\u0103stra pantofii t\u0103i ascu\u021bi\u021bi.<br \/>\nDetalii<br \/>\nPerie adidas Originals<br \/>\n18.000 de fire de peri<br \/>\nM\u00e2ner din lemn FSC 100% sustenabil<\/p>\n<p><\/p>","protected":false},"excerpt":{"rendered":"<p>O perie special\u0103 pentru cur\u0103\u021barea pantofilor. P\u0103streaz\u0103 acel aspect ca nou de adida\u0219i. Aceast\u0103 perie premium v\u0103 permite s\u0103 freca\u021bi<\/p>\n","protected":false},"featured_media":127744,"template":"","meta":[],"product_brand":[],"product_cat":[654],"product_tag":[],"class_list":{"0":"post-127737","1":"product","2":"type-product","3":"status-publish","4":"has-post-thumbnail","6":"product_cat-ingrijirea-incaltamintei","7":"pa_etichete-best-seller","9":"first","10":"instock","11":"featured","12":"purchasable","13":"product-type-variable"},"wcpa_form_fields":null,"_links":{"self":[{"href":"https:\/\/dev.prosportmagazin.md\/ro\/wp-json\/wp\/v2\/product\/127737","targetHints":{"allow":["GET"]}}],"collection":[{"href":"https:\/\/dev.prosportmagazin.md\/ro\/wp-json\/wp\/v2\/product"}],"about":[{"href":"https:\/\/dev.prosportmagazin.md\/ro\/wp-json\/wp\/v2\/types\/product"}],"wp:featuredmedia":[{"embeddable":true,"href":"https:\/\/dev.prosportmagazin.md\/ro\/wp-json\/wp\/v2\/media\/127744"}],"wp:attachment":[{"href":"https:\/\/dev.prosportmagazin.md\/ro\/wp-json\/wp\/v2\/media?parent=127737"}],"wp:term":[{"taxonomy":"product_brand","embeddable":true,"href":"https:\/\/dev.prosportmagazin.md\/ro\/wp-json\/wp\/v2\/product_brand?post=127737"},{"taxonomy":"product_cat","embeddable":true,"href":"https:\/\/dev.prosportmagazin.md\/ro\/wp-json\/wp\/v2\/product_cat?post=127737"},{"taxonomy":"product_tag","embeddable":true,"href":"https:\/\/dev.prosportmagazin.md\/ro\/wp-json\/wp\/v2\/product_tag?post=127737"}],"curies":[{"name":"wp","href":"https:\/\/api.w.org\/{rel}","templated":true}]}}