{"id":132833,"date":"2025-12-17T00:00:00","date_gmt":"2025-12-16T21:00:00","guid":{"rendered":"https:\/\/prosport.md\/?post_type=product&#038;p=132833"},"modified":"2026-01-21T11:26:20","modified_gmt":"2026-01-21T08:26:20","slug":"everyday-refreshing-foot-spray-46376","status":"publish","type":"product","link":"https:\/\/dev.prosportmagazin.md\/ro\/product\/everyday-refreshing-foot-spray-46376\/","title":{"rendered":"Deodorant pentru Picioare Oriflame Everyday \/ Refreshing Foot Spray (OR46376)"},"content":{"rendered":"<p><\/p>\n<p>R\u0103core\u0219te instantaneu picioarele obosite cu acest spray r\u0103coritor \u0219i dezodorizant, \u00eembog\u0103\u021bit cu uleiuri naturale.<br \/>Deodorizeaz\u0103 pentru a l\u0103sa picioarele f\u0103r\u0103 mirosuri \u0219i revigorate \u25ca<br \/>Protec\u021bie \u00eempotriva mirosurilor 24h \u0394<br \/>Ajut\u0103 la neutralizarea mirosurilor cu un parfum r\u0103coritor \u25ca<br \/>Insufl\u0103 o nou\u0103 via\u021b\u0103 picioarelor obosite ori de c\u00e2te ori ai nevoie cu acest spray r\u0103coritor instantaneu. \u00cembog\u0103\u021bit cu uleiuri naturale de eucalipt \u0219i ment\u0103, \u00ee\u021bi las\u0103 picioarele f\u0103r\u0103 mirosuri \u0219i perfect revigorate timp de 24 de ore. Testat dermatologic \u0219i f\u0103r\u0103 parabeni.<\/p>\n<p>\u0394 Dovedit clinic<\/p>\n<p>\u25ca Pe baz\u0103 de ingrediente<\/p>\n<p>Metoda de folosire :<\/p>\n<p>Pulverizeaz\u0103 pe picioarele curate \u0219i uscate, \u021bin\u00e2nd recipientul la 15 cm distan\u021b\u0103 de piele. Potrivit \u0219i pentru utilizare \u00een interiorul \u00eenc\u0103l\u021b\u0103mintei. Excelent pentru a men\u021bine picioarele \u0219i \u00eenc\u0103l\u021b\u0103mintea proaspete dup\u0103 sport!<\/p>\n<p>Ingrediente :<\/p>\n<p>EUCALIPT<\/p>\n<p>Uleiul de eucalipt, derivat din frunzele plantei, este cunoscut pentru propriet\u0103\u021bile sale dezodorizante, precum \u0219i pentru faptul c\u0103 este r\u0103coritor \u0219i calmant pentru piele. Renumitul s\u0103u beneficiu antiseptic puternic \u0219i parfumul r\u0103coritor ajut\u0103 la men\u021binerea picioarelor curate \u0219i proaspete pentru mai mult timp.<\/p>\n<p>MENT\u0102<\/p>\n<p>Frunzele de ment\u0103 con\u021bin acid rozmarinic \u0219i acid cafeic, care au efecte purificatoare \u0219i de cur\u0103\u021bare. Ajut\u0103 la o senza\u021bie de r\u0103corire de lung\u0103 durat\u0103 atunci c\u00e2nd este aplicat\u0103 pe piele \u0219i are, de asemenea, un parfum r\u0103coritor caracteristic.<\/p>\n<p><\/p>","protected":false},"excerpt":{"rendered":"<p>R\u0103core\u0219te instantaneu picioarele obosite cu acest spray r\u0103coritor \u0219i dezodorizant, \u00eembog\u0103\u021bit cu uleiuri naturale.Deodorizeaz\u0103 pentru a l\u0103sa picioarele f\u0103r\u0103 mirosuri<\/p>\n","protected":false},"featured_media":281804,"template":"","meta":[],"product_brand":[],"product_cat":[654],"product_tag":[308],"class_list":{"0":"post-132833","1":"product","2":"type-product","3":"status-publish","4":"has-post-thumbnail","6":"product_cat-ingrijirea-incaltamintei","7":"product_tag-xs","8":"pa_etichete-new-collection","10":"first","11":"instock","12":"purchasable","13":"product-type-variable"},"wcpa_form_fields":null,"_links":{"self":[{"href":"https:\/\/dev.prosportmagazin.md\/ro\/wp-json\/wp\/v2\/product\/132833","targetHints":{"allow":["GET"]}}],"collection":[{"href":"https:\/\/dev.prosportmagazin.md\/ro\/wp-json\/wp\/v2\/product"}],"about":[{"href":"https:\/\/dev.prosportmagazin.md\/ro\/wp-json\/wp\/v2\/types\/product"}],"wp:featuredmedia":[{"embeddable":true,"href":"https:\/\/dev.prosportmagazin.md\/ro\/wp-json\/wp\/v2\/media\/281804"}],"wp:attachment":[{"href":"https:\/\/dev.prosportmagazin.md\/ro\/wp-json\/wp\/v2\/media?parent=132833"}],"wp:term":[{"taxonomy":"product_brand","embeddable":true,"href":"https:\/\/dev.prosportmagazin.md\/ro\/wp-json\/wp\/v2\/product_brand?post=132833"},{"taxonomy":"product_cat","embeddable":true,"href":"https:\/\/dev.prosportmagazin.md\/ro\/wp-json\/wp\/v2\/product_cat?post=132833"},{"taxonomy":"product_tag","embeddable":true,"href":"https:\/\/dev.prosportmagazin.md\/ro\/wp-json\/wp\/v2\/product_tag?post=132833"}],"curies":[{"name":"wp","href":"https:\/\/api.w.org\/{rel}","templated":true}]}}