{"id":138800,"date":"2026-01-25T00:00:00","date_gmt":"2026-01-24T21:00:00","guid":{"rendered":"https:\/\/prosport.md\/?post_type=product&#038;p=138800"},"modified":"2026-01-25T19:03:09","modified_gmt":"2026-01-25T16:03:09","slug":"nike-sportswear-m65-woven-jacket-cz8972-010","status":"publish","type":"product","link":"https:\/\/dev.prosportmagazin.md\/ro\/product\/nike-sportswear-m65-woven-jacket-cz8972-010\/","title":{"rendered":"Scurta Nike Sportswear M65 Woven (CZ8972-010)"},"content":{"rendered":"<p><br \/>\nInspirat\u0103 de utilitatea jachetei emblematice M65, jacheta Nike Sportswear Woven are 4 buzunare cu clap\u0103 \u0219i un design fals al g\u00e2tului, cu o \u00eenchidere cu clap\u0103 de furtun\u0103. \u021aes\u0103tura sa rezistent\u0103 la intemperii, \u021besut cu cel pu\u021bin 75% fibre reciclate, o face o pies\u0103 ideal\u0103 pentru stratificare pe vreme rece \u0219i umed\u0103. Acest produs este realizat din fibre de poliester 100% reciclate.<br \/>\n<\/p>","protected":false},"excerpt":{"rendered":"<p>Inspirat\u0103 de utilitatea jachetei emblematice M65, jacheta Nike Sportswear Woven are 4 buzunare cu clap\u0103 \u0219i un design fals al<\/p>\n","protected":false},"featured_media":138810,"template":"","meta":[],"product_brand":[],"product_cat":[3086,2163,2195,413,1981,519],"product_tag":[353],"class_list":{"0":"post-138800","1":"product","2":"type-product","3":"status-publish","4":"has-post-thumbnail","6":"product_cat-big-sale-40","7":"product_cat-camasi-femei","8":"product_cat-toate-hainele-femei","9":"product_cat-hanorace-femei","10":"product_cat-jachete-vint-ploaie-femei","11":"product_cat-scurte-femei","12":"product_tag-l","13":"pa_etichete-best-seller","15":"first","16":"instock","17":"sale","18":"featured","19":"purchasable","20":"product-type-variable"},"wcpa_form_fields":null,"_links":{"self":[{"href":"https:\/\/dev.prosportmagazin.md\/ro\/wp-json\/wp\/v2\/product\/138800","targetHints":{"allow":["GET"]}}],"collection":[{"href":"https:\/\/dev.prosportmagazin.md\/ro\/wp-json\/wp\/v2\/product"}],"about":[{"href":"https:\/\/dev.prosportmagazin.md\/ro\/wp-json\/wp\/v2\/types\/product"}],"wp:featuredmedia":[{"embeddable":true,"href":"https:\/\/dev.prosportmagazin.md\/ro\/wp-json\/wp\/v2\/media\/138810"}],"wp:attachment":[{"href":"https:\/\/dev.prosportmagazin.md\/ro\/wp-json\/wp\/v2\/media?parent=138800"}],"wp:term":[{"taxonomy":"product_brand","embeddable":true,"href":"https:\/\/dev.prosportmagazin.md\/ro\/wp-json\/wp\/v2\/product_brand?post=138800"},{"taxonomy":"product_cat","embeddable":true,"href":"https:\/\/dev.prosportmagazin.md\/ro\/wp-json\/wp\/v2\/product_cat?post=138800"},{"taxonomy":"product_tag","embeddable":true,"href":"https:\/\/dev.prosportmagazin.md\/ro\/wp-json\/wp\/v2\/product_tag?post=138800"}],"curies":[{"name":"wp","href":"https:\/\/api.w.org\/{rel}","templated":true}]}}