{"id":139132,"date":"2024-06-05T00:00:00","date_gmt":"2024-06-04T21:00:00","guid":{"rendered":"https:\/\/prosport.md\/?post_type=product&#038;p=139132"},"modified":"2025-10-06T17:14:56","modified_gmt":"2025-10-06T14:14:56","slug":"nike-star-runner-3-da2778-002","status":"publish","type":"product","link":"https:\/\/dev.prosportmagazin.md\/ro\/product\/nike-star-runner-3-da2778-002\/","title":{"rendered":"Adidasi Nike Star Runner 3 (DA2778-002)"},"content":{"rendered":"<p><br \/>\nNike Star Runner 3 trage spre cer cu lovituri gata de joc pentru fiecare alergare \u0219i s\u0103ritur\u0103. Am ad\u0103ugat o curea pentru o decolare u\u0219oar\u0103, plus spum\u0103 super moale \u0219i mult\u0103 flexibilitate pentru a spori confortul. Proiectate \u021bin\u00e2nd cont de P\u0103m\u00e2nt, sunt fabricate din cel pu\u021bin 20% con\u021binut reciclat.<br \/>\n<\/p>","protected":false},"excerpt":{"rendered":"<p>Nike Star Runner 3 trage spre cer cu lovituri gata de joc pentru fiecare alergare \u0219i s\u0103ritur\u0103. Am ad\u0103ugat o<\/p>\n","protected":false},"featured_media":139062,"template":"","meta":[],"product_brand":[],"product_cat":[2192,2765,2193,38],"product_tag":[],"class_list":{"0":"post-139132","1":"product","2":"type-product","3":"status-publish","4":"has-post-thumbnail","6":"product_cat-toate-incaltaminte-barbati","7":"product_cat-toata-incaltamintea-copii","8":"product_cat-toate-incaltaminte-femei","9":"product_cat-adidasi","11":"first","12":"instock","13":"sale","14":"taxable","15":"shipping-taxable","16":"purchasable","17":"product-type-variable"},"wcpa_form_fields":null,"_links":{"self":[{"href":"https:\/\/dev.prosportmagazin.md\/ro\/wp-json\/wp\/v2\/product\/139132","targetHints":{"allow":["GET"]}}],"collection":[{"href":"https:\/\/dev.prosportmagazin.md\/ro\/wp-json\/wp\/v2\/product"}],"about":[{"href":"https:\/\/dev.prosportmagazin.md\/ro\/wp-json\/wp\/v2\/types\/product"}],"wp:featuredmedia":[{"embeddable":true,"href":"https:\/\/dev.prosportmagazin.md\/ro\/wp-json\/wp\/v2\/media\/139062"}],"wp:attachment":[{"href":"https:\/\/dev.prosportmagazin.md\/ro\/wp-json\/wp\/v2\/media?parent=139132"}],"wp:term":[{"taxonomy":"product_brand","embeddable":true,"href":"https:\/\/dev.prosportmagazin.md\/ro\/wp-json\/wp\/v2\/product_brand?post=139132"},{"taxonomy":"product_cat","embeddable":true,"href":"https:\/\/dev.prosportmagazin.md\/ro\/wp-json\/wp\/v2\/product_cat?post=139132"},{"taxonomy":"product_tag","embeddable":true,"href":"https:\/\/dev.prosportmagazin.md\/ro\/wp-json\/wp\/v2\/product_tag?post=139132"}],"curies":[{"name":"wp","href":"https:\/\/api.w.org\/{rel}","templated":true}]}}