{"id":141556,"date":"2025-06-11T00:00:00","date_gmt":"2025-06-10T21:00:00","guid":{"rendered":"https:\/\/prosport.md\/?post_type=product&#038;p=141556"},"modified":"2026-02-01T13:40:32","modified_gmt":"2026-02-01T10:40:32","slug":"nike-victori-one-cn9675-002","status":"publish","type":"product","link":"https:\/\/dev.prosportmagazin.md\/ro\/product\/nike-victori-one-cn9675-002\/","title":{"rendered":"Slapi Nike Victori One Slide (CN9675-002)"},"content":{"rendered":"<p><br \/>\nSEC\u021aIUNEA PRINCIPAL\u0102 DE PRODUSE<br \/>\nBlocul cu produsul este publicat pe pagina cu sectiunea Slapi.<br \/>\nSet\u0103rile de design pentru vizualizarea detaliat\u0103 a produsului sunt preluate din set\u0103rile blocului de pe aceast\u0103 pagin\u0103. Pentru a modifica sec\u021biunea principal\u0103 a unui produs \u0219i a aplica set\u0103ri de blocare acestui produs, muta\u021bi o alt\u0103 sec\u021biune mai sus \u00een lista de sec\u021biuni.<br \/>\nMARCA\u021aI PE CARD (EX: V\u00c2NZARE, NOU, -30%)<br \/>\n<\/p>","protected":false},"excerpt":{"rendered":"<p>SEC\u021aIUNEA PRINCIPAL\u0102 DE PRODUSE Blocul cu produsul este publicat pe pagina cu sectiunea Slapi. Set\u0103rile de design pentru vizualizarea detaliat\u0103<\/p>\n","protected":false},"featured_media":141598,"template":"","meta":[],"product_brand":[],"product_cat":[2192,2765,2193,202],"product_tag":[],"class_list":{"0":"post-141556","1":"product","2":"type-product","3":"status-publish","4":"has-post-thumbnail","6":"product_cat-toate-incaltaminte-barbati","7":"product_cat-toata-incaltamintea-copii","8":"product_cat-toate-incaltaminte-femei","9":"product_cat-slapi","10":"pa_etichete-new-collection","12":"first","13":"instock","14":"taxable","15":"shipping-taxable","16":"purchasable","17":"product-type-variable"},"wcpa_form_fields":null,"_links":{"self":[{"href":"https:\/\/dev.prosportmagazin.md\/ro\/wp-json\/wp\/v2\/product\/141556","targetHints":{"allow":["GET"]}}],"collection":[{"href":"https:\/\/dev.prosportmagazin.md\/ro\/wp-json\/wp\/v2\/product"}],"about":[{"href":"https:\/\/dev.prosportmagazin.md\/ro\/wp-json\/wp\/v2\/types\/product"}],"wp:featuredmedia":[{"embeddable":true,"href":"https:\/\/dev.prosportmagazin.md\/ro\/wp-json\/wp\/v2\/media\/141598"}],"wp:attachment":[{"href":"https:\/\/dev.prosportmagazin.md\/ro\/wp-json\/wp\/v2\/media?parent=141556"}],"wp:term":[{"taxonomy":"product_brand","embeddable":true,"href":"https:\/\/dev.prosportmagazin.md\/ro\/wp-json\/wp\/v2\/product_brand?post=141556"},{"taxonomy":"product_cat","embeddable":true,"href":"https:\/\/dev.prosportmagazin.md\/ro\/wp-json\/wp\/v2\/product_cat?post=141556"},{"taxonomy":"product_tag","embeddable":true,"href":"https:\/\/dev.prosportmagazin.md\/ro\/wp-json\/wp\/v2\/product_tag?post=141556"}],"curies":[{"name":"wp","href":"https:\/\/api.w.org\/{rel}","templated":true}]}}