{"id":152830,"date":"2024-07-06T12:29:54","date_gmt":"2024-07-06T10:29:54","guid":{"rendered":"https:\/\/prosport.md\/?post_type=product&#038;p=152830"},"modified":"2026-03-02T10:35:01","modified_gmt":"2026-03-02T08:35:01","slug":"sorti-adidas-ad45652","status":"publish","type":"product","link":"https:\/\/dev.prosportmagazin.md\/ro\/product\/sorti-adidas-ad45652\/","title":{"rendered":"Pantaloni Scurti Adidas (AD45652)"},"content":{"rendered":"<p><\/p>\n<p>Fiecare etap\u0103 a procesului de produc\u021bie a acestor pantaloni scur\u021bi adidas poate fi urm\u0103rit\u0103.<\/p>\n<p>Transparen\u021ba este esen\u021bial\u0103, iar ace\u0219tia v\u0103 asigur\u0103 c\u0103 \u0219ti\u021bi totul, de la provenien\u021ba firului p\u00e2n\u0103 la modul \u00een care a fost creat.<\/p>\n<p>Scana\u021bi codul QR \u0219i afla\u021bi.<\/p>\n<p>De asemenea, v\u0103 asigur\u0103 c\u0103 v\u0103 sim\u021bi\u021bi bine, av\u00e2nd o croial\u0103 confortabil\u0103 \u0219i elastic\u0103 care v\u0103 flateaz\u0103 silueta. Pantaloni scur\u021bi str\u00e2m\u021bi \u0219i elastici cu 3 dungi, confec\u021biona\u021bi par\u021bial cu plastic Parley Ocean.<\/p>\n<p>Caracteristici:<br \/>\nCroial\u0103 slim.<br \/>\n\u0218nur de fixare \u00een talie.<br \/>\n79% poliester reciclat, 21% elastan interlock.<\/p>\n<p><\/p>","protected":false},"excerpt":{"rendered":"<p>Fiecare etap\u0103 a procesului de produc\u021bie a acestor pantaloni scur\u021bi adidas poate fi urm\u0103rit\u0103. Transparen\u021ba este esen\u021bial\u0103, iar ace\u0219tia v\u0103<\/p>\n","protected":false},"featured_media":320124,"template":"","meta":[],"product_brand":[],"product_cat":[3086,2195,142,417],"product_tag":[327],"class_list":{"0":"post-152830","1":"product","2":"type-product","3":"status-publish","4":"has-post-thumbnail","6":"product_cat-big-sale-40","7":"product_cat-toate-hainele-femei","8":"product_cat-last-size-last-price","9":"product_cat-sorti-femei","10":"product_tag-m","11":"pa_etichete-best-seller","13":"first","14":"instock","15":"sale","16":"purchasable","17":"product-type-variable"},"wcpa_form_fields":null,"_links":{"self":[{"href":"https:\/\/dev.prosportmagazin.md\/ro\/wp-json\/wp\/v2\/product\/152830","targetHints":{"allow":["GET"]}}],"collection":[{"href":"https:\/\/dev.prosportmagazin.md\/ro\/wp-json\/wp\/v2\/product"}],"about":[{"href":"https:\/\/dev.prosportmagazin.md\/ro\/wp-json\/wp\/v2\/types\/product"}],"wp:featuredmedia":[{"embeddable":true,"href":"https:\/\/dev.prosportmagazin.md\/ro\/wp-json\/wp\/v2\/media\/320124"}],"wp:attachment":[{"href":"https:\/\/dev.prosportmagazin.md\/ro\/wp-json\/wp\/v2\/media?parent=152830"}],"wp:term":[{"taxonomy":"product_brand","embeddable":true,"href":"https:\/\/dev.prosportmagazin.md\/ro\/wp-json\/wp\/v2\/product_brand?post=152830"},{"taxonomy":"product_cat","embeddable":true,"href":"https:\/\/dev.prosportmagazin.md\/ro\/wp-json\/wp\/v2\/product_cat?post=152830"},{"taxonomy":"product_tag","embeddable":true,"href":"https:\/\/dev.prosportmagazin.md\/ro\/wp-json\/wp\/v2\/product_tag?post=152830"}],"curies":[{"name":"wp","href":"https:\/\/api.w.org\/{rel}","templated":true}]}}