{"id":158206,"date":"2024-08-09T13:48:01","date_gmt":"2024-08-09T10:48:01","guid":{"rendered":"https:\/\/prosport.md\/?post_type=product&#038;p=158206"},"modified":"2025-10-06T17:32:26","modified_gmt":"2025-10-06T14:32:26","slug":"adidas-adicane-slides-if6038","status":"publish","type":"product","link":"https:\/\/dev.prosportmagazin.md\/ro\/product\/adidas-adicane-slides-if6038\/","title":{"rendered":"Slapi Adidas Adicane Slides (IF6038)"},"content":{"rendered":"<p><br \/>\nSlapi POST-\u00ceNOT<br \/>Cl\u0103ti\u021bi dup\u0103 piscin\u0103 cu acestI SLAPI potrivitI pentru du\u0219. P\u0103str\u00e2nd totul simplu, slip-urile netede dezv\u0103luie ADN-ul lor adidas cu semn\u0103tura 3-Stripes. Amortizarea moale recompenseaz\u0103 picioarele obosite cu confort de plu\u0219.<br \/>\n<\/p>","protected":false},"excerpt":{"rendered":"<p>Slapi POST-\u00ceNOTCl\u0103ti\u021bi dup\u0103 piscin\u0103 cu acestI SLAPI potrivitI pentru du\u0219. P\u0103str\u00e2nd totul simplu, slip-urile netede dezv\u0103luie ADN-ul lor adidas cu<\/p>\n","protected":false},"featured_media":292697,"template":"","meta":[],"product_brand":[],"product_cat":[2192,2765,2193,202],"product_tag":[473],"class_list":{"0":"post-158206","1":"product","2":"type-product","3":"status-publish","4":"has-post-thumbnail","6":"product_cat-toate-incaltaminte-barbati","7":"product_cat-toata-incaltamintea-copii","8":"product_cat-toate-incaltaminte-femei","9":"product_cat-slapi","10":"product_tag-48-5","11":"pa_etichete-best-seller","13":"first","14":"instock","15":"sale","16":"featured","17":"purchasable","18":"product-type-variable"},"wcpa_form_fields":null,"_links":{"self":[{"href":"https:\/\/dev.prosportmagazin.md\/ro\/wp-json\/wp\/v2\/product\/158206","targetHints":{"allow":["GET"]}}],"collection":[{"href":"https:\/\/dev.prosportmagazin.md\/ro\/wp-json\/wp\/v2\/product"}],"about":[{"href":"https:\/\/dev.prosportmagazin.md\/ro\/wp-json\/wp\/v2\/types\/product"}],"wp:featuredmedia":[{"embeddable":true,"href":"https:\/\/dev.prosportmagazin.md\/ro\/wp-json\/wp\/v2\/media\/292697"}],"wp:attachment":[{"href":"https:\/\/dev.prosportmagazin.md\/ro\/wp-json\/wp\/v2\/media?parent=158206"}],"wp:term":[{"taxonomy":"product_brand","embeddable":true,"href":"https:\/\/dev.prosportmagazin.md\/ro\/wp-json\/wp\/v2\/product_brand?post=158206"},{"taxonomy":"product_cat","embeddable":true,"href":"https:\/\/dev.prosportmagazin.md\/ro\/wp-json\/wp\/v2\/product_cat?post=158206"},{"taxonomy":"product_tag","embeddable":true,"href":"https:\/\/dev.prosportmagazin.md\/ro\/wp-json\/wp\/v2\/product_tag?post=158206"}],"curies":[{"name":"wp","href":"https:\/\/api.w.org\/{rel}","templated":true}]}}