{"id":158490,"date":"2026-02-20T00:00:00","date_gmt":"2026-02-19T22:00:00","guid":{"rendered":"https:\/\/prosport.md\/?post_type=product&#038;p=158490"},"modified":"2026-02-20T18:58:56","modified_gmt":"2026-02-20T16:58:56","slug":"nike-backpack-21l-dd0559-344","status":"publish","type":"product","link":"https:\/\/dev.prosportmagazin.md\/ro\/product\/nike-backpack-21l-dd0559-344\/","title":{"rendered":"Rucsac Nike Elemental Backpack (21L) (DD0559-344)"},"content":{"rendered":"<p><\/p>\n<p data-start=\"22\" data-end=\"598\">Rucsacul Nike (21L)  este un rucsac modern \u0219i func\u021bional, ideal pentru activit\u0103\u021bile zilnice, \u0219coal\u0103 sau sport. Realizat din materiale durabile, acest rucsac ofer\u0103 un compartiment principal \u00eenc\u0103p\u0103tor, care poate g\u0103zdui un laptop, c\u0103r\u021bi sau echipamente sportive. De asemenea, dispune de buzunare suplimentare pentru organizarea accesoriilor mai mici, iar bretelele reglabile \u0219i spatele c\u0103ptu\u0219it garanteaz\u0103 confortul de-a lungul \u00eentregii zile. Designul sportiv \u0219i logo-ul Nike adaug\u0103 un plus de stil \u0219i versatilitate.<\/p>\n<ul data-start=\"600\" data-end=\"733\">\n<li data-start=\"600\" data-end=\"639\"><strong data-start=\"602\" data-end=\"611\">Volum<\/strong>: Aproximativ <strong data-start=\"625\" data-end=\"637\">21 litri<\/strong><\/li>\n<li data-start=\"640\" data-end=\"733\"><strong data-start=\"642\" data-end=\"656\">Dimensiuni<\/strong>:\n<ul data-start=\"662\" data-end=\"733\">\n<li data-start=\"662\" data-end=\"685\">\u00cen\u0103l\u021bime: <strong data-start=\"674\" data-end=\"683\">45 cm<\/strong><\/li>\n<li data-start=\"688\" data-end=\"709\">L\u0103\u021bime: <strong data-start=\"698\" data-end=\"707\">30 cm<\/strong><\/li>\n<li data-start=\"712\" data-end=\"733\">Ad\u00e2ncime: <strong data-start=\"724\" data-end=\"733\">15 cm<\/strong><\/li>\n<\/ul>\n<\/li>\n<\/ul>\n<p><\/p>","protected":false},"excerpt":{"rendered":"<p>Rucsacul Nike (21L) este un rucsac modern \u0219i func\u021bional, ideal pentru activit\u0103\u021bile zilnice, \u0219coal\u0103 sau sport. Realizat din materiale durabile,<\/p>\n","protected":false},"featured_media":316120,"template":"","meta":[],"product_brand":[],"product_cat":[2196,2766,2197,44],"product_tag":[],"class_list":{"0":"post-158490","1":"product","2":"type-product","3":"status-publish","4":"has-post-thumbnail","6":"product_cat-toate-accesoriile-barbati","7":"product_cat-toate-accesoriile-copii","8":"product_cat-toate-accesoriile-femei","9":"product_cat-rucsacuri","10":"pa_etichete-best-price","12":"first","13":"instock","14":"sale","15":"purchasable","16":"product-type-variable"},"wcpa_form_fields":null,"_links":{"self":[{"href":"https:\/\/dev.prosportmagazin.md\/ro\/wp-json\/wp\/v2\/product\/158490","targetHints":{"allow":["GET"]}}],"collection":[{"href":"https:\/\/dev.prosportmagazin.md\/ro\/wp-json\/wp\/v2\/product"}],"about":[{"href":"https:\/\/dev.prosportmagazin.md\/ro\/wp-json\/wp\/v2\/types\/product"}],"wp:featuredmedia":[{"embeddable":true,"href":"https:\/\/dev.prosportmagazin.md\/ro\/wp-json\/wp\/v2\/media\/316120"}],"wp:attachment":[{"href":"https:\/\/dev.prosportmagazin.md\/ro\/wp-json\/wp\/v2\/media?parent=158490"}],"wp:term":[{"taxonomy":"product_brand","embeddable":true,"href":"https:\/\/dev.prosportmagazin.md\/ro\/wp-json\/wp\/v2\/product_brand?post=158490"},{"taxonomy":"product_cat","embeddable":true,"href":"https:\/\/dev.prosportmagazin.md\/ro\/wp-json\/wp\/v2\/product_cat?post=158490"},{"taxonomy":"product_tag","embeddable":true,"href":"https:\/\/dev.prosportmagazin.md\/ro\/wp-json\/wp\/v2\/product_tag?post=158490"}],"curies":[{"name":"wp","href":"https:\/\/api.w.org\/{rel}","templated":true}]}}