{"id":159738,"date":"2025-03-23T00:00:00","date_gmt":"2025-03-22T21:00:00","guid":{"rendered":"https:\/\/prosport.md\/?post_type=product&#038;p=159738"},"modified":"2026-02-02T13:00:42","modified_gmt":"2026-02-02T10:00:42","slug":"nike-force-1-low-easyon-fn0236-101","status":"publish","type":"product","link":"https:\/\/dev.prosportmagazin.md\/ro\/product\/nike-force-1-low-easyon-fn0236-101\/","title":{"rendered":"Ghete Nike Force 1 Low &#8220;EasyOn&#8221; (FN0236-101)"},"content":{"rendered":"<p><br \/>\nDin asta sunt f\u0103cute legendele. Nike Force 1 LE readuce simbolul din lemn de esen\u021b\u0103 tare din \u201982 \u00eentr-un stil de zi cu zi, \u00een \u00eentregime alb sau complet negru. L\u0103sa\u021bi durabilitatea, amortizarea \u0219i senza\u021bia s\u0103 introduc\u0103 picioarele mici \u00eentr-un clasic.<br \/>\n<\/p>","protected":false},"excerpt":{"rendered":"<p>Din asta sunt f\u0103cute legendele. Nike Force 1 LE readuce simbolul din lemn de esen\u021b\u0103 tare din \u201982 \u00eentr-un stil<\/p>\n","protected":false},"featured_media":159745,"template":"","meta":[],"product_brand":[],"product_cat":[2192,2765,2193,39],"product_tag":[275],"class_list":{"0":"post-159738","1":"product","2":"type-product","3":"status-publish","4":"has-post-thumbnail","6":"product_cat-toate-incaltaminte-barbati","7":"product_cat-toata-incaltamintea-copii","8":"product_cat-toate-incaltaminte-femei","9":"product_cat-ghete","10":"product_tag-40-5","12":"first","13":"instock","14":"purchasable","15":"product-type-variable"},"wcpa_form_fields":null,"_links":{"self":[{"href":"https:\/\/dev.prosportmagazin.md\/ro\/wp-json\/wp\/v2\/product\/159738","targetHints":{"allow":["GET"]}}],"collection":[{"href":"https:\/\/dev.prosportmagazin.md\/ro\/wp-json\/wp\/v2\/product"}],"about":[{"href":"https:\/\/dev.prosportmagazin.md\/ro\/wp-json\/wp\/v2\/types\/product"}],"wp:featuredmedia":[{"embeddable":true,"href":"https:\/\/dev.prosportmagazin.md\/ro\/wp-json\/wp\/v2\/media\/159745"}],"wp:attachment":[{"href":"https:\/\/dev.prosportmagazin.md\/ro\/wp-json\/wp\/v2\/media?parent=159738"}],"wp:term":[{"taxonomy":"product_brand","embeddable":true,"href":"https:\/\/dev.prosportmagazin.md\/ro\/wp-json\/wp\/v2\/product_brand?post=159738"},{"taxonomy":"product_cat","embeddable":true,"href":"https:\/\/dev.prosportmagazin.md\/ro\/wp-json\/wp\/v2\/product_cat?post=159738"},{"taxonomy":"product_tag","embeddable":true,"href":"https:\/\/dev.prosportmagazin.md\/ro\/wp-json\/wp\/v2\/product_tag?post=159738"}],"curies":[{"name":"wp","href":"https:\/\/api.w.org\/{rel}","templated":true}]}}