{"id":159985,"date":"2025-12-07T00:00:00","date_gmt":"2025-12-06T21:00:00","guid":{"rendered":"https:\/\/prosport.md\/?post_type=product&#038;p=159985"},"modified":"2026-03-03T09:15:25","modified_gmt":"2026-03-03T07:15:25","slug":"ciorapi-nike-everyday-3-p-sx7664-100","status":"publish","type":"product","link":"https:\/\/dev.prosportmagazin.md\/ro\/product\/ciorapi-nike-everyday-3-p-sx7664-100\/","title":{"rendered":"Ciorapi Nike Everyday Cushioned Training 3 P (SX7664-100)"},"content":{"rendered":"<p><br \/>\nPune-\u021bi putere la antrenament cu \u0219osetele Nike Everyday Cushioned. Tehnologia de absorb\u021bie a transpira\u021biei v\u0103 ajut\u0103 s\u0103 v\u0103 men\u021bine\u021bi uscat \u0219i confortabil, \u00een timp ce talpa groas\u0103 de terry v\u0103 ofer\u0103 un confort suplimentar pentru acele ridic\u0103ri intense \u0219i mile suplimentare. Arcul cu benzi se simte confortabil \u0219i sus\u021bine \u00een jurul piciorului t\u0103u.<\/p>\n<p><\/p>","protected":false},"excerpt":{"rendered":"<p>Pune-\u021bi putere la antrenament cu \u0219osetele Nike Everyday Cushioned. Tehnologia de absorb\u021bie a transpira\u021biei v\u0103 ajut\u0103 s\u0103 v\u0103 men\u021bine\u021bi uscat<\/p>\n","protected":false},"featured_media":89243,"template":"","meta":[],"product_brand":[],"product_cat":[2196,2766,2197,2194,2767,2195,404,1836],"product_tag":[327],"class_list":{"0":"post-159985","1":"product","2":"type-product","3":"status-publish","4":"has-post-thumbnail","6":"product_cat-toate-accesoriile-barbati","7":"product_cat-toate-accesoriile-copii","8":"product_cat-toate-accesoriile-femei","9":"product_cat-toate-hainele-barbati","10":"product_cat-toate-hainele-copii","11":"product_cat-toate-hainele-femei","12":"product_cat-ciorapi","13":"product_cat-ciorapi-copii-fete","14":"product_tag-m","15":"pa_etichete-best-seller","17":"first","18":"instock","19":"sale","20":"featured","21":"purchasable","22":"product-type-variable"},"wcpa_form_fields":null,"_links":{"self":[{"href":"https:\/\/dev.prosportmagazin.md\/ro\/wp-json\/wp\/v2\/product\/159985","targetHints":{"allow":["GET"]}}],"collection":[{"href":"https:\/\/dev.prosportmagazin.md\/ro\/wp-json\/wp\/v2\/product"}],"about":[{"href":"https:\/\/dev.prosportmagazin.md\/ro\/wp-json\/wp\/v2\/types\/product"}],"wp:featuredmedia":[{"embeddable":true,"href":"https:\/\/dev.prosportmagazin.md\/ro\/wp-json\/wp\/v2\/media\/89243"}],"wp:attachment":[{"href":"https:\/\/dev.prosportmagazin.md\/ro\/wp-json\/wp\/v2\/media?parent=159985"}],"wp:term":[{"taxonomy":"product_brand","embeddable":true,"href":"https:\/\/dev.prosportmagazin.md\/ro\/wp-json\/wp\/v2\/product_brand?post=159985"},{"taxonomy":"product_cat","embeddable":true,"href":"https:\/\/dev.prosportmagazin.md\/ro\/wp-json\/wp\/v2\/product_cat?post=159985"},{"taxonomy":"product_tag","embeddable":true,"href":"https:\/\/dev.prosportmagazin.md\/ro\/wp-json\/wp\/v2\/product_tag?post=159985"}],"curies":[{"name":"wp","href":"https:\/\/api.w.org\/{rel}","templated":true}]}}