{"id":166229,"date":"2025-11-20T00:00:00","date_gmt":"2025-11-19T21:00:00","guid":{"rendered":"https:\/\/prosport.md\/?post_type=product&#038;p=166229"},"modified":"2026-02-24T10:57:06","modified_gmt":"2026-02-24T08:57:06","slug":"maleta-termo-joma-101650-200","status":"publish","type":"product","link":"https:\/\/dev.prosportmagazin.md\/ro\/product\/maleta-termo-joma-101650-200\/","title":{"rendered":"Maleta Termo Joma Premium LS White (101650.200)"},"content":{"rendered":"<p><\/p>\n<p>Detalii:<\/p>\n<p>\u021aes\u0103tur\u0103 elastic\u0103 \u0219i respirabil\u0103<br \/>\nPotrivit \u0219i ca strat de baz\u0103<br \/>\nGuler \u00eenalt<br \/>\nM\u00e2neci cu croiala raglan pentru libertate total\u0103 de mi\u0219care<br \/>\nG\u0103uri pentru degetul mare pentru o potrivire perfect\u0103<br \/>\nInser\u021bii laterale din fleece respirabil<br \/>\nLogo Joma imprimat<br \/>\nPotrivire perfect\u0103<br \/>\nMaterial: 90% poliamida, 10% elastan<\/p>\n<p><\/p>","protected":false},"excerpt":{"rendered":"<p>Detalii: \u021aes\u0103tur\u0103 elastic\u0103 \u0219i respirabil\u0103 Potrivit \u0219i ca strat de baz\u0103 Guler \u00eenalt M\u00e2neci cu croiala raglan pentru libertate total\u0103<\/p>\n","protected":false},"featured_media":166234,"template":"","meta":[],"product_brand":[],"product_cat":[342,1831,811],"product_tag":[536],"class_list":{"0":"post-166229","1":"product","2":"type-product","3":"status-publish","4":"has-post-thumbnail","6":"product_cat-termo","7":"product_cat-termo-copii-fete","8":"product_cat-termo-femei","9":"product_tag-l-xl","10":"pa_etichete-best-seller","11":"pa_etichete-termo","13":"first","14":"instock","15":"purchasable","16":"product-type-variable"},"wcpa_form_fields":null,"_links":{"self":[{"href":"https:\/\/dev.prosportmagazin.md\/ro\/wp-json\/wp\/v2\/product\/166229","targetHints":{"allow":["GET"]}}],"collection":[{"href":"https:\/\/dev.prosportmagazin.md\/ro\/wp-json\/wp\/v2\/product"}],"about":[{"href":"https:\/\/dev.prosportmagazin.md\/ro\/wp-json\/wp\/v2\/types\/product"}],"wp:featuredmedia":[{"embeddable":true,"href":"https:\/\/dev.prosportmagazin.md\/ro\/wp-json\/wp\/v2\/media\/166234"}],"wp:attachment":[{"href":"https:\/\/dev.prosportmagazin.md\/ro\/wp-json\/wp\/v2\/media?parent=166229"}],"wp:term":[{"taxonomy":"product_brand","embeddable":true,"href":"https:\/\/dev.prosportmagazin.md\/ro\/wp-json\/wp\/v2\/product_brand?post=166229"},{"taxonomy":"product_cat","embeddable":true,"href":"https:\/\/dev.prosportmagazin.md\/ro\/wp-json\/wp\/v2\/product_cat?post=166229"},{"taxonomy":"product_tag","embeddable":true,"href":"https:\/\/dev.prosportmagazin.md\/ro\/wp-json\/wp\/v2\/product_tag?post=166229"}],"curies":[{"name":"wp","href":"https:\/\/api.w.org\/{rel}","templated":true}]}}