{"id":166753,"date":"2025-12-05T00:00:00","date_gmt":"2025-12-04T21:00:00","guid":{"rendered":"https:\/\/prosport.md\/?post_type=product&#038;p=166753"},"modified":"2025-12-25T20:36:02","modified_gmt":"2025-12-25T17:36:02","slug":"nike-react-gato-ct0550-600","status":"publish","type":"product","link":"https:\/\/dev.prosportmagazin.md\/ro\/product\/nike-react-gato-ct0550-600\/","title":{"rendered":"Bampuri Nike React Gato IN (CT0550-600)"},"content":{"rendered":"<p class=\"\" data-start=\"0\" data-end=\"5\"><\/p>\n<p class=\"\" data-start=\"7\" data-end=\"452\"><strong data-start=\"7\" data-end=\"30\">Descriere general\u0103:<\/strong> Bampurile Nike React Gato IN\u00a0 sunt concepu\u021bi pentru a oferi performan\u021b\u0103 de top pe terenurile de sal\u0103 sau indoor. Ace\u0219ti pantofi sunt echipa\u021bi cu tehnologia React, care asigur\u0103 o amortizare excelent\u0103 \u0219i un confort superior, chiar \u0219i \u00een timpul celor mai intense meciuri. Designul lor modern, combinat cu o talp\u0103 de cauciuc durabil\u0103, ofer\u0103 o aderen\u021b\u0103 excelent\u0103 \u0219i stabilitate pe suprafe\u021bele de interior.<\/p>\n<p class=\"\" data-start=\"454\" data-end=\"484\"><strong data-start=\"454\" data-end=\"484\">Caracteristici principale:<\/strong><\/p>\n<ul data-start=\"485\" data-end=\"1201\">\n<li class=\"\" data-start=\"485\" data-end=\"634\">\n<p class=\"\" data-start=\"487\" data-end=\"634\"><strong data-start=\"487\" data-end=\"508\">Tehnologia React:<\/strong> Talpa intermediar\u0103 din spum\u0103 React ofer\u0103 o amortizare excelent\u0103, asigur\u00e2nd confort \u0219i sus\u021binere pe \u00eentreaga durat\u0103 a jocului.<\/p>\n<\/li>\n<li class=\"\" data-start=\"635\" data-end=\"789\">\n<p class=\"\" data-start=\"637\" data-end=\"789\"><strong data-start=\"637\" data-end=\"657\">Aderen\u021b\u0103 optim\u0103:<\/strong> Talpa din cauciuc durabil ofer\u0103 trac\u021biune maxim\u0103 pe terenurile de sal\u0103, \u00eembun\u0103t\u0103\u021bind stabilitatea \u0219i controlul pe suprafe\u021bele dure.<\/p>\n<\/li>\n<li class=\"\" data-start=\"790\" data-end=\"1000\">\n<p class=\"\" data-start=\"792\" data-end=\"1000\"><strong data-start=\"792\" data-end=\"820\">Confort de lung\u0103 durat\u0103:<\/strong> Materialele de calitate superioar\u0103, cum ar fi partea superioar\u0103 din material sintetic, sunt u\u0219or de \u00eentre\u021binut \u0219i se muleaz\u0103 perfect pe picior, oferind un confort de lung\u0103 durat\u0103.<\/p>\n<\/li>\n<li class=\"\" data-start=\"1001\" data-end=\"1201\">\n<p class=\"\" data-start=\"1003\" data-end=\"1201\"><strong data-start=\"1003\" data-end=\"1021\">Design modern:<\/strong> Stilul inovator \u0219i culorile vibrante ale pantofilor sunt concepute pentru a atrage aten\u021bia, fiind potrivi\u021bi pentru juc\u0103torii care doresc s\u0103 \u00eembine performan\u021ba cu un look deosebit.<\/p>\n<\/li>\n<\/ul>\n<p class=\"\" data-start=\"1203\" data-end=\"1388\"><strong data-start=\"1203\" data-end=\"1219\">\u00centre\u021binere:<\/strong> Pentru a men\u021bine bampurile \u00eentr-o stare excelent\u0103, se recomand\u0103 cur\u0103\u021barea cu o c\u00e2rp\u0103 umed\u0103 dup\u0103 fiecare meci \u0219i evitarea expunerii la ap\u0103 sau substan\u021be chimice agresive.<\/p>\n<p class=\"\" data-start=\"1390\" data-end=\"1395\"><\/p>","protected":false},"excerpt":{"rendered":"<p>NIVEL PRO<\/p>\n","protected":false},"featured_media":300185,"template":"","meta":[],"product_brand":[],"product_cat":[2192,2765,1293],"product_tag":[388],"class_list":{"0":"post-166753","1":"product","2":"type-product","3":"status-publish","4":"has-post-thumbnail","6":"product_cat-toate-incaltaminte-barbati","7":"product_cat-toata-incaltamintea-copii","8":"product_cat-bampuri","9":"product_tag-388","10":"pa_suprafata-sala","12":"first","13":"instock","14":"sale","15":"purchasable","16":"product-type-variable"},"wcpa_form_fields":null,"_links":{"self":[{"href":"https:\/\/dev.prosportmagazin.md\/ro\/wp-json\/wp\/v2\/product\/166753","targetHints":{"allow":["GET"]}}],"collection":[{"href":"https:\/\/dev.prosportmagazin.md\/ro\/wp-json\/wp\/v2\/product"}],"about":[{"href":"https:\/\/dev.prosportmagazin.md\/ro\/wp-json\/wp\/v2\/types\/product"}],"wp:featuredmedia":[{"embeddable":true,"href":"https:\/\/dev.prosportmagazin.md\/ro\/wp-json\/wp\/v2\/media\/300185"}],"wp:attachment":[{"href":"https:\/\/dev.prosportmagazin.md\/ro\/wp-json\/wp\/v2\/media?parent=166753"}],"wp:term":[{"taxonomy":"product_brand","embeddable":true,"href":"https:\/\/dev.prosportmagazin.md\/ro\/wp-json\/wp\/v2\/product_brand?post=166753"},{"taxonomy":"product_cat","embeddable":true,"href":"https:\/\/dev.prosportmagazin.md\/ro\/wp-json\/wp\/v2\/product_cat?post=166753"},{"taxonomy":"product_tag","embeddable":true,"href":"https:\/\/dev.prosportmagazin.md\/ro\/wp-json\/wp\/v2\/product_tag?post=166753"}],"curies":[{"name":"wp","href":"https:\/\/api.w.org\/{rel}","templated":true}]}}