{"id":168619,"date":"2026-03-03T00:00:00","date_gmt":"2026-03-02T22:00:00","guid":{"rendered":"https:\/\/prosport.md\/?post_type=product&#038;p=168619"},"modified":"2026-03-04T10:27:18","modified_gmt":"2026-03-04T08:27:18","slug":"ghete-fotbal-nike-mercurial-zoom-superfly-10-academy-tf-fq8333-800","status":"publish","type":"product","link":"https:\/\/dev.prosportmagazin.md\/ro\/product\/ghete-fotbal-nike-mercurial-zoom-superfly-10-academy-tf-fq8333-800\/","title":{"rendered":"Bampuri Nike Mercurial Zoom Superfly 10 Academy TF (FQ8333-800)"},"content":{"rendered":"<p><\/p>\n<p>Vrei s\u0103-\u021bi duci viteza la nivelul urm\u0103tor? Am creat aceste pantofi Academy cu o unitate Air Zoom \u00eembun\u0103t\u0103\u021bit\u0103 la c\u0103lc\u00e2i. Aceasta \u00ee\u021bi ofer\u0103 \u021bie \u0219i lui Kylian Mbapp\u00e9 senza\u021bia de propulsie necesar\u0103 pentru a p\u0103trunde \u00een linia din spate. Rezultatul este cea mai receptiv\u0103 ghet\u0103 Mercurial pe care am creat-o vreodat\u0103, astfel \u00eenc\u00e2t s\u0103 po\u021bi dicta ritmul \u0219i tempoul pe tot parcursul meciului.<\/p>\n<p><\/p>","protected":false},"excerpt":{"rendered":"<p>Vrei s\u0103-\u021bi duci viteza la nivelul urm\u0103tor? Am creat aceste pantofi Academy cu o unitate Air Zoom \u00eembun\u0103t\u0103\u021bit\u0103 la c\u0103lc\u00e2i.<\/p>\n","protected":false},"featured_media":274022,"template":"","meta":[],"product_brand":[],"product_cat":[2192,2765,1293],"product_tag":[388],"class_list":{"0":"post-168619","1":"product","2":"type-product","3":"status-publish","4":"has-post-thumbnail","6":"product_cat-toate-incaltaminte-barbati","7":"product_cat-toata-incaltamintea-copii","8":"product_cat-bampuri","9":"product_tag-388","10":"pa_etichete-best-seller","11":"pa_suprafata-tf-astro-turf","13":"first","14":"instock","15":"sale","16":"featured","17":"purchasable","18":"product-type-variable"},"wcpa_form_fields":null,"_links":{"self":[{"href":"https:\/\/dev.prosportmagazin.md\/ro\/wp-json\/wp\/v2\/product\/168619","targetHints":{"allow":["GET"]}}],"collection":[{"href":"https:\/\/dev.prosportmagazin.md\/ro\/wp-json\/wp\/v2\/product"}],"about":[{"href":"https:\/\/dev.prosportmagazin.md\/ro\/wp-json\/wp\/v2\/types\/product"}],"wp:featuredmedia":[{"embeddable":true,"href":"https:\/\/dev.prosportmagazin.md\/ro\/wp-json\/wp\/v2\/media\/274022"}],"wp:attachment":[{"href":"https:\/\/dev.prosportmagazin.md\/ro\/wp-json\/wp\/v2\/media?parent=168619"}],"wp:term":[{"taxonomy":"product_brand","embeddable":true,"href":"https:\/\/dev.prosportmagazin.md\/ro\/wp-json\/wp\/v2\/product_brand?post=168619"},{"taxonomy":"product_cat","embeddable":true,"href":"https:\/\/dev.prosportmagazin.md\/ro\/wp-json\/wp\/v2\/product_cat?post=168619"},{"taxonomy":"product_tag","embeddable":true,"href":"https:\/\/dev.prosportmagazin.md\/ro\/wp-json\/wp\/v2\/product_tag?post=168619"}],"curies":[{"name":"wp","href":"https:\/\/api.w.org\/{rel}","templated":true}]}}