{"id":170507,"date":"2025-07-07T00:00:00","date_gmt":"2025-07-06T21:00:00","guid":{"rendered":"https:\/\/prosport.md\/?post_type=product&#038;p=170507"},"modified":"2025-10-10T13:42:35","modified_gmt":"2025-10-10T10:42:35","slug":"vesta-ea7-reversible-vest-6dpq03-pngaz-1100","status":"publish","type":"product","link":"https:\/\/dev.prosportmagazin.md\/ro\/product\/vesta-ea7-reversible-vest-6dpq03-pngaz-1100\/","title":{"rendered":"Vesta EA7 Reversible Vest 2 in 1 (6DPQ03-PNGAZ-1100)"},"content":{"rendered":"<p data-start=\"41\" data-end=\"46\"><\/p>\n<p data-start=\"48\" data-end=\"207\">Vesta EA7 Reversible Vest 2 in 1\u00a0 este o pies\u0103 versatil\u0103 \u0219i elegant\u0103, destinat\u0103 celor care apreciaz\u0103 stilul \u0219i func\u021bionalitatea.<\/p>\n<p data-start=\"209\" data-end=\"236\"><strong data-start=\"209\" data-end=\"236\">Material \u0219i Tehnologie:<\/p>\n<p>100% POLIAMIDE <\/strong><\/p>\n<ul data-start=\"237\" data-end=\"458\">\n<li data-start=\"237\" data-end=\"342\"><strong data-start=\"239\" data-end=\"252\">Material:<\/strong> Confec\u021bionat\u0103 dintr-o combina\u021bie de poliester \u0219i nailon, asigur\u00e2nd rezisten\u021b\u0103 \u0219i confort.<\/li>\n<li data-start=\"343\" data-end=\"458\"><strong data-start=\"345\" data-end=\"372\">Tehnologie Reversibil\u0103:<\/strong> Permite purtarea pe ambele p\u0103r\u021bi, oferind dou\u0103 stiluri diferite \u00eentr-o singur\u0103 vest\u0103.<\/li>\n<\/ul>\n<p data-start=\"460\" data-end=\"489\"><strong data-start=\"460\" data-end=\"489\">Design \u0219i Caracteristici:<\/strong><\/p>\n<ul data-start=\"490\" data-end=\"791\">\n<li data-start=\"490\" data-end=\"547\"><strong data-start=\"492\" data-end=\"507\">Glug\u0103 Fix\u0103:<\/strong> Protejeaz\u0103 \u00eempotriva v\u00e2ntului \u0219i ploii.<\/li>\n<li data-start=\"548\" data-end=\"637\"><strong data-start=\"550\" data-end=\"590\">\u00cenchidere Central\u0103 cu Fermuar Dublu:<\/strong> Permite ajustarea ventil\u0103rii \u0219i a confortului.<\/li>\n<li data-start=\"638\" data-end=\"716\"><strong data-start=\"640\" data-end=\"662\">Buzunare Laterale:<\/strong> Ofer\u0103 spa\u021biu pentru depozitarea obiectelor personale.<\/li>\n<li data-start=\"717\" data-end=\"791\"><strong data-start=\"719\" data-end=\"732\">Logo EA7:<\/strong> Detalii discrete care subliniaz\u0103 autenticitatea brandului.<\/li>\n<\/ul>\n<p data-start=\"793\" data-end=\"922\"><strong data-start=\"793\" data-end=\"807\">Utilizare:<\/strong> Aceast\u0103 vest\u0103 este ideal\u0103 pentru activit\u0103\u021bi \u00een aer liber, plimb\u0103ri sau ca element de stil \u00een \u021binutele de zi cu zi.<\/p>\n<p data-start=\"924\" data-end=\"929\"><\/p>","protected":false},"excerpt":{"rendered":"<p>Vesta EA7 Reversible Vest 2 in 1\u00a0 este o pies\u0103 versatil\u0103 \u0219i elegant\u0103, destinat\u0103 celor care apreciaz\u0103 stilul \u0219i func\u021bionalitatea.<\/p>\n","protected":false},"featured_media":193520,"template":"","meta":[],"product_brand":[],"product_cat":[2194,2195,743,524],"product_tag":[],"class_list":{"0":"post-170507","1":"product","2":"type-product","3":"status-publish","4":"has-post-thumbnail","6":"product_cat-toate-hainele-barbati","7":"product_cat-toate-hainele-femei","8":"product_cat-veste-barbati","9":"product_cat-veste-femei","11":"first","12":"instock","13":"sale","14":"featured","15":"taxable","16":"shipping-taxable","17":"purchasable","18":"product-type-variable"},"wcpa_form_fields":null,"_links":{"self":[{"href":"https:\/\/dev.prosportmagazin.md\/ro\/wp-json\/wp\/v2\/product\/170507","targetHints":{"allow":["GET"]}}],"collection":[{"href":"https:\/\/dev.prosportmagazin.md\/ro\/wp-json\/wp\/v2\/product"}],"about":[{"href":"https:\/\/dev.prosportmagazin.md\/ro\/wp-json\/wp\/v2\/types\/product"}],"wp:featuredmedia":[{"embeddable":true,"href":"https:\/\/dev.prosportmagazin.md\/ro\/wp-json\/wp\/v2\/media\/193520"}],"wp:attachment":[{"href":"https:\/\/dev.prosportmagazin.md\/ro\/wp-json\/wp\/v2\/media?parent=170507"}],"wp:term":[{"taxonomy":"product_brand","embeddable":true,"href":"https:\/\/dev.prosportmagazin.md\/ro\/wp-json\/wp\/v2\/product_brand?post=170507"},{"taxonomy":"product_cat","embeddable":true,"href":"https:\/\/dev.prosportmagazin.md\/ro\/wp-json\/wp\/v2\/product_cat?post=170507"},{"taxonomy":"product_tag","embeddable":true,"href":"https:\/\/dev.prosportmagazin.md\/ro\/wp-json\/wp\/v2\/product_tag?post=170507"}],"curies":[{"name":"wp","href":"https:\/\/api.w.org\/{rel}","templated":true}]}}