{"id":171066,"date":"2026-01-18T00:00:00","date_gmt":"2026-01-17T21:00:00","guid":{"rendered":"https:\/\/prosport.md\/?post_type=product&#038;p=171066"},"modified":"2026-01-18T13:42:35","modified_gmt":"2026-01-18T10:42:35","slug":"hanorac-nike-tech-fb8338-010","status":"publish","type":"product","link":"https:\/\/dev.prosportmagazin.md\/ro\/product\/hanorac-nike-tech-fb8338-010\/","title":{"rendered":"Hanorac Nike Tech Fleece Sportswear Windrunner (FB8338-010)"},"content":{"rendered":"<p><br \/>\nConfec\u021bionat\u0103 din material elastic \u0219i respirabil, jacheta Nike Tech Woven v\u0103 ofer\u0103 u\u0219urin\u021b\u0103 \u00een mi\u0219care \u0219i detalii reglabile. Snururile elastice cu \u00eencuietori creeaz\u0103 o potrivire personalizat\u0103 la tiv \u0219i glug\u0103.<\/p>\n<p><\/p>","protected":false},"excerpt":{"rendered":"<p>Confec\u021bionat\u0103 din material elastic \u0219i respirabil, jacheta Nike Tech Woven v\u0103 ofer\u0103 u\u0219urin\u021b\u0103 \u00een mi\u0219care \u0219i detalii reglabile. Snururile elastice<\/p>\n","protected":false},"featured_media":299627,"template":"","meta":[],"product_brand":[],"product_cat":[2195,413],"product_tag":[],"class_list":{"0":"post-171066","1":"product","2":"type-product","3":"status-publish","4":"has-post-thumbnail","6":"product_cat-toate-hainele-femei","7":"product_cat-hanorace-femei","8":"pa_etichete-best-seller","10":"first","11":"instock","12":"sale","13":"featured","14":"taxable","15":"shipping-taxable","16":"purchasable","17":"product-type-variable"},"wcpa_form_fields":null,"_links":{"self":[{"href":"https:\/\/dev.prosportmagazin.md\/ro\/wp-json\/wp\/v2\/product\/171066","targetHints":{"allow":["GET"]}}],"collection":[{"href":"https:\/\/dev.prosportmagazin.md\/ro\/wp-json\/wp\/v2\/product"}],"about":[{"href":"https:\/\/dev.prosportmagazin.md\/ro\/wp-json\/wp\/v2\/types\/product"}],"wp:featuredmedia":[{"embeddable":true,"href":"https:\/\/dev.prosportmagazin.md\/ro\/wp-json\/wp\/v2\/media\/299627"}],"wp:attachment":[{"href":"https:\/\/dev.prosportmagazin.md\/ro\/wp-json\/wp\/v2\/media?parent=171066"}],"wp:term":[{"taxonomy":"product_brand","embeddable":true,"href":"https:\/\/dev.prosportmagazin.md\/ro\/wp-json\/wp\/v2\/product_brand?post=171066"},{"taxonomy":"product_cat","embeddable":true,"href":"https:\/\/dev.prosportmagazin.md\/ro\/wp-json\/wp\/v2\/product_cat?post=171066"},{"taxonomy":"product_tag","embeddable":true,"href":"https:\/\/dev.prosportmagazin.md\/ro\/wp-json\/wp\/v2\/product_tag?post=171066"}],"curies":[{"name":"wp","href":"https:\/\/api.w.org\/{rel}","templated":true}]}}