{"id":177409,"date":"2024-11-28T14:49:17","date_gmt":"2024-11-28T11:49:17","guid":{"rendered":"https:\/\/prosport.md\/?post_type=product&#038;p=177409"},"modified":"2026-01-10T10:26:57","modified_gmt":"2026-01-10T07:26:57","slug":"manusi-nike-academy-therma-fit-jr-dq6066-014","status":"publish","type":"product","link":"https:\/\/dev.prosportmagazin.md\/ro\/product\/manusi-nike-academy-therma-fit-jr-dq6066-014\/","title":{"rendered":"Manusi Nike Academy Therma-Fit Junior (DQ6066-014)"},"content":{"rendered":"<p><br \/>\nLupt\u0103 \u00eempotriva vremii rea cu m\u0103nu\u0219ile Nike. Sunt construite din material cald care \u021bine frigul afar\u0103, astfel \u00eenc\u00e2t s\u0103 v\u0103 pute\u021bi concentra asupra jocului dvs. Palmele texturate v\u0103 ajut\u0103 s\u0103 prinde\u021bi mai bine mingea pentru reporniri \u0219i arunc\u0103ri rapide.<br \/>\n<\/p>","protected":false},"excerpt":{"rendered":"<p>Lupt\u0103 \u00eempotriva vremii rea cu m\u0103nu\u0219ile Nike. Sunt construite din material cald care \u021bine frigul afar\u0103, astfel \u00eenc\u00e2t s\u0103 v\u0103<\/p>\n","protected":false},"featured_media":178808,"template":"","meta":[],"product_brand":[],"product_cat":[3086,2196,2766,2197,364],"product_tag":[327],"class_list":{"0":"post-177409","1":"product","2":"type-product","3":"status-publish","4":"has-post-thumbnail","6":"product_cat-big-sale-40","7":"product_cat-toate-accesoriile-barbati","8":"product_cat-toate-accesoriile-copii","9":"product_cat-toate-accesoriile-femei","10":"product_cat-manusi","11":"product_tag-m","13":"first","14":"instock","15":"sale","16":"featured","17":"purchasable","18":"product-type-variable"},"wcpa_form_fields":null,"_links":{"self":[{"href":"https:\/\/dev.prosportmagazin.md\/ro\/wp-json\/wp\/v2\/product\/177409","targetHints":{"allow":["GET"]}}],"collection":[{"href":"https:\/\/dev.prosportmagazin.md\/ro\/wp-json\/wp\/v2\/product"}],"about":[{"href":"https:\/\/dev.prosportmagazin.md\/ro\/wp-json\/wp\/v2\/types\/product"}],"wp:featuredmedia":[{"embeddable":true,"href":"https:\/\/dev.prosportmagazin.md\/ro\/wp-json\/wp\/v2\/media\/178808"}],"wp:attachment":[{"href":"https:\/\/dev.prosportmagazin.md\/ro\/wp-json\/wp\/v2\/media?parent=177409"}],"wp:term":[{"taxonomy":"product_brand","embeddable":true,"href":"https:\/\/dev.prosportmagazin.md\/ro\/wp-json\/wp\/v2\/product_brand?post=177409"},{"taxonomy":"product_cat","embeddable":true,"href":"https:\/\/dev.prosportmagazin.md\/ro\/wp-json\/wp\/v2\/product_cat?post=177409"},{"taxonomy":"product_tag","embeddable":true,"href":"https:\/\/dev.prosportmagazin.md\/ro\/wp-json\/wp\/v2\/product_tag?post=177409"}],"curies":[{"name":"wp","href":"https:\/\/api.w.org\/{rel}","templated":true}]}}