{"id":177582,"date":"2025-12-20T00:00:00","date_gmt":"2025-12-19T21:00:00","guid":{"rendered":"https:\/\/prosport.md\/?post_type=product&#038;p=177582"},"modified":"2025-12-20T20:19:14","modified_gmt":"2025-12-20T17:19:14","slug":"top-nike-long-sleeve-pro-dri-fit-365-fv5484-629","status":"publish","type":"product","link":"https:\/\/dev.prosportmagazin.md\/ro\/product\/top-nike-long-sleeve-pro-dri-fit-365-fv5484-629\/","title":{"rendered":"Top Nike Pro Dri-FIT Cropped Long-Sleeve (FV5484-629)"},"content":{"rendered":"<p><br \/>\nConceput pentru a-\u021bi urm\u0103ri mi\u0219carea, pantalonul crop cu m\u00e2nec\u0103 lung\u0103 pentru femei Nike Pro 365 te men\u021bine uscat \u0219i confortabil \u00een timpul antrenamentului.<\/p>\n<p>Tesatura elastica care urmareste miscarea.<br \/>\nTehnologia Dri-FIT pentru o senza\u021bie de uscat.<br \/>\nFante pentru degetul mare pentru stabilitatea manecilor.<br \/>\n<\/p>","protected":false},"excerpt":{"rendered":"<p>Conceput pentru a-\u021bi urm\u0103ri mi\u0219carea, pantalonul crop cu m\u00e2nec\u0103 lung\u0103 pentru femei Nike Pro 365 te men\u021bine uscat \u0219i confortabil<\/p>\n","protected":false},"featured_media":178823,"template":"","meta":[],"product_brand":[],"product_cat":[2195,306],"product_tag":[353],"class_list":{"0":"post-177582","1":"product","2":"type-product","3":"status-publish","4":"has-post-thumbnail","6":"product_cat-toate-hainele-femei","7":"product_cat-topuri","8":"product_tag-l","9":"pa_etichete-new-collection","11":"first","12":"instock","13":"sale","14":"featured","15":"purchasable","16":"product-type-variable"},"wcpa_form_fields":null,"_links":{"self":[{"href":"https:\/\/dev.prosportmagazin.md\/ro\/wp-json\/wp\/v2\/product\/177582","targetHints":{"allow":["GET"]}}],"collection":[{"href":"https:\/\/dev.prosportmagazin.md\/ro\/wp-json\/wp\/v2\/product"}],"about":[{"href":"https:\/\/dev.prosportmagazin.md\/ro\/wp-json\/wp\/v2\/types\/product"}],"wp:featuredmedia":[{"embeddable":true,"href":"https:\/\/dev.prosportmagazin.md\/ro\/wp-json\/wp\/v2\/media\/178823"}],"wp:attachment":[{"href":"https:\/\/dev.prosportmagazin.md\/ro\/wp-json\/wp\/v2\/media?parent=177582"}],"wp:term":[{"taxonomy":"product_brand","embeddable":true,"href":"https:\/\/dev.prosportmagazin.md\/ro\/wp-json\/wp\/v2\/product_brand?post=177582"},{"taxonomy":"product_cat","embeddable":true,"href":"https:\/\/dev.prosportmagazin.md\/ro\/wp-json\/wp\/v2\/product_cat?post=177582"},{"taxonomy":"product_tag","embeddable":true,"href":"https:\/\/dev.prosportmagazin.md\/ro\/wp-json\/wp\/v2\/product_tag?post=177582"}],"curies":[{"name":"wp","href":"https:\/\/api.w.org\/{rel}","templated":true}]}}