{"id":178015,"date":"2022-09-08T00:00:00","date_gmt":"2022-09-07T21:00:00","guid":{"rendered":"https:\/\/prosport.md\/?post_type=product&#038;p=178015"},"modified":"2025-12-09T11:33:02","modified_gmt":"2025-12-09T08:33:02","slug":"adidasi-puma-porsche-tiburion-30767301used","status":"publish","type":"product","link":"https:\/\/dev.prosportmagazin.md\/ro\/product\/adidasi-puma-porsche-tiburion-30767301used\/","title":{"rendered":"Adidasi Puma Future Rider Play On (39347319)"},"content":{"rendered":"<p><\/p>\n<p>N\u0103scut \u00een 1980, Fast Rider a fost lansat chiar c\u00e2nd alergarea a \u00eenceput s\u0103 se deplaseze de pe pist\u0103 pe str\u0103zi. Acum actualizat ca Future Rider, cu o talp\u0103 sub\u021bire Federbein \u0219i talpa noastr\u0103 confortabil\u0103 Rider Foam. Aceast\u0103 versiune Play On are o baz\u0103 de nailon cu piele de c\u0103prioar\u0103 \u0219i suprapuneri sintetice.<br \/>\nDETALII<br \/>\nBaza din nailon cu piele intoarsa si suprapuneri sintetice<br \/>\nc\u0103ptu\u0219eal\u0103 din plas\u0103<br \/>\nTalp\u0103 intermediar\u0103 EVA<br \/>\ntalp\u0103 de cauciuc<br \/>\nInforma\u021bii materiale<br \/>\nTalp\u0103 intermediar\u0103: 100% sintetic\u0103<br \/>\n\u0218ablon: 100% textil<br \/>\nTalp\u0103: 100% cauciuc<br \/>\nExterior: 34,76% sintetic, 33,61% piele de vac\u0103, 31,63% textil<br \/>\nCaptuseala: 100% textil<\/p>\n<p><\/p>","protected":false},"excerpt":{"rendered":"<p>N\u0103scut \u00een 1980, Fast Rider a fost lansat chiar c\u00e2nd alergarea a \u00eenceput s\u0103 se deplaseze de pe pist\u0103 pe<\/p>\n","protected":false},"featured_media":181735,"template":"","meta":[],"product_brand":[],"product_cat":[3086,2192,2765,2193,38],"product_tag":[294],"class_list":{"0":"post-178015","1":"product","2":"type-product","3":"status-publish","4":"has-post-thumbnail","6":"product_cat-big-sale-40","7":"product_cat-toate-incaltaminte-barbati","8":"product_cat-toata-incaltamintea-copii","9":"product_cat-toate-incaltaminte-femei","10":"product_cat-adidasi","11":"product_tag-294","12":"pa_etichete-2508","14":"first","15":"instock","16":"sale","17":"purchasable","18":"product-type-variable"},"wcpa_form_fields":null,"_links":{"self":[{"href":"https:\/\/dev.prosportmagazin.md\/ro\/wp-json\/wp\/v2\/product\/178015","targetHints":{"allow":["GET"]}}],"collection":[{"href":"https:\/\/dev.prosportmagazin.md\/ro\/wp-json\/wp\/v2\/product"}],"about":[{"href":"https:\/\/dev.prosportmagazin.md\/ro\/wp-json\/wp\/v2\/types\/product"}],"wp:featuredmedia":[{"embeddable":true,"href":"https:\/\/dev.prosportmagazin.md\/ro\/wp-json\/wp\/v2\/media\/181735"}],"wp:attachment":[{"href":"https:\/\/dev.prosportmagazin.md\/ro\/wp-json\/wp\/v2\/media?parent=178015"}],"wp:term":[{"taxonomy":"product_brand","embeddable":true,"href":"https:\/\/dev.prosportmagazin.md\/ro\/wp-json\/wp\/v2\/product_brand?post=178015"},{"taxonomy":"product_cat","embeddable":true,"href":"https:\/\/dev.prosportmagazin.md\/ro\/wp-json\/wp\/v2\/product_cat?post=178015"},{"taxonomy":"product_tag","embeddable":true,"href":"https:\/\/dev.prosportmagazin.md\/ro\/wp-json\/wp\/v2\/product_tag?post=178015"}],"curies":[{"name":"wp","href":"https:\/\/api.w.org\/{rel}","templated":true}]}}