{"id":180101,"date":"2024-12-10T13:29:24","date_gmt":"2024-12-10T10:29:24","guid":{"rendered":"https:\/\/prosport.md\/?post_type=product&#038;p=180101"},"modified":"2025-10-06T17:54:33","modified_gmt":"2025-10-06T14:54:33","slug":"set-nike-juventus-22-23-baby-hb0430","status":"publish","type":"product","link":"https:\/\/dev.prosportmagazin.md\/ro\/product\/set-nike-juventus-22-23-baby-hb0430\/","title":{"rendered":"Set Adidas Juventus Tricou+Sorti+Jambieri 22\/23 Baby (HB0430)"},"content":{"rendered":"<p><\/p>\n<p>Dac\u0103 \u0219i tu \u00eel cre\u0219ti pe micu\u021b pentru a r\u0103m\u00e2ne cu \u201eb\u0103tr\u00e2na\u201d, atunci aceasta este solu\u021bia perfect\u0103 pentru tine. C\u0103ma\u0219a este u\u0219or de \u00eembr\u0103cat \u0219i scos, deoarece este realizat\u0103 cu butoane ap\u0103sate pe um\u0103r. \u00cen acela\u0219i timp, are \u0219i AEROREAD, care transport\u0103 umezeala&#8230;<br \/>\nFugtabsorberende AEROREADY<br \/>\nG\u00e2t rotund cu nervuri, cu \u0219tifturi pe um\u0103r<br \/>\nPulover: tricot dublu din poliester 100% reciclat<br \/>\nScurt: Interlock din poliester 100% reciclat<br \/>\nPantaloni scur\u021bi cu talie elastic\u0103<br \/>\nTricoul are piese laterale din plas\u0103<\/p>\n<p><\/p>","protected":false},"excerpt":{"rendered":"<p>Dac\u0103 \u0219i tu \u00eel cre\u0219ti pe micu\u021b pentru a r\u0103m\u00e2ne cu \u201eb\u0103tr\u00e2na\u201d, atunci aceasta este solu\u021bia perfect\u0103 pentru tine. C\u0103ma\u0219a<\/p>\n","protected":false},"featured_media":180103,"template":"","meta":[],"product_brand":[],"product_cat":[2767,330,1828],"product_tag":[],"class_list":{"0":"post-180101","1":"product","2":"type-product","3":"status-publish","4":"has-post-thumbnail","6":"product_cat-toate-hainele-copii","7":"product_cat-tricouri-copii","8":"product_cat-tricouri-copii-fete","10":"first","11":"instock","12":"sale","13":"taxable","14":"shipping-taxable","15":"purchasable","16":"product-type-variable"},"wcpa_form_fields":null,"_links":{"self":[{"href":"https:\/\/dev.prosportmagazin.md\/ro\/wp-json\/wp\/v2\/product\/180101","targetHints":{"allow":["GET"]}}],"collection":[{"href":"https:\/\/dev.prosportmagazin.md\/ro\/wp-json\/wp\/v2\/product"}],"about":[{"href":"https:\/\/dev.prosportmagazin.md\/ro\/wp-json\/wp\/v2\/types\/product"}],"wp:featuredmedia":[{"embeddable":true,"href":"https:\/\/dev.prosportmagazin.md\/ro\/wp-json\/wp\/v2\/media\/180103"}],"wp:attachment":[{"href":"https:\/\/dev.prosportmagazin.md\/ro\/wp-json\/wp\/v2\/media?parent=180101"}],"wp:term":[{"taxonomy":"product_brand","embeddable":true,"href":"https:\/\/dev.prosportmagazin.md\/ro\/wp-json\/wp\/v2\/product_brand?post=180101"},{"taxonomy":"product_cat","embeddable":true,"href":"https:\/\/dev.prosportmagazin.md\/ro\/wp-json\/wp\/v2\/product_cat?post=180101"},{"taxonomy":"product_tag","embeddable":true,"href":"https:\/\/dev.prosportmagazin.md\/ro\/wp-json\/wp\/v2\/product_tag?post=180101"}],"curies":[{"name":"wp","href":"https:\/\/api.w.org\/{rel}","templated":true}]}}