{"id":180991,"date":"2026-02-07T00:00:00","date_gmt":"2026-02-06T21:00:00","guid":{"rendered":"https:\/\/prosport.md\/?post_type=product&#038;p=180991"},"modified":"2026-03-01T09:33:57","modified_gmt":"2026-03-01T07:33:57","slug":"adidasi-mowalola-x-new-balance-9060-burglarwear-u9060ml","status":"publish","type":"product","link":"https:\/\/dev.prosportmagazin.md\/ro\/product\/adidasi-mowalola-x-new-balance-9060-burglarwear-u9060ml\/","title":{"rendered":"Adidasi New Balance 9060 x Mowalola &#8216;Burglarwear &#8211; Teal&#8217; (U9060ML)"},"content":{"rendered":"<p><br \/>\nColec\u021bia New Balance de adida\u0219i streetwear salut\u0103 o alt\u0103 versiune de colaborare, denumindu-l pe designerul nigerian Mowalola Ogunlesi din Londra pentru a oferi siluetei hibride NB9060 o schimbare de look. Iat\u0103 varianta de culoare Mowalola x New Balance 9060, v\u0103zut\u0103 pentru prima dat\u0103 la show-ul Mowalola de prim\u0103var\u0103\/var\u0103 2023 la Paris.<\/p>\n<p>New Balance 9060 este un model de stil de via\u021b\u0103 care \u00eembin\u0103 doi pantofi New Balance remarcabili: legendarul New Balance 990 \u0219i alerg\u0103torii retro New Balance 860. Aceast\u0103 versiune de la Mowalola folose\u0219te un amestec de accente din piele \u0219i plas\u0103 predominant colorate \u00een negru, dar \u00een contrast cu hituri de mov prin siglele \u201eN\u201d pe lateral, suprapuneri pentru antepicior \u0219i c\u0103lc\u00e2i. Designul este complet cu o unitate exagerat\u0103 de talp\u0103 intermediar\u0103 cu amortizare ABZORB sub picior. Dac\u0103 sunte\u021bi \u00een c\u0103utarea unei noi perechi de pantofi sport New Balance de cump\u0103rat, atunci aceast\u0103 colaborare de la marca omonim\u0103 a lui Mowalola Ogunlesi este o necesitate \u2013 mai ales dac\u0103 sunte\u021bi un colec\u021bionar New Balance dedicat.<\/p>\n<p><\/p>","protected":false},"excerpt":{"rendered":"<p>Colec\u021bia New Balance de adida\u0219i streetwear salut\u0103 o alt\u0103 versiune de colaborare, denumindu-l pe designerul nigerian Mowalola Ogunlesi din Londra<\/p>\n","protected":false},"featured_media":273900,"template":"","meta":[],"product_brand":[],"product_cat":[3086,2192,2765,2193,38,142],"product_tag":[],"class_list":{"0":"post-180991","1":"product","2":"type-product","3":"status-publish","4":"has-post-thumbnail","6":"product_cat-big-sale-40","7":"product_cat-toate-incaltaminte-barbati","8":"product_cat-toata-incaltamintea-copii","9":"product_cat-toate-incaltaminte-femei","10":"product_cat-adidasi","11":"product_cat-last-size-last-price","12":"pa_etichete-best-seller","13":"pa_etichete-colaborare","15":"first","16":"instock","17":"sale","18":"featured","19":"taxable","20":"shipping-taxable","21":"purchasable","22":"product-type-variable"},"wcpa_form_fields":null,"_links":{"self":[{"href":"https:\/\/dev.prosportmagazin.md\/ro\/wp-json\/wp\/v2\/product\/180991","targetHints":{"allow":["GET"]}}],"collection":[{"href":"https:\/\/dev.prosportmagazin.md\/ro\/wp-json\/wp\/v2\/product"}],"about":[{"href":"https:\/\/dev.prosportmagazin.md\/ro\/wp-json\/wp\/v2\/types\/product"}],"wp:featuredmedia":[{"embeddable":true,"href":"https:\/\/dev.prosportmagazin.md\/ro\/wp-json\/wp\/v2\/media\/273900"}],"wp:attachment":[{"href":"https:\/\/dev.prosportmagazin.md\/ro\/wp-json\/wp\/v2\/media?parent=180991"}],"wp:term":[{"taxonomy":"product_brand","embeddable":true,"href":"https:\/\/dev.prosportmagazin.md\/ro\/wp-json\/wp\/v2\/product_brand?post=180991"},{"taxonomy":"product_cat","embeddable":true,"href":"https:\/\/dev.prosportmagazin.md\/ro\/wp-json\/wp\/v2\/product_cat?post=180991"},{"taxonomy":"product_tag","embeddable":true,"href":"https:\/\/dev.prosportmagazin.md\/ro\/wp-json\/wp\/v2\/product_tag?post=180991"}],"curies":[{"name":"wp","href":"https:\/\/api.w.org\/{rel}","templated":true}]}}