{"id":183054,"date":"2026-01-17T00:00:00","date_gmt":"2026-01-16T21:00:00","guid":{"rendered":"https:\/\/prosport.md\/?post_type=product&#038;p=183054"},"modified":"2026-03-03T12:46:18","modified_gmt":"2026-03-03T10:46:18","slug":"ghete-adidas-superstar-eg4959","status":"publish","type":"product","link":"https:\/\/dev.prosportmagazin.md\/ro\/product\/ghete-adidas-superstar-eg4959\/","title":{"rendered":"Ghete Adidas Superstar (EG4959)"},"content":{"rendered":"<p><br \/>\nTenisori casual care s\u0103rb\u0103toresc 50 de ani de istorie a \u021binutei stradale.<br \/>\nPantofii adidas Superstar au p\u0103\u0219it pentru prima dat\u0103 pe lemnul tare de baschet \u00een 1970. Nu a durat mult p\u00e2n\u0103 s\u0103 fac\u0103 saltul de la echipamentul de atletism la un element de baz\u0103 pentru streetwear. Ace\u0219ti pantofi scot \u00een eviden\u021b\u0103 materialele, propor\u021biile \u0219i stilul care au f\u0103cut din original o astfel de legend\u0103. Au o parte superioar\u0103 din piele neted\u0103, cu 3 dungi sportive \u0219i o clem\u0103 pentru c\u0103lc\u00e2i. Sunt termina\u021bi cu degetul din cauciuc, celebru \u00een lume.<br \/>\n<\/p>","protected":false},"excerpt":{"rendered":"<p>Tenisori casual care s\u0103rb\u0103toresc 50 de ani de istorie a \u021binutei stradale. Pantofii adidas Superstar au p\u0103\u0219it pentru prima dat\u0103<\/p>\n","protected":false},"featured_media":313884,"template":"","meta":[],"product_brand":[],"product_cat":[2192,2765,2193,39],"product_tag":[293],"class_list":{"0":"post-183054","1":"product","2":"type-product","3":"status-publish","4":"has-post-thumbnail","6":"product_cat-toate-incaltaminte-barbati","7":"product_cat-toata-incaltamintea-copii","8":"product_cat-toate-incaltaminte-femei","9":"product_cat-ghete","10":"product_tag-36-5","11":"pa_etichete-best-seller","13":"first","14":"instock","15":"sale","16":"featured","17":"purchasable","18":"product-type-variable"},"wcpa_form_fields":null,"_links":{"self":[{"href":"https:\/\/dev.prosportmagazin.md\/ro\/wp-json\/wp\/v2\/product\/183054","targetHints":{"allow":["GET"]}}],"collection":[{"href":"https:\/\/dev.prosportmagazin.md\/ro\/wp-json\/wp\/v2\/product"}],"about":[{"href":"https:\/\/dev.prosportmagazin.md\/ro\/wp-json\/wp\/v2\/types\/product"}],"wp:featuredmedia":[{"embeddable":true,"href":"https:\/\/dev.prosportmagazin.md\/ro\/wp-json\/wp\/v2\/media\/313884"}],"wp:attachment":[{"href":"https:\/\/dev.prosportmagazin.md\/ro\/wp-json\/wp\/v2\/media?parent=183054"}],"wp:term":[{"taxonomy":"product_brand","embeddable":true,"href":"https:\/\/dev.prosportmagazin.md\/ro\/wp-json\/wp\/v2\/product_brand?post=183054"},{"taxonomy":"product_cat","embeddable":true,"href":"https:\/\/dev.prosportmagazin.md\/ro\/wp-json\/wp\/v2\/product_cat?post=183054"},{"taxonomy":"product_tag","embeddable":true,"href":"https:\/\/dev.prosportmagazin.md\/ro\/wp-json\/wp\/v2\/product_tag?post=183054"}],"curies":[{"name":"wp","href":"https:\/\/api.w.org\/{rel}","templated":true}]}}