{"id":183139,"date":"2026-01-18T00:00:00","date_gmt":"2026-01-17T21:00:00","guid":{"rendered":"https:\/\/prosport.md\/?post_type=product&#038;p=183139"},"modified":"2026-01-18T13:44:34","modified_gmt":"2026-01-18T10:44:34","slug":"hanorac-nike-sportswear-tech-fleece-fd2979-237","status":"publish","type":"product","link":"https:\/\/dev.prosportmagazin.md\/ro\/product\/hanorac-nike-sportswear-tech-fleece-fd2979-237\/","title":{"rendered":"Hanorac Nike Tech Fleece Sportswear (FD2979-237)"},"content":{"rendered":"<p><\/p>\n<p>Vremea rece nu are nicio \u0219ans\u0103 \u00eempotriva ta \u0219i a pantalonului t\u0103u Tech Fleece. L\u00e2na noastr\u0103 premium, u\u0219oar\u0103, neted\u0103 at\u00e2t la interior, c\u00e2t \u0219i la exterior, v\u0103 ofer\u0103 mult\u0103 c\u0103ldur\u0103, f\u0103r\u0103 a ad\u0103uga volum. De la sanie p\u00e2n\u0103 la doar jocul \u00een frig, acest hanorac este codul de \u00een\u0219el\u0103ciune pentru \u00eenc\u0103lzire f\u0103r\u0103 volum sau greutate suplimentar\u0103.<br \/>\nCuloare afi\u0219at\u0103: maro baroc\/negru\/negru<br \/>\nStil: FD2979-237<\/p>\n<p><\/p>","protected":false},"excerpt":{"rendered":"<p>Vremea rece nu are nicio \u0219ans\u0103 \u00eempotriva ta \u0219i a pantalonului t\u0103u Tech Fleece. L\u00e2na noastr\u0103 premium, u\u0219oar\u0103, neted\u0103 at\u00e2t<\/p>\n","protected":false},"featured_media":183142,"template":"","meta":[],"product_brand":[],"product_cat":[2767,450,1826],"product_tag":[],"class_list":{"0":"post-183139","1":"product","2":"type-product","3":"status-publish","4":"has-post-thumbnail","6":"product_cat-toate-hainele-copii","7":"product_cat-hanorace-copii","8":"product_cat-hanorace-copii-fete","9":"pa_etichete-best-seller","11":"first","12":"instock","13":"sale","14":"taxable","15":"shipping-taxable","16":"purchasable","17":"product-type-variable"},"wcpa_form_fields":null,"_links":{"self":[{"href":"https:\/\/dev.prosportmagazin.md\/ro\/wp-json\/wp\/v2\/product\/183139","targetHints":{"allow":["GET"]}}],"collection":[{"href":"https:\/\/dev.prosportmagazin.md\/ro\/wp-json\/wp\/v2\/product"}],"about":[{"href":"https:\/\/dev.prosportmagazin.md\/ro\/wp-json\/wp\/v2\/types\/product"}],"wp:featuredmedia":[{"embeddable":true,"href":"https:\/\/dev.prosportmagazin.md\/ro\/wp-json\/wp\/v2\/media\/183142"}],"wp:attachment":[{"href":"https:\/\/dev.prosportmagazin.md\/ro\/wp-json\/wp\/v2\/media?parent=183139"}],"wp:term":[{"taxonomy":"product_brand","embeddable":true,"href":"https:\/\/dev.prosportmagazin.md\/ro\/wp-json\/wp\/v2\/product_brand?post=183139"},{"taxonomy":"product_cat","embeddable":true,"href":"https:\/\/dev.prosportmagazin.md\/ro\/wp-json\/wp\/v2\/product_cat?post=183139"},{"taxonomy":"product_tag","embeddable":true,"href":"https:\/\/dev.prosportmagazin.md\/ro\/wp-json\/wp\/v2\/product_tag?post=183139"}],"curies":[{"name":"wp","href":"https:\/\/api.w.org\/{rel}","templated":true}]}}