{"id":185866,"date":"2025-10-30T00:00:00","date_gmt":"2025-10-29T21:00:00","guid":{"rendered":"https:\/\/prosport.md\/?post_type=product&#038;p=185866"},"modified":"2026-01-29T11:00:52","modified_gmt":"2026-01-29T08:00:52","slug":"minge-tenis-mare-4-buc-wilson-champ-xd-tball-wrt110000-sl2166","status":"publish","type":"product","link":"https:\/\/dev.prosportmagazin.md\/ro\/product\/minge-tenis-mare-4-buc-wilson-champ-xd-tball-wrt110000-sl2166\/","title":{"rendered":"Minge Tenis de Camp Wilson Championship Extra Duty (set.4 buc.) (WRT110000)"},"content":{"rendered":"<p><\/p>\n<p data-start=\"40\" data-end=\"266\">Mingea de tenis Wilson Champ XD TBall (cod produs: WRT110000) este conceput\u0103 pentru antrenamentele \u0219i jocurile de tenis pentru copii, av\u00e2nd dimensiuni \u0219i presiune reduse pentru a facilita \u00eenv\u0103\u021barea \u0219i dezvoltarea abilit\u0103\u021bilor.<\/p>\n<p data-start=\"268\" data-end=\"282\"><strong data-start=\"268\" data-end=\"282\">Descriere:<\/strong><\/p>\n<p data-start=\"284\" data-end=\"433\">Aceast\u0103 minge este ideal\u0103 pentru tinerii juc\u0103tori care \u00eencep s\u0103 \u00eenve\u021be tenisul, oferind o traiectorie mai lent\u0103 \u0219i un control mai bun asupra jocului.<\/p>\n<p data-start=\"435\" data-end=\"454\"><strong data-start=\"435\" data-end=\"454\">Caracteristici:<\/strong><\/p>\n<ul data-start=\"456\" data-end=\"747\">\n<li data-start=\"456\" data-end=\"533\">\n<p data-start=\"458\" data-end=\"533\"><strong data-start=\"458\" data-end=\"473\">Dimensiune:<\/strong> M\u0103rimea 1, conform standardelor ITF pentru tenisul juvenil.<\/p>\n<\/li>\n<li data-start=\"535\" data-end=\"601\">\n<p data-start=\"537\" data-end=\"601\"><strong data-start=\"537\" data-end=\"550\">Presiune:<\/strong> Presiune redus\u0103 pentru o vitez\u0103 mai mic\u0103 a mingii.<\/p>\n<\/li>\n<li data-start=\"603\" data-end=\"682\">\n<p data-start=\"605\" data-end=\"682\"><strong data-start=\"605\" data-end=\"618\">Material:<\/strong> Felt de calitate superioar\u0103 pentru durabilitate \u0219i performan\u021b\u0103.<\/p>\n<\/li>\n<li data-start=\"684\" data-end=\"747\">\n<p data-start=\"686\" data-end=\"747\"><strong data-start=\"686\" data-end=\"698\">Culoare:<\/strong> Galben fluorescent pentru vizibilitate crescut\u0103.<\/p>\n<\/li>\n<\/ul>\n<p data-start=\"749\" data-end=\"764\"><strong data-start=\"749\" data-end=\"764\">Compozi\u021bie:<\/strong><\/p>\n<ul data-start=\"766\" data-end=\"850\">\n<li data-start=\"766\" data-end=\"815\">\n<p data-start=\"768\" data-end=\"815\"><strong data-start=\"768\" data-end=\"777\">Felt:<\/strong> Material sintetic de \u00eenalt\u0103 calitate.<\/p>\n<\/li>\n<li data-start=\"817\" data-end=\"850\">\n<p data-start=\"819\" data-end=\"850\"><strong data-start=\"819\" data-end=\"830\">Camer\u0103:<\/strong> Butil\u0103 presurizat\u0103.<\/p>\n<\/li>\n<\/ul>\n<p><\/p>","protected":false},"excerpt":{"rendered":"<p>Mingea de tenis Wilson Champ XD TBall (cod produs: WRT110000) este conceput\u0103 pentru antrenamentele \u0219i jocurile de tenis pentru copii,<\/p>\n","protected":false},"featured_media":185868,"template":"","meta":[],"product_brand":[],"product_cat":[607],"product_tag":[],"class_list":{"0":"post-185866","1":"product","2":"type-product","3":"status-publish","4":"has-post-thumbnail","6":"product_cat-tenis-de-camp","8":"first","9":"instock","10":"purchasable","11":"product-type-variable"},"wcpa_form_fields":null,"_links":{"self":[{"href":"https:\/\/dev.prosportmagazin.md\/ro\/wp-json\/wp\/v2\/product\/185866","targetHints":{"allow":["GET"]}}],"collection":[{"href":"https:\/\/dev.prosportmagazin.md\/ro\/wp-json\/wp\/v2\/product"}],"about":[{"href":"https:\/\/dev.prosportmagazin.md\/ro\/wp-json\/wp\/v2\/types\/product"}],"wp:featuredmedia":[{"embeddable":true,"href":"https:\/\/dev.prosportmagazin.md\/ro\/wp-json\/wp\/v2\/media\/185868"}],"wp:attachment":[{"href":"https:\/\/dev.prosportmagazin.md\/ro\/wp-json\/wp\/v2\/media?parent=185866"}],"wp:term":[{"taxonomy":"product_brand","embeddable":true,"href":"https:\/\/dev.prosportmagazin.md\/ro\/wp-json\/wp\/v2\/product_brand?post=185866"},{"taxonomy":"product_cat","embeddable":true,"href":"https:\/\/dev.prosportmagazin.md\/ro\/wp-json\/wp\/v2\/product_cat?post=185866"},{"taxonomy":"product_tag","embeddable":true,"href":"https:\/\/dev.prosportmagazin.md\/ro\/wp-json\/wp\/v2\/product_tag?post=185866"}],"curies":[{"name":"wp","href":"https:\/\/api.w.org\/{rel}","templated":true}]}}