{"id":185920,"date":"2025-08-24T00:00:00","date_gmt":"2025-08-23T21:00:00","guid":{"rendered":"https:\/\/prosport.md\/?post_type=product&#038;p=185920"},"modified":"2025-11-05T12:32:12","modified_gmt":"2025-11-05T09:32:12","slug":"bampuri-adidas-predator-24-league-turf-boots-ig7718","status":"publish","type":"product","link":"https:\/\/dev.prosportmagazin.md\/ro\/product\/bampuri-adidas-predator-24-league-turf-boots-ig7718\/","title":{"rendered":"Bampuri Adidas Predator 24 League TF (IG7718)"},"content":{"rendered":"<p><\/p>\n<p>Potrivire obi\u0219nuit\u0103<br \/>\nInchidere cu dantela<br \/>\nPartea superioar\u0103 Hybridfeel cu elemente Strikescale<br \/>\nGuler Adiknit<br \/>\nC\u0103ptu\u0219eal\u0103 textil\u0103<br \/>\nConstructie mijlocie<br \/>\nTalp\u0103 exterioar\u0103 din cauciuc pentru gazon artificial<br \/>\nCon\u021bine cel pu\u021bin 20% con\u021binut reciclat<br \/>\nCuloare: Core Black \/ Cloud White \/ Solar Red<br \/>\nCod produs: IG7718<\/p>\n<p><\/p>","protected":false},"excerpt":{"rendered":"<p>Potrivire obi\u0219nuit\u0103 Inchidere cu dantela Partea superioar\u0103 Hybridfeel cu elemente Strikescale Guler Adiknit C\u0103ptu\u0219eal\u0103 textil\u0103 Constructie mijlocie Talp\u0103 exterioar\u0103 din<\/p>\n","protected":false},"featured_media":274015,"template":"","meta":[],"product_brand":[],"product_cat":[2192,2765,1293],"product_tag":[],"class_list":{"0":"post-185920","1":"product","2":"type-product","3":"status-publish","4":"has-post-thumbnail","6":"product_cat-toate-incaltaminte-barbati","7":"product_cat-toata-incaltamintea-copii","8":"product_cat-bampuri","9":"pa_suprafata-tf-astro-turf","11":"first","12":"instock","13":"sale","14":"taxable","15":"shipping-taxable","16":"purchasable","17":"product-type-variable"},"wcpa_form_fields":null,"_links":{"self":[{"href":"https:\/\/dev.prosportmagazin.md\/ro\/wp-json\/wp\/v2\/product\/185920","targetHints":{"allow":["GET"]}}],"collection":[{"href":"https:\/\/dev.prosportmagazin.md\/ro\/wp-json\/wp\/v2\/product"}],"about":[{"href":"https:\/\/dev.prosportmagazin.md\/ro\/wp-json\/wp\/v2\/types\/product"}],"wp:featuredmedia":[{"embeddable":true,"href":"https:\/\/dev.prosportmagazin.md\/ro\/wp-json\/wp\/v2\/media\/274015"}],"wp:attachment":[{"href":"https:\/\/dev.prosportmagazin.md\/ro\/wp-json\/wp\/v2\/media?parent=185920"}],"wp:term":[{"taxonomy":"product_brand","embeddable":true,"href":"https:\/\/dev.prosportmagazin.md\/ro\/wp-json\/wp\/v2\/product_brand?post=185920"},{"taxonomy":"product_cat","embeddable":true,"href":"https:\/\/dev.prosportmagazin.md\/ro\/wp-json\/wp\/v2\/product_cat?post=185920"},{"taxonomy":"product_tag","embeddable":true,"href":"https:\/\/dev.prosportmagazin.md\/ro\/wp-json\/wp\/v2\/product_tag?post=185920"}],"curies":[{"name":"wp","href":"https:\/\/api.w.org\/{rel}","templated":true}]}}