{"id":187892,"date":"2025-01-31T17:30:46","date_gmt":"2025-01-31T14:30:46","guid":{"rendered":"https:\/\/prosport.md\/?post_type=product&#038;p=187892"},"modified":"2025-10-06T18:02:11","modified_gmt":"2025-10-06T15:02:11","slug":"slapi-crocs-mega-crush-clog-207988-0c4","status":"publish","type":"product","link":"https:\/\/dev.prosportmagazin.md\/ro\/product\/slapi-crocs-mega-crush-clog-207988-0c4\/","title":{"rendered":"Saboti Crocs Mega Crush Clog (207988-0C4)"},"content":{"rendered":"<p><br \/>\nDESCRIERE<br \/>\nCrocs Pollex este compus din 3 dintre amprentele semn\u0103turii lui Salehe Bembury \u00eembinate \u00eempreun\u0103, cu creste concave dramatice care permit trac\u021biunea multidirec\u021bional\u0103. G\u0103urile g\u0103site pe partea superioar\u0103 a Crocs Pollex sunt proiectate s\u0103 se alinieze cu zonele cu c\u0103ldur\u0103 ridicat\u0103 ale piciorului pentru o respirabilitate sporit\u0103.<\/p>\n<p>&#8211; Crocs The Pollex Clog x Salehe Bembury Horchata<\/p>\n<p>&#8211; Construc\u021bie cu spum\u0103<\/p>\n<p>&#8211; Planta Croslite\u2122<\/p>\n<p>&#8211; Curea reglabil\u0103 pentru c\u0103lc\u00e2i<\/p>\n<p>&#8211; Duo Branding<br \/>\n<\/p>","protected":false},"excerpt":{"rendered":"<p>DESCRIERE Crocs Pollex este compus din 3 dintre amprentele semn\u0103turii lui Salehe Bembury \u00eembinate \u00eempreun\u0103, cu creste concave dramatice care<\/p>\n","protected":false},"featured_media":187894,"template":"","meta":[],"product_brand":[],"product_cat":[2192,2765,2193,206,202],"product_tag":[],"class_list":{"0":"post-187892","1":"product","2":"type-product","3":"status-publish","4":"has-post-thumbnail","6":"product_cat-toate-incaltaminte-barbati","7":"product_cat-toata-incaltamintea-copii","8":"product_cat-toate-incaltaminte-femei","9":"product_cat-sandale","10":"product_cat-slapi","12":"first","13":"instock","14":"sale","15":"taxable","16":"shipping-taxable","17":"purchasable","18":"product-type-variable"},"wcpa_form_fields":null,"_links":{"self":[{"href":"https:\/\/dev.prosportmagazin.md\/ro\/wp-json\/wp\/v2\/product\/187892","targetHints":{"allow":["GET"]}}],"collection":[{"href":"https:\/\/dev.prosportmagazin.md\/ro\/wp-json\/wp\/v2\/product"}],"about":[{"href":"https:\/\/dev.prosportmagazin.md\/ro\/wp-json\/wp\/v2\/types\/product"}],"wp:featuredmedia":[{"embeddable":true,"href":"https:\/\/dev.prosportmagazin.md\/ro\/wp-json\/wp\/v2\/media\/187894"}],"wp:attachment":[{"href":"https:\/\/dev.prosportmagazin.md\/ro\/wp-json\/wp\/v2\/media?parent=187892"}],"wp:term":[{"taxonomy":"product_brand","embeddable":true,"href":"https:\/\/dev.prosportmagazin.md\/ro\/wp-json\/wp\/v2\/product_brand?post=187892"},{"taxonomy":"product_cat","embeddable":true,"href":"https:\/\/dev.prosportmagazin.md\/ro\/wp-json\/wp\/v2\/product_cat?post=187892"},{"taxonomy":"product_tag","embeddable":true,"href":"https:\/\/dev.prosportmagazin.md\/ro\/wp-json\/wp\/v2\/product_tag?post=187892"}],"curies":[{"name":"wp","href":"https:\/\/api.w.org\/{rel}","templated":true}]}}