{"id":189414,"date":"2025-12-20T00:00:00","date_gmt":"2025-12-19T21:00:00","guid":{"rendered":"https:\/\/prosport.md\/?post_type=product&#038;p=189414"},"modified":"2025-12-20T19:48:47","modified_gmt":"2025-12-20T16:48:47","slug":"hanorac-gymshark-training-zip-up-jacket-b2a4b-ecbb","status":"publish","type":"product","link":"https:\/\/dev.prosportmagazin.md\/ro\/product\/hanorac-gymshark-training-zip-up-jacket-b2a4b-ecbb\/","title":{"rendered":"Hanorac Gymshark Training Zip Up Jacket (B2A4B-ECBB)"},"content":{"rendered":"<p><\/p>\n<p>Colec\u021bia plin\u0103 de piese pop colorate \u0219i modele combinate \u0219i asortate, Training este alegerea ta, indiferent de sesiunea ta.<\/p>\n<p>\u2022 Fermoar pe toat\u0103 lungimea (cu ap\u0103r\u0103toare pentru fermoar) \u00een fa\u021b\u0103<br \/>\n\u2022 Lambriuri cu form\u0103 fizic\u0103<br \/>\n\u2022 Buzunare laterale securizate cu fermoar<\/p>\n<p><\/p>","protected":false},"excerpt":{"rendered":"<p>Colec\u021bia plin\u0103 de piese pop colorate \u0219i modele combinate \u0219i asortate, Training este alegerea ta, indiferent de sesiunea ta. \u2022<\/p>\n","protected":false},"featured_media":189420,"template":"","meta":[],"product_brand":[],"product_cat":[3086,2195,413,444],"product_tag":[],"class_list":{"0":"post-189414","1":"product","2":"type-product","3":"status-publish","4":"has-post-thumbnail","6":"product_cat-big-sale-40","7":"product_cat-toate-hainele-femei","8":"product_cat-hanorace-femei","9":"product_cat-tricouri-femei","11":"first","12":"instock","13":"sale","14":"taxable","15":"shipping-taxable","16":"purchasable","17":"product-type-variable"},"wcpa_form_fields":null,"_links":{"self":[{"href":"https:\/\/dev.prosportmagazin.md\/ro\/wp-json\/wp\/v2\/product\/189414","targetHints":{"allow":["GET"]}}],"collection":[{"href":"https:\/\/dev.prosportmagazin.md\/ro\/wp-json\/wp\/v2\/product"}],"about":[{"href":"https:\/\/dev.prosportmagazin.md\/ro\/wp-json\/wp\/v2\/types\/product"}],"wp:featuredmedia":[{"embeddable":true,"href":"https:\/\/dev.prosportmagazin.md\/ro\/wp-json\/wp\/v2\/media\/189420"}],"wp:attachment":[{"href":"https:\/\/dev.prosportmagazin.md\/ro\/wp-json\/wp\/v2\/media?parent=189414"}],"wp:term":[{"taxonomy":"product_brand","embeddable":true,"href":"https:\/\/dev.prosportmagazin.md\/ro\/wp-json\/wp\/v2\/product_brand?post=189414"},{"taxonomy":"product_cat","embeddable":true,"href":"https:\/\/dev.prosportmagazin.md\/ro\/wp-json\/wp\/v2\/product_cat?post=189414"},{"taxonomy":"product_tag","embeddable":true,"href":"https:\/\/dev.prosportmagazin.md\/ro\/wp-json\/wp\/v2\/product_tag?post=189414"}],"curies":[{"name":"wp","href":"https:\/\/api.w.org\/{rel}","templated":true}]}}