{"id":191738,"date":"2025-12-04T00:00:00","date_gmt":"2025-12-03T21:00:00","guid":{"rendered":"https:\/\/prosport.md\/?post_type=product&#038;p=191738"},"modified":"2025-12-04T15:32:55","modified_gmt":"2025-12-04T12:32:55","slug":"set-tenis-de-masa-donic-schildkrot-fetzner-400-sl5388","status":"publish","type":"product","link":"https:\/\/dev.prosportmagazin.md\/ro\/product\/set-tenis-de-masa-donic-schildkrot-fetzner-400-sl5388\/","title":{"rendered":"Set Palete Tenis de Masa (2 palete + 3 mingi) 1.6 mm Donic Fetzner 400 (788468)"},"content":{"rendered":"<p><\/p>\n<p>Setul de tenis de mas\u0103 Donic Fetzner 400 (cod 788468) este un set de nivel de \u00eenceput de la renumitul brand german Donic-Schildkr\u00f6t, destinat iubitorilor \u0219i elevilor, precum \u0219i celor care abia \u00eencep s\u0103 \u00eenve\u021be tenisul de mas\u0103.<\/p>\n<p>\ud83d\udd39 Componentele setului:<br \/>\n2 palete cu cauciuc Jade de 1,6 mm<br \/>\n3 mingi de 40 mm, clas\u0103 1*<br \/>\nAmbalaj: cutie de suspendat, u\u0219or de depozitat \u0219i transportat<\/p>\n<p>\ud83d\udd39 Caracteristici:<br \/>\nMaterialul paletelor: lemn certificat FSC<br \/>\nForma m\u00e2nerului: conic<\/p>\n<p><\/p>","protected":false},"excerpt":{"rendered":"<p>Setul de tenis de mas\u0103 Donic Fetzner 400 (cod 788468) este un set de nivel de \u00eenceput de la renumitul<\/p>\n","protected":false},"featured_media":229553,"template":"","meta":[],"product_brand":[],"product_cat":[608],"product_tag":[],"class_list":{"0":"post-191738","1":"product","2":"type-product","3":"status-publish","4":"has-post-thumbnail","6":"product_cat-tenis-de-masa","8":"first","9":"instock","10":"taxable","11":"shipping-taxable","12":"purchasable","13":"product-type-variable"},"wcpa_form_fields":null,"_links":{"self":[{"href":"https:\/\/dev.prosportmagazin.md\/ro\/wp-json\/wp\/v2\/product\/191738","targetHints":{"allow":["GET"]}}],"collection":[{"href":"https:\/\/dev.prosportmagazin.md\/ro\/wp-json\/wp\/v2\/product"}],"about":[{"href":"https:\/\/dev.prosportmagazin.md\/ro\/wp-json\/wp\/v2\/types\/product"}],"wp:featuredmedia":[{"embeddable":true,"href":"https:\/\/dev.prosportmagazin.md\/ro\/wp-json\/wp\/v2\/media\/229553"}],"wp:attachment":[{"href":"https:\/\/dev.prosportmagazin.md\/ro\/wp-json\/wp\/v2\/media?parent=191738"}],"wp:term":[{"taxonomy":"product_brand","embeddable":true,"href":"https:\/\/dev.prosportmagazin.md\/ro\/wp-json\/wp\/v2\/product_brand?post=191738"},{"taxonomy":"product_cat","embeddable":true,"href":"https:\/\/dev.prosportmagazin.md\/ro\/wp-json\/wp\/v2\/product_cat?post=191738"},{"taxonomy":"product_tag","embeddable":true,"href":"https:\/\/dev.prosportmagazin.md\/ro\/wp-json\/wp\/v2\/product_tag?post=191738"}],"curies":[{"name":"wp","href":"https:\/\/api.w.org\/{rel}","templated":true}]}}