{"id":192052,"date":"2023-01-14T18:23:14","date_gmt":"2023-01-14T15:23:14","guid":{"rendered":"https:\/\/prosport.md\/?post_type=product&#038;p=192052"},"modified":"2025-12-18T13:50:56","modified_gmt":"2025-12-18T10:50:56","slug":"panou-basket-sl1157","status":"publish","type":"product","link":"https:\/\/dev.prosportmagazin.md\/ro\/product\/panou-basket-sl1157\/","title":{"rendered":"Panou Basket Spartan (SL1157)"},"content":{"rendered":"<p><\/p>\n<p data-start=\"0\" data-end=\"224\">\u00a0 \u00a0Panoul de baschet Spartan Pro este o op\u021biune excelent\u0103 pentru cei care doresc s\u0103 practice baschetul acas\u0103 sau \u00een aer liber. Acest panou portabil ofer\u0103 o structur\u0103 durabil\u0103 \u0219i stabil\u0103, fiind u\u0219or de ajustat \u0219i de transportat.<\/p>\n<p data-start=\"226\" data-end=\"256\"><strong data-start=\"226\" data-end=\"256\">Caracteristici principale:<\/strong><\/p>\n<ul data-start=\"258\" data-end=\"1203\">\n<li data-start=\"258\" data-end=\"413\">\n<p data-start=\"260\" data-end=\"413\"><strong data-start=\"260\" data-end=\"283\">\u00cen\u0103l\u021bime reglabil\u0103:<\/strong> Inelul poate fi ajustat \u00eentre 240 \u0219i 305 cm, permi\u021b\u00e2nd adaptarea la diferite nivele de joc.<\/p>\n<\/li>\n<li data-start=\"415\" data-end=\"557\">\n<p data-start=\"417\" data-end=\"557\"><strong data-start=\"417\" data-end=\"438\">Dimensiuni panou:<\/strong> Panoul are dimensiunile de 122 x 71 x 3 cm, oferind o suprafa\u021b\u0103 de joc adecvat\u0103.<\/p>\n<\/li>\n<li data-start=\"559\" data-end=\"730\">\n<p data-start=\"561\" data-end=\"730\"><strong data-start=\"561\" data-end=\"578\">Baz\u0103 stabil\u0103:<\/strong> Baza poate fi umplut\u0103 cu ap\u0103 (160 l) sau nisip (240 kg) pentru a asigura stabilitatea necesar\u0103 \u00een timpul jocului.<\/p>\n<\/li>\n<li data-start=\"732\" data-end=\"919\">\n<p data-start=\"734\" data-end=\"919\"><strong data-start=\"734\" data-end=\"760\">Materiale de calitate:<\/strong> Panoul este fabricat din acrilat extrem de rezistent, iar inelul este flexibil, adapt\u00e2ndu-se la diferite stiluri de joc.<\/p>\n<\/li>\n<li data-start=\"921\" data-end=\"1042\">\n<p data-start=\"923\" data-end=\"1042\"><strong data-start=\"923\" data-end=\"942\">Transport u\u0219or:<\/strong> Echipat cu ro\u021bi pentru o manevrare facil\u0103 \u0219i transport rapid.<\/p>\n<\/li>\n<li data-start=\"1044\" data-end=\"1203\">\n<p data-start=\"1046\" data-end=\"1203\"><strong data-start=\"1046\" data-end=\"1070\">Dimensiuni generale:<\/strong> Dimensiunile totale ale bazei sunt 128 x 79 cm, iar greutatea total\u0103 a panoului este de 40 kg.<\/p>\n<\/li>\n<\/ul>\n<p data-start=\"1205\" data-end=\"1469\">Acest panou este ideal pentru utilizare \u00een aer liber, oferind o experien\u021b\u0103 de joc de calitate superioar\u0103.<\/p>\n<p>\u00a0<\/p>\n<p><\/p>","protected":false},"excerpt":{"rendered":"<p>\u00a0 \u00a0Panoul de baschet Spartan Pro este o op\u021biune excelent\u0103 pentru cei care doresc s\u0103 practice baschetul acas\u0103 sau \u00een<\/p>\n","protected":false},"featured_media":192053,"template":"","meta":[],"product_brand":[],"product_cat":[2196,2197,831,385,1421,2109,528],"product_tag":[],"class_list":{"0":"post-192052","1":"product","2":"type-product","3":"status-publish","4":"has-post-thumbnail","6":"product_cat-toate-accesoriile-barbati","7":"product_cat-toate-accesoriile-femei","8":"product_cat-echipament-sportiv","9":"product_cat-inventar-altele","10":"product_cat-mingi","11":"product_cat-basketball","12":"product_cat-precomanda","13":"pa_etichete-la-comanda","15":"first","16":"instock","17":"taxable","18":"shipping-taxable","19":"purchasable","20":"product-type-variable"},"wcpa_form_fields":null,"_links":{"self":[{"href":"https:\/\/dev.prosportmagazin.md\/ro\/wp-json\/wp\/v2\/product\/192052","targetHints":{"allow":["GET"]}}],"collection":[{"href":"https:\/\/dev.prosportmagazin.md\/ro\/wp-json\/wp\/v2\/product"}],"about":[{"href":"https:\/\/dev.prosportmagazin.md\/ro\/wp-json\/wp\/v2\/types\/product"}],"wp:featuredmedia":[{"embeddable":true,"href":"https:\/\/dev.prosportmagazin.md\/ro\/wp-json\/wp\/v2\/media\/192053"}],"wp:attachment":[{"href":"https:\/\/dev.prosportmagazin.md\/ro\/wp-json\/wp\/v2\/media?parent=192052"}],"wp:term":[{"taxonomy":"product_brand","embeddable":true,"href":"https:\/\/dev.prosportmagazin.md\/ro\/wp-json\/wp\/v2\/product_brand?post=192052"},{"taxonomy":"product_cat","embeddable":true,"href":"https:\/\/dev.prosportmagazin.md\/ro\/wp-json\/wp\/v2\/product_cat?post=192052"},{"taxonomy":"product_tag","embeddable":true,"href":"https:\/\/dev.prosportmagazin.md\/ro\/wp-json\/wp\/v2\/product_tag?post=192052"}],"curies":[{"name":"wp","href":"https:\/\/api.w.org\/{rel}","templated":true}]}}