{"id":194074,"date":"2025-11-29T00:00:00","date_gmt":"2025-11-28T21:00:00","guid":{"rendered":"https:\/\/prosport.md\/?post_type=product&#038;p=194074"},"modified":"2026-02-02T13:04:54","modified_gmt":"2026-02-02T10:04:54","slug":"boxeri-calvin-klein-trunks-modern-cotton-000nb3963a-ub1","status":"publish","type":"product","link":"https:\/\/dev.prosportmagazin.md\/ro\/product\/boxeri-calvin-klein-trunks-modern-cotton-000nb3963a-ub1\/","title":{"rendered":"Lenjerie Calvin Klein Trunks &#8211; Modern Cotton 3 Pack (000NB3963A-UB1)"},"content":{"rendered":"<p><\/p>\n<p>Alege\u021bi confortul respirabil \u0219i un aspect sportiv cu gama noastr\u0103 de lenjerie \u0219i lenjerie de relaxare MODERN COTTON.<\/p>\n<p>Aceste trunchiuri sunt realizate cu 95% bumbac regenerativ, crescut folosind metode de agricultur\u0103 care urm\u0103resc s\u0103 \u00eembun\u0103t\u0103\u021beasc\u0103 s\u0103n\u0103tatea solului, bazinele hidrografice \u0219i biodiversitatea.<\/p>\n<p>\u2022 amestec bumbac elastan<br \/>\u2022 talie cu talie medie<br \/>\u2022 Band\u0103 elastic\u0103 semn\u0103tur\u0103 Calvin Klein<\/p>\n<p>95% bumbac 5% elastan<br \/>spalat la masina<br \/>uscare la rufe la sc\u0103zut<\/p>\n<p>tara de origine: Bangladesh<\/p>\n<p>Boxerii, cuferele \u0219i slipurile pot fi returnate numai dac\u0103 nu sunt deschise \u00een ambalajul original, nepurtate \u0219i \u00een aceea\u0219i stare \u00een care au fost livrate, cu toate etichetele ata\u0219ate.<\/p>\n<p><\/p>\n<p>\u00a0<\/p>\n<p>\u00a0<\/p>","protected":false},"excerpt":{"rendered":"<p>Alege\u021bi confortul respirabil \u0219i un aspect sportiv cu gama noastr\u0103 de lenjerie \u0219i lenjerie de relaxare MODERN COTTON. Aceste trunchiuri<\/p>\n","protected":false},"featured_media":292382,"template":"","meta":[],"product_brand":[],"product_cat":[2194,429],"product_tag":[],"class_list":{"0":"post-194074","1":"product","2":"type-product","3":"status-publish","4":"has-post-thumbnail","6":"product_cat-toate-hainele-barbati","7":"product_cat-lenjerie-barbati","9":"first","10":"instock","11":"taxable","12":"shipping-taxable","13":"purchasable","14":"product-type-variable"},"wcpa_form_fields":null,"_links":{"self":[{"href":"https:\/\/dev.prosportmagazin.md\/ro\/wp-json\/wp\/v2\/product\/194074","targetHints":{"allow":["GET"]}}],"collection":[{"href":"https:\/\/dev.prosportmagazin.md\/ro\/wp-json\/wp\/v2\/product"}],"about":[{"href":"https:\/\/dev.prosportmagazin.md\/ro\/wp-json\/wp\/v2\/types\/product"}],"wp:featuredmedia":[{"embeddable":true,"href":"https:\/\/dev.prosportmagazin.md\/ro\/wp-json\/wp\/v2\/media\/292382"}],"wp:attachment":[{"href":"https:\/\/dev.prosportmagazin.md\/ro\/wp-json\/wp\/v2\/media?parent=194074"}],"wp:term":[{"taxonomy":"product_brand","embeddable":true,"href":"https:\/\/dev.prosportmagazin.md\/ro\/wp-json\/wp\/v2\/product_brand?post=194074"},{"taxonomy":"product_cat","embeddable":true,"href":"https:\/\/dev.prosportmagazin.md\/ro\/wp-json\/wp\/v2\/product_cat?post=194074"},{"taxonomy":"product_tag","embeddable":true,"href":"https:\/\/dev.prosportmagazin.md\/ro\/wp-json\/wp\/v2\/product_tag?post=194074"}],"curies":[{"name":"wp","href":"https:\/\/api.w.org\/{rel}","templated":true}]}}