{"id":195299,"date":"2025-03-04T11:41:37","date_gmt":"2025-03-04T09:41:37","guid":{"rendered":"https:\/\/prosport.md\/?post_type=product&#038;p=195299"},"modified":"2026-02-21T11:45:12","modified_gmt":"2026-02-21T09:45:12","slug":"geanta-ea7-emporio-armani-duffel-bag-245089-cc940-02021","status":"publish","type":"product","link":"https:\/\/dev.prosportmagazin.md\/ro\/product\/geanta-ea7-emporio-armani-duffel-bag-245089-cc940-02021\/","title":{"rendered":"Geanta EA7 Emporio Armani Train Core (25L) (245089-CC940-02021)"},"content":{"rendered":"<p><\/p>\n<p>Logo-ul contrastant este caracteristica principal\u0103 a acestei gen\u021bi de voiaj din material reciclat. Interiorul s\u0103u spa\u021bios \u0219i bine organizat con\u021bine tot ce ai nevoie pentru sal\u0103. Foarte versatil\u0103, are o curea de um\u0103r reglabil\u0103 \u0219i dou\u0103 buzunare exterioare cu fermoar, fiind perfect\u0103 pentru o ie\u0219ire \u00een afara ora\u0219ului.<\/p>\n<p>Compozi\u021bie:<br \/>\nMaterial: 100% poliester<br \/>\nC\u0103ptu\u0219eal\u0103: 100% poliester<\/p>\n<p>Detalii:<br \/>\n\u00cenchidere cu fermoar<br \/>\nDou\u0103 buzunare exterioare cu fermoar<br \/>\nDou\u0103 m\u00e2nere<br \/>\nCurea de um\u0103r reglabil\u0103 \u0219i deta\u0219abil\u0103, din ching\u0103<br \/>\nCompartimente interioare<br \/>\nLogo EA7 contrastant, supradimensionat<br \/>\nDimensiuni: 58,5 x 28 x 20 cm<br \/>\nVolum: 25 litri<br \/>\n <\/p>","protected":false},"excerpt":{"rendered":"<p>Logo-ul contrastant este caracteristica principal\u0103 a acestei gen\u021bi de voiaj din material reciclat. Interiorul s\u0103u spa\u021bios \u0219i bine organizat con\u021bine<\/p>\n","protected":false},"featured_media":315783,"template":"","meta":[],"product_brand":[],"product_cat":[2196,2766,2197,43,953],"product_tag":[],"class_list":{"0":"post-195299","1":"product","2":"type-product","3":"status-publish","4":"has-post-thumbnail","6":"product_cat-toate-accesoriile-barbati","7":"product_cat-toate-accesoriile-copii","8":"product_cat-toate-accesoriile-femei","9":"product_cat-genti","10":"product_cat-genti-femei","12":"first","13":"instock","14":"featured","15":"purchasable","16":"product-type-variable"},"wcpa_form_fields":null,"_links":{"self":[{"href":"https:\/\/dev.prosportmagazin.md\/ro\/wp-json\/wp\/v2\/product\/195299","targetHints":{"allow":["GET"]}}],"collection":[{"href":"https:\/\/dev.prosportmagazin.md\/ro\/wp-json\/wp\/v2\/product"}],"about":[{"href":"https:\/\/dev.prosportmagazin.md\/ro\/wp-json\/wp\/v2\/types\/product"}],"wp:featuredmedia":[{"embeddable":true,"href":"https:\/\/dev.prosportmagazin.md\/ro\/wp-json\/wp\/v2\/media\/315783"}],"wp:attachment":[{"href":"https:\/\/dev.prosportmagazin.md\/ro\/wp-json\/wp\/v2\/media?parent=195299"}],"wp:term":[{"taxonomy":"product_brand","embeddable":true,"href":"https:\/\/dev.prosportmagazin.md\/ro\/wp-json\/wp\/v2\/product_brand?post=195299"},{"taxonomy":"product_cat","embeddable":true,"href":"https:\/\/dev.prosportmagazin.md\/ro\/wp-json\/wp\/v2\/product_cat?post=195299"},{"taxonomy":"product_tag","embeddable":true,"href":"https:\/\/dev.prosportmagazin.md\/ro\/wp-json\/wp\/v2\/product_tag?post=195299"}],"curies":[{"name":"wp","href":"https:\/\/api.w.org\/{rel}","templated":true}]}}