{"id":200705,"date":"2025-12-20T00:00:00","date_gmt":"2025-12-19T21:00:00","guid":{"rendered":"https:\/\/prosport.md\/?post_type=product&#038;p=200705"},"modified":"2025-12-20T20:08:22","modified_gmt":"2025-12-20T17:08:22","slug":"top-adidas-running-medium-support-bra-hs7258","status":"publish","type":"product","link":"https:\/\/dev.prosportmagazin.md\/ro\/product\/top-adidas-running-medium-support-bra-hs7258\/","title":{"rendered":"Top Adidas Running Medium &#8211; Support Bra (HS7258)"},"content":{"rendered":"<p class=\"\" data-start=\"0\" data-end=\"638\"><br data-start=\"5\" data-end=\"8\" \/><strong data-start=\"8\" data-end=\"49\">Top Adidas Running Medium-Support Bra<\/strong><br data-start=\"49\" data-end=\"52\" \/>Topul Adidas Running Medium-Support Bra este conceput pentru a oferi suport de nivel mediu \u00een timpul alerg\u0103rilor \u0219i altor activit\u0103\u021bi cu impact moderat. Fabricat din materiale elastice \u0219i respirabile, acest top asigur\u0103 confortul necesar pentru o gam\u0103 larg\u0103 de activit\u0103\u021bi sportive. Tehnologia <strong data-start=\"343\" data-end=\"356\">AEROREADY<\/strong> regleaz\u0103 umiditatea, men\u021bin\u00e2ndu-\u021bi pielea uscat\u0103 \u0219i confortabil\u0103 chiar \u0219i \u00een timpul celor mai intense antrenamente. Bretelele reglabile \u0219i banda elastic\u0103 ofer\u0103 o potrivire personalizat\u0103, iar designul ergonomic previne irita\u021biile \u0219i frecarea, asigur\u00e2nd un confort de lung\u0103 durat\u0103.<\/p>\n<p class=\"\" data-start=\"640\" data-end=\"661\"><strong data-start=\"640\" data-end=\"659\">Caracteristici:<\/strong><\/p>\n<ul data-start=\"662\" data-end=\"1027\">\n<li class=\"\" data-start=\"662\" data-end=\"714\">\n<p class=\"\" data-start=\"664\" data-end=\"714\">Suport mediu pentru activit\u0103\u021bi cu impact moderat<\/p>\n<\/li>\n<li class=\"\" data-start=\"715\" data-end=\"770\">\n<p class=\"\" data-start=\"717\" data-end=\"770\">Material elastic \u0219i respirabil pentru confort maxim<\/p>\n<\/li>\n<li class=\"\" data-start=\"771\" data-end=\"847\">\n<p class=\"\" data-start=\"773\" data-end=\"847\">Tehnologia <strong data-start=\"784\" data-end=\"797\">AEROREADY<\/strong> pentru men\u021binerea pielii uscate \u0219i confortabile<\/p>\n<\/li>\n<li class=\"\" data-start=\"848\" data-end=\"915\">\n<p class=\"\" data-start=\"850\" data-end=\"915\">Bretele reglabile \u0219i band\u0103 elastic\u0103 pentru o potrivire perfect\u0103<\/p>\n<\/li>\n<li class=\"\" data-start=\"916\" data-end=\"966\">\n<p class=\"\" data-start=\"918\" data-end=\"966\">Design ergonomic pentru prevenirea irita\u021biilor<\/p>\n<\/li>\n<li class=\"\" data-start=\"967\" data-end=\"1027\">\n<p class=\"\" data-start=\"969\" data-end=\"1027\">Ideal pentru alergare, fitness \u0219i alte activit\u0103\u021bi sportive<\/p>\n<\/li>\n<\/ul>\n<p class=\"\" data-start=\"1029\" data-end=\"1170\">Acest top este perfect pentru sesiuni de antrenament mai intense, oferind at\u00e2t confort c\u00e2t \u0219i suportul necesar pentru o performan\u021b\u0103 de top.<\/p>\n<p class=\"\" data-start=\"1172\" data-end=\"1781\"><\/p>","protected":false},"excerpt":{"rendered":"<p>Top Adidas Running Medium-Support BraTopul Adidas Running Medium-Support Bra este conceput pentru a oferi suport de nivel mediu \u00een timpul<\/p>\n","protected":false},"featured_media":200709,"template":"","meta":[],"product_brand":[],"product_cat":[2195,306],"product_tag":[1056],"class_list":{"0":"post-200705","1":"product","2":"type-product","3":"status-publish","4":"has-post-thumbnail","6":"product_cat-toate-hainele-femei","7":"product_cat-topuri","8":"product_tag-32f","10":"first","11":"instock","12":"sale","13":"purchasable","14":"product-type-variable"},"wcpa_form_fields":null,"_links":{"self":[{"href":"https:\/\/dev.prosportmagazin.md\/ro\/wp-json\/wp\/v2\/product\/200705","targetHints":{"allow":["GET"]}}],"collection":[{"href":"https:\/\/dev.prosportmagazin.md\/ro\/wp-json\/wp\/v2\/product"}],"about":[{"href":"https:\/\/dev.prosportmagazin.md\/ro\/wp-json\/wp\/v2\/types\/product"}],"wp:featuredmedia":[{"embeddable":true,"href":"https:\/\/dev.prosportmagazin.md\/ro\/wp-json\/wp\/v2\/media\/200709"}],"wp:attachment":[{"href":"https:\/\/dev.prosportmagazin.md\/ro\/wp-json\/wp\/v2\/media?parent=200705"}],"wp:term":[{"taxonomy":"product_brand","embeddable":true,"href":"https:\/\/dev.prosportmagazin.md\/ro\/wp-json\/wp\/v2\/product_brand?post=200705"},{"taxonomy":"product_cat","embeddable":true,"href":"https:\/\/dev.prosportmagazin.md\/ro\/wp-json\/wp\/v2\/product_cat?post=200705"},{"taxonomy":"product_tag","embeddable":true,"href":"https:\/\/dev.prosportmagazin.md\/ro\/wp-json\/wp\/v2\/product_tag?post=200705"}],"curies":[{"name":"wp","href":"https:\/\/api.w.org\/{rel}","templated":true}]}}