{"id":202921,"date":"2025-10-05T00:00:00","date_gmt":"2025-10-04T21:00:00","guid":{"rendered":"https:\/\/prosport.md\/?post_type=product&#038;p=202921"},"modified":"2025-10-05T18:02:46","modified_gmt":"2025-10-05T15:02:46","slug":"adidasi-adidas-x-disney-superstar-360-mickey-mouse-gy9219","status":"publish","type":"product","link":"https:\/\/dev.prosportmagazin.md\/ro\/product\/adidasi-adidas-x-disney-superstar-360-mickey-mouse-gy9219\/","title":{"rendered":"Adidasi Adidas x Disney Superstar 360 Mickey Mouse (GY9219)"},"content":{"rendered":"<p> <\/p>\n<p>P\u0103streaz\u0103-\u021bi picioarele copilului t\u0103u confortabil \u00een stil super-erou cu ace\u0219ti pantofi adidas, inspira\u021bi de Spider-Man de la Marvel. Curelele de tragere la c\u0103lc\u00e2i \u0219i cu c\u00e2rlig \u0219i bucl\u0103 v\u0103 permit s\u0103 le pune\u021bi \u0219i s\u0103 le fixa\u021bi \u00eentr-o clip\u0103. Partea superioar\u0103 u\u0219oar\u0103 \u0219i talpa exterioar\u0103 durabil\u0103 sunt perfecte atunci c\u00e2nd micu\u021bul t\u0103u este gata s\u0103 \u00eencerce primii pa\u0219i. Realiza\u021bi dintr-o serie de materiale reciclate \u0219i cel pu\u021bin 50% con\u021binut reciclat, ace\u0219ti pantofi reprezint\u0103 doar una dintre solu\u021biile noastre pentru a ajuta la eliminarea de\u0219eurilor de plastic.<\/p>\n<p><\/p>","protected":false},"excerpt":{"rendered":"<p>P\u0103streaz\u0103-\u021bi picioarele copilului t\u0103u confortabil \u00een stil super-erou cu ace\u0219ti pantofi adidas, inspira\u021bi de Spider-Man de la Marvel. Curelele de<\/p>\n","protected":false},"featured_media":202934,"template":"","meta":[],"product_brand":[],"product_cat":[3086,2192,2765,2193,39,142],"product_tag":[328],"class_list":{"0":"post-202921","1":"product","2":"type-product","3":"status-publish","4":"has-post-thumbnail","6":"product_cat-big-sale-40","7":"product_cat-toate-incaltaminte-barbati","8":"product_cat-toata-incaltamintea-copii","9":"product_cat-toate-incaltaminte-femei","10":"product_cat-ghete","11":"product_cat-last-size-last-price","12":"product_tag-46-5","13":"pa_etichete-colaborare","15":"first","16":"instock","17":"sale","18":"purchasable","19":"product-type-variable"},"wcpa_form_fields":null,"_links":{"self":[{"href":"https:\/\/dev.prosportmagazin.md\/ro\/wp-json\/wp\/v2\/product\/202921","targetHints":{"allow":["GET"]}}],"collection":[{"href":"https:\/\/dev.prosportmagazin.md\/ro\/wp-json\/wp\/v2\/product"}],"about":[{"href":"https:\/\/dev.prosportmagazin.md\/ro\/wp-json\/wp\/v2\/types\/product"}],"wp:featuredmedia":[{"embeddable":true,"href":"https:\/\/dev.prosportmagazin.md\/ro\/wp-json\/wp\/v2\/media\/202934"}],"wp:attachment":[{"href":"https:\/\/dev.prosportmagazin.md\/ro\/wp-json\/wp\/v2\/media?parent=202921"}],"wp:term":[{"taxonomy":"product_brand","embeddable":true,"href":"https:\/\/dev.prosportmagazin.md\/ro\/wp-json\/wp\/v2\/product_brand?post=202921"},{"taxonomy":"product_cat","embeddable":true,"href":"https:\/\/dev.prosportmagazin.md\/ro\/wp-json\/wp\/v2\/product_cat?post=202921"},{"taxonomy":"product_tag","embeddable":true,"href":"https:\/\/dev.prosportmagazin.md\/ro\/wp-json\/wp\/v2\/product_tag?post=202921"}],"curies":[{"name":"wp","href":"https:\/\/api.w.org\/{rel}","templated":true}]}}