{"id":203131,"date":"2025-04-03T19:39:28","date_gmt":"2025-04-03T16:39:28","guid":{"rendered":"https:\/\/prosport.md\/?post_type=product&#038;p=203131"},"modified":"2025-10-03T06:39:17","modified_gmt":"2025-10-03T03:39:17","slug":"top-adidas-truepace-high-support-bra-gu9484","status":"publish","type":"product","link":"https:\/\/dev.prosportmagazin.md\/ro\/product\/top-adidas-truepace-high-support-bra-gu9484\/","title":{"rendered":"Top Adidas TruePace High Support Bra (GU9484)"},"content":{"rendered":"<p><\/p>\n<p>Pe c\u00e2t de sus\u021bin\u0103tor, pe at\u00e2t de elegant, sutienul de sus\u021binere \u00eenalt\u0103 TruePace este noua ta destina\u021bie pentru antrenamente de mare intensitate &#8211; g\u00e2ndi\u021bi-v\u0103 la sprinturile pe banda de alergare \u0219i la clasa de spin. \u200b \u200b Sutienul are o siluet\u0103 sport de lux \u0219i c\u0103ptu\u0219eal\u0103 din plas\u0103 pentru o respirabilitate sporit\u0103 \u00een timpul celor mai obositoare antrenamente. Fabricat\u0103 din materiale absorbante de ap\u0103 care sunt concepute pentru a ajuta la eliminarea transpira\u021biei, tehnologia AEROREADY v\u0103 face s\u0103 v\u0103 sim\u021bi\u021bi uscat \u00een timp ce v\u0103 mi\u0219ca\u021bi, iar cupele mulate \u0219i o \u00eenchidere reglabil\u0103 v\u0103 ofer\u0103 o potrivire personalizat\u0103. \u200b Cu un decolteu mic, care este f\u0103cut pentru a v\u0103 flata forma unic\u0103, sutienul este croit pentru a se potrivi aproape \u0219i este perforat strategic la spate pentru a v\u0103 men\u021bine s\u0103 ar\u0103ta\u021bi \u0219i s\u0103 v\u0103 sim\u021bi\u021bi rece \u00een timp ce v\u0103 antrena\u021bi. \u200b \u200b Lua\u021bi-o din studio pe str\u0103zi, \u00eembr\u0103c\u00e2nd o c\u0103ma\u0219\u0103 cu nasturi de in \u0219i blugi. \u200b<\/p>\n<p><\/p>","protected":false},"excerpt":{"rendered":"<p>Pe c\u00e2t de sus\u021bin\u0103tor, pe at\u00e2t de elegant, sutienul de sus\u021binere \u00eenalt\u0103 TruePace este noua ta destina\u021bie pentru antrenamente de<\/p>\n","protected":false},"featured_media":212290,"template":"","meta":[],"product_brand":[],"product_cat":[2195,306],"product_tag":[1056],"class_list":{"0":"post-203131","1":"product","2":"type-product","3":"status-publish","4":"has-post-thumbnail","6":"product_cat-toate-hainele-femei","7":"product_cat-topuri","8":"product_tag-32f","10":"first","11":"instock","12":"sale","13":"purchasable","14":"product-type-variable"},"wcpa_form_fields":null,"_links":{"self":[{"href":"https:\/\/dev.prosportmagazin.md\/ro\/wp-json\/wp\/v2\/product\/203131","targetHints":{"allow":["GET"]}}],"collection":[{"href":"https:\/\/dev.prosportmagazin.md\/ro\/wp-json\/wp\/v2\/product"}],"about":[{"href":"https:\/\/dev.prosportmagazin.md\/ro\/wp-json\/wp\/v2\/types\/product"}],"wp:featuredmedia":[{"embeddable":true,"href":"https:\/\/dev.prosportmagazin.md\/ro\/wp-json\/wp\/v2\/media\/212290"}],"wp:attachment":[{"href":"https:\/\/dev.prosportmagazin.md\/ro\/wp-json\/wp\/v2\/media?parent=203131"}],"wp:term":[{"taxonomy":"product_brand","embeddable":true,"href":"https:\/\/dev.prosportmagazin.md\/ro\/wp-json\/wp\/v2\/product_brand?post=203131"},{"taxonomy":"product_cat","embeddable":true,"href":"https:\/\/dev.prosportmagazin.md\/ro\/wp-json\/wp\/v2\/product_cat?post=203131"},{"taxonomy":"product_tag","embeddable":true,"href":"https:\/\/dev.prosportmagazin.md\/ro\/wp-json\/wp\/v2\/product_tag?post=203131"}],"curies":[{"name":"wp","href":"https:\/\/api.w.org\/{rel}","templated":true}]}}