{"id":206501,"date":"2026-01-12T23:00:00","date_gmt":"2026-01-12T21:00:00","guid":{"rendered":"https:\/\/prosport.md\/?post_type=product&#038;p=206501"},"modified":"2026-02-16T14:12:23","modified_gmt":"2026-02-16T12:12:23","slug":"tricou-ea7-emporio-armani-7m000224-af10375-m8110","status":"publish","type":"product","link":"https:\/\/dev.prosportmagazin.md\/ro\/product\/tricou-ea7-emporio-armani-7m000224-af10375-m8110\/","title":{"rendered":"Tricou EA7 Emporio Armani Visibility Cotton Crew-Neck (7M000224-AF10375-M8110)"},"content":{"rendered":"<p><\/p>\n<p>Tricou cu guler rotund, croial\u0103 regulat\u0103, confec\u021bionat din jerseu confortabil de bumbac. Modelul cu m\u00e2nec\u0103 scurt\u0103, personalizat cu un logo EA7 contrastant, face parte din colec\u021bia Visibility. Piesele din selec\u021bie reflect\u0103 pe deplin starea de spirit \u201eGo big or go home\u201d tipic\u0103 sloganurilor sportive, datorit\u0103 logo-ului EA7 \u00een relief care personalizeaz\u0103 fiecare articol.<\/p>\n<p>Compozi\u021bie<br \/>\nMaterial: 100% bumbac<\/p>\n<p>Detalii<br \/>\nCroial\u0103 regulat\u0103<br \/>\nGuler rotund<br \/>\nM\u00e2neci scurte<br \/>\nLogo EA7 pe piept<\/p>\n<p><\/p>","protected":false},"excerpt":{"rendered":"<p>Tricou cu guler rotund, croial\u0103 regulat\u0103, confec\u021bionat din jerseu confortabil de bumbac. Modelul cu m\u00e2nec\u0103 scurt\u0103, personalizat cu un logo<\/p>\n","protected":false},"featured_media":206514,"template":"","meta":[],"product_brand":[],"product_cat":[2194,331],"product_tag":[391],"class_list":{"0":"post-206501","1":"product","2":"type-product","3":"status-publish","4":"has-post-thumbnail","6":"product_cat-toate-hainele-barbati","7":"product_cat-tricouri-barbati","8":"product_tag-391","9":"pa_etichete-best-seller","11":"first","12":"instock","13":"sale","14":"featured","15":"taxable","16":"shipping-taxable","17":"purchasable","18":"product-type-variable"},"wcpa_form_fields":null,"_links":{"self":[{"href":"https:\/\/dev.prosportmagazin.md\/ro\/wp-json\/wp\/v2\/product\/206501","targetHints":{"allow":["GET"]}}],"collection":[{"href":"https:\/\/dev.prosportmagazin.md\/ro\/wp-json\/wp\/v2\/product"}],"about":[{"href":"https:\/\/dev.prosportmagazin.md\/ro\/wp-json\/wp\/v2\/types\/product"}],"wp:featuredmedia":[{"embeddable":true,"href":"https:\/\/dev.prosportmagazin.md\/ro\/wp-json\/wp\/v2\/media\/206514"}],"wp:attachment":[{"href":"https:\/\/dev.prosportmagazin.md\/ro\/wp-json\/wp\/v2\/media?parent=206501"}],"wp:term":[{"taxonomy":"product_brand","embeddable":true,"href":"https:\/\/dev.prosportmagazin.md\/ro\/wp-json\/wp\/v2\/product_brand?post=206501"},{"taxonomy":"product_cat","embeddable":true,"href":"https:\/\/dev.prosportmagazin.md\/ro\/wp-json\/wp\/v2\/product_cat?post=206501"},{"taxonomy":"product_tag","embeddable":true,"href":"https:\/\/dev.prosportmagazin.md\/ro\/wp-json\/wp\/v2\/product_tag?post=206501"}],"curies":[{"name":"wp","href":"https:\/\/api.w.org\/{rel}","templated":true}]}}