{"id":209742,"date":"2025-12-09T00:00:00","date_gmt":"2025-12-08T21:00:00","guid":{"rendered":"https:\/\/prosport.md\/?post_type=product&#038;p=209742"},"modified":"2026-02-14T09:47:15","modified_gmt":"2026-02-14T07:47:15","slug":"costum-ea7-emporio-armani-7w000110-af12473-mc004","status":"publish","type":"product","link":"https:\/\/dev.prosportmagazin.md\/ro\/product\/costum-ea7-emporio-armani-7w000110-af12473-mc004\/","title":{"rendered":"Costum EA7 Emporio Armani (7W000110-AF12473-MC004)"},"content":{"rendered":"<p><\/p>\n<p>\ud83e\uddf5 Caracteristici Principale<br \/>\nCompozi\u021bie: De regul\u0103, este confec\u021bionat dintr-un amestec de bumbac \u0219i poliester, compozi\u021bia specific\u0103 fiind adesea: 85% bumbac, 15% poliester (poate varia u\u0219or).<\/p>\n<p>Construc\u021bie:<br \/>\nBluz\u0103: Cu glug\u0103 \u0219i \u00eenchidere cu fermoar integral (Full Zip).<br \/>\nPantaloni: De obicei lungi, cu ajustare Regular Fit sau conic\u0103.<br \/>\nBuzunare: Include buzunare (at\u00e2t la bluz\u0103, c\u00e2t \u0219i la pantaloni).<\/p>\n<p>Compleu de trening din colec\u021bia EA7 Emporio Armani confec\u021bionat din tricot elastic.<br \/>\n&#8211; Incheiere cu fermoar.<br \/>\n&#8211; Gluga stransa cu snururi.<br \/>\n&#8211; Dou\u0103 buzunare \u00een fa\u021b\u0103.<br \/>\n&#8211; M\u00e2neci \u0219i marginea inferioar\u0103 finisate cu o coad\u0103 elastic\u0103 confortabil\u0103.<br \/>\n&#8211; Elastic in talie cu snururi.<br \/>\n&#8211; Buzunare oblice.<br \/>\n&#8211; Picioarele finisate cu manseta.<\/p>\n<p>Material 1: 85% Bumbac, 15% Poliester<\/p>\n<p><\/p>","protected":false},"excerpt":{"rendered":"<p>\ud83e\uddf5 Caracteristici Principale Compozi\u021bie: De regul\u0103, este confec\u021bionat dintr-un amestec de bumbac \u0219i poliester, compozi\u021bia specific\u0103 fiind adesea: 85% bumbac,<\/p>\n","protected":false},"featured_media":209749,"template":"","meta":[],"product_brand":[],"product_cat":[2195,415],"product_tag":[391],"class_list":{"0":"post-209742","1":"product","2":"type-product","3":"status-publish","4":"has-post-thumbnail","6":"product_cat-toate-hainele-femei","7":"product_cat-costume-femei","8":"product_tag-391","9":"pa_etichete-new-collection","11":"first","12":"instock","13":"sale","14":"taxable","15":"shipping-taxable","16":"purchasable","17":"product-type-variable"},"wcpa_form_fields":null,"_links":{"self":[{"href":"https:\/\/dev.prosportmagazin.md\/ro\/wp-json\/wp\/v2\/product\/209742","targetHints":{"allow":["GET"]}}],"collection":[{"href":"https:\/\/dev.prosportmagazin.md\/ro\/wp-json\/wp\/v2\/product"}],"about":[{"href":"https:\/\/dev.prosportmagazin.md\/ro\/wp-json\/wp\/v2\/types\/product"}],"wp:featuredmedia":[{"embeddable":true,"href":"https:\/\/dev.prosportmagazin.md\/ro\/wp-json\/wp\/v2\/media\/209749"}],"wp:attachment":[{"href":"https:\/\/dev.prosportmagazin.md\/ro\/wp-json\/wp\/v2\/media?parent=209742"}],"wp:term":[{"taxonomy":"product_brand","embeddable":true,"href":"https:\/\/dev.prosportmagazin.md\/ro\/wp-json\/wp\/v2\/product_brand?post=209742"},{"taxonomy":"product_cat","embeddable":true,"href":"https:\/\/dev.prosportmagazin.md\/ro\/wp-json\/wp\/v2\/product_cat?post=209742"},{"taxonomy":"product_tag","embeddable":true,"href":"https:\/\/dev.prosportmagazin.md\/ro\/wp-json\/wp\/v2\/product_tag?post=209742"}],"curies":[{"name":"wp","href":"https:\/\/api.w.org\/{rel}","templated":true}]}}