{"id":213012,"date":"2025-07-26T00:00:00","date_gmt":"2025-07-25T21:00:00","guid":{"rendered":"https:\/\/prosport.md\/?post_type=product&#038;p=213012"},"modified":"2026-02-02T11:11:07","modified_gmt":"2026-02-02T08:11:07","slug":"costum-ea7-emporio-armani-7w000118-af12948-u1079","status":"publish","type":"product","link":"https:\/\/dev.prosportmagazin.md\/ro\/product\/costum-ea7-emporio-armani-7w000118-af12948-u1079\/","title":{"rendered":"Costum EA7 Emporio Armani Woven (7W000118-AF12948-U1079)"},"content":{"rendered":"<p><br \/>\nSetul sport din colec\u021bia EA7 Emporio Armani este realizat din \u021bes\u0103tur\u0103 cu uscare rapid\u0103.<br \/>\n&#8211; Stil simplu care nu restric\u021bioneaz\u0103 mi\u0219carea.<br \/>\n&#8211; Fermoar u\u0219or de utilizat v\u0103 permite s\u0103 pune\u021bi \u0219i s\u0103 scoate\u021bi cu u\u0219urin\u021b\u0103 acest produs.<br \/>\n&#8211; Talie inalta cu banda elastica previne alunecarea in timpul miscarii.<br \/>\n&#8211; Buzunare cu fante.<br \/>\n&#8211; Model cu captuseala din plasa.<br \/>\nID produs: PPYA-DKD01L_01X<br \/>\nCod producator: AF12948.7W000118<br \/>\n<\/p>","protected":false},"excerpt":{"rendered":"<p>Setul sport din colec\u021bia EA7 Emporio Armani este realizat din \u021bes\u0103tur\u0103 cu uscare rapid\u0103. &#8211; Stil simplu care nu restric\u021bioneaz\u0103<\/p>\n","protected":false},"featured_media":213926,"template":"","meta":[],"product_brand":[],"product_cat":[2195,415],"product_tag":[391],"class_list":{"0":"post-213012","1":"product","2":"type-product","3":"status-publish","4":"has-post-thumbnail","6":"product_cat-toate-hainele-femei","7":"product_cat-costume-femei","8":"product_tag-391","10":"first","11":"instock","12":"sale","13":"featured","14":"taxable","15":"shipping-taxable","16":"purchasable","17":"product-type-variable"},"wcpa_form_fields":null,"_links":{"self":[{"href":"https:\/\/dev.prosportmagazin.md\/ro\/wp-json\/wp\/v2\/product\/213012","targetHints":{"allow":["GET"]}}],"collection":[{"href":"https:\/\/dev.prosportmagazin.md\/ro\/wp-json\/wp\/v2\/product"}],"about":[{"href":"https:\/\/dev.prosportmagazin.md\/ro\/wp-json\/wp\/v2\/types\/product"}],"wp:featuredmedia":[{"embeddable":true,"href":"https:\/\/dev.prosportmagazin.md\/ro\/wp-json\/wp\/v2\/media\/213926"}],"wp:attachment":[{"href":"https:\/\/dev.prosportmagazin.md\/ro\/wp-json\/wp\/v2\/media?parent=213012"}],"wp:term":[{"taxonomy":"product_brand","embeddable":true,"href":"https:\/\/dev.prosportmagazin.md\/ro\/wp-json\/wp\/v2\/product_brand?post=213012"},{"taxonomy":"product_cat","embeddable":true,"href":"https:\/\/dev.prosportmagazin.md\/ro\/wp-json\/wp\/v2\/product_cat?post=213012"},{"taxonomy":"product_tag","embeddable":true,"href":"https:\/\/dev.prosportmagazin.md\/ro\/wp-json\/wp\/v2\/product_tag?post=213012"}],"curies":[{"name":"wp","href":"https:\/\/api.w.org\/{rel}","templated":true}]}}