{"id":217441,"date":"2026-02-05T00:00:00","date_gmt":"2026-02-04T21:00:00","guid":{"rendered":"https:\/\/prosport.md\/?post_type=product&#038;p=217441"},"modified":"2026-03-03T22:40:09","modified_gmt":"2026-03-03T20:40:09","slug":"minge-de-fotbal-adidas-uwcl-pro-24-25-group-stage-ball-is7437","status":"publish","type":"product","link":"https:\/\/dev.prosportmagazin.md\/ro\/product\/minge-de-fotbal-adidas-uwcl-pro-24-25-group-stage-ball-is7437\/","title":{"rendered":"Minge de Fotbal Adidas Champions League 24\/25 Oficial Match Ball (IS7437)"},"content":{"rendered":"<p>Reflect\u00e2nd puterea \u0219i dinamismul echipelor din competi\u021bie, bra\u021bele spiralate ale trofeului UWCL \u00eel fac u\u0219or de recunoscut. Av\u00e2nd un design \u00eendr\u0103zne\u021b inspirat de aceste caracteristici str\u0103lucitoare, aceast\u0103 minge de fotbal adidas Pro este cea folosit\u0103 \u00een fazele grupelor turneului 24\/25. Construc\u021bia sa f\u0103r\u0103 cus\u0103turi \u0219i detaliile \u00een relief te vor ajuta s\u0103 joci ca un campion.<\/p>","protected":false},"excerpt":{"rendered":"<p>MODEL PROFESIONAL<\/p>\n","protected":false},"featured_media":273511,"template":"","meta":[],"product_brand":[],"product_cat":[1421,2108],"product_tag":[1447],"class_list":{"0":"post-217441","1":"product","2":"type-product","3":"status-publish","4":"has-post-thumbnail","6":"product_cat-mingi","7":"product_cat-fotbal","8":"product_tag-1447","9":"pa_etichete-best-seller","11":"first","12":"instock","13":"sale","14":"featured","15":"purchasable","16":"product-type-variable"},"wcpa_form_fields":null,"_links":{"self":[{"href":"https:\/\/dev.prosportmagazin.md\/ro\/wp-json\/wp\/v2\/product\/217441","targetHints":{"allow":["GET"]}}],"collection":[{"href":"https:\/\/dev.prosportmagazin.md\/ro\/wp-json\/wp\/v2\/product"}],"about":[{"href":"https:\/\/dev.prosportmagazin.md\/ro\/wp-json\/wp\/v2\/types\/product"}],"wp:featuredmedia":[{"embeddable":true,"href":"https:\/\/dev.prosportmagazin.md\/ro\/wp-json\/wp\/v2\/media\/273511"}],"wp:attachment":[{"href":"https:\/\/dev.prosportmagazin.md\/ro\/wp-json\/wp\/v2\/media?parent=217441"}],"wp:term":[{"taxonomy":"product_brand","embeddable":true,"href":"https:\/\/dev.prosportmagazin.md\/ro\/wp-json\/wp\/v2\/product_brand?post=217441"},{"taxonomy":"product_cat","embeddable":true,"href":"https:\/\/dev.prosportmagazin.md\/ro\/wp-json\/wp\/v2\/product_cat?post=217441"},{"taxonomy":"product_tag","embeddable":true,"href":"https:\/\/dev.prosportmagazin.md\/ro\/wp-json\/wp\/v2\/product_tag?post=217441"}],"curies":[{"name":"wp","href":"https:\/\/api.w.org\/{rel}","templated":true}]}}