{"id":220367,"date":"2026-03-01T00:00:00","date_gmt":"2026-02-28T22:00:00","guid":{"rendered":"https:\/\/prosport.md\/?post_type=product&#038;p=220367"},"modified":"2026-03-01T15:53:58","modified_gmt":"2026-03-01T13:53:58","slug":"bute-nike-mercurial-vapor-16-academy-kylian-mbappe-fq8377-500","status":"publish","type":"product","link":"https:\/\/dev.prosportmagazin.md\/ro\/product\/bute-nike-mercurial-vapor-16-academy-kylian-mbappe-fq8377-500\/","title":{"rendered":"Bute Nike Mercurial Vapor 16 Academy x &#8220;Kylian Mbappe&#8221; FG (FQ8377-500)"},"content":{"rendered":"<p><br \/>\nVrei s\u0103-\u021bi duci viteza la nivelul urm\u0103tor? Am creat aceste ghete Academy cu o unitate Air Zoom \u00eembun\u0103t\u0103\u021bit\u0103 la c\u0103lc\u00e2i. Aceasta \u00ee\u021bi ofer\u0103 \u021bie \u0219i lui Kylian Mbapp\u00e9 senza\u021bia de propulsie necesar\u0103 pentru a p\u0103trunde \u00een linia din spate. Rezultatul este cea mai receptiv\u0103 ghet\u0103 Mercurial pe care am creat-o vreodat\u0103, astfel \u00eenc\u00e2t s\u0103 po\u021bi dicta ritmul \u0219i tempoul pe tot parcursul meciului.<br \/>\n<\/p>","protected":false},"excerpt":{"rendered":"<p>Vrei s\u0103-\u021bi duci viteza la nivelul urm\u0103tor? Am creat aceste ghete Academy cu o unitate Air Zoom \u00eembun\u0103t\u0103\u021bit\u0103 la c\u0103lc\u00e2i.<\/p>\n","protected":false},"featured_media":292634,"template":"","meta":[],"product_brand":[],"product_cat":[2192,2765,1301],"product_tag":[381],"class_list":{"0":"post-220367","1":"product","2":"type-product","3":"status-publish","4":"has-post-thumbnail","6":"product_cat-toate-incaltaminte-barbati","7":"product_cat-toata-incaltamintea-copii","8":"product_cat-bute","9":"product_tag-381","10":"pa_etichete-colaborare","11":"pa_suprafata-ag-artificial-gras","12":"pa_suprafata-fg-firm-ground","13":"pa_suprafata-mg-multiground","15":"first","16":"instock","17":"sale","18":"featured","19":"purchasable","20":"product-type-variable"},"wcpa_form_fields":null,"_links":{"self":[{"href":"https:\/\/dev.prosportmagazin.md\/ro\/wp-json\/wp\/v2\/product\/220367","targetHints":{"allow":["GET"]}}],"collection":[{"href":"https:\/\/dev.prosportmagazin.md\/ro\/wp-json\/wp\/v2\/product"}],"about":[{"href":"https:\/\/dev.prosportmagazin.md\/ro\/wp-json\/wp\/v2\/types\/product"}],"wp:featuredmedia":[{"embeddable":true,"href":"https:\/\/dev.prosportmagazin.md\/ro\/wp-json\/wp\/v2\/media\/292634"}],"wp:attachment":[{"href":"https:\/\/dev.prosportmagazin.md\/ro\/wp-json\/wp\/v2\/media?parent=220367"}],"wp:term":[{"taxonomy":"product_brand","embeddable":true,"href":"https:\/\/dev.prosportmagazin.md\/ro\/wp-json\/wp\/v2\/product_brand?post=220367"},{"taxonomy":"product_cat","embeddable":true,"href":"https:\/\/dev.prosportmagazin.md\/ro\/wp-json\/wp\/v2\/product_cat?post=220367"},{"taxonomy":"product_tag","embeddable":true,"href":"https:\/\/dev.prosportmagazin.md\/ro\/wp-json\/wp\/v2\/product_tag?post=220367"}],"curies":[{"name":"wp","href":"https:\/\/api.w.org\/{rel}","templated":true}]}}