{"id":220437,"date":"2025-09-27T00:00:00","date_gmt":"2025-09-26T21:00:00","guid":{"rendered":"https:\/\/prosport.md\/?post_type=product&#038;p=220437"},"modified":"2026-03-01T09:49:44","modified_gmt":"2026-03-01T07:49:44","slug":"minge-de-fotbal-nike-academy-ball-fa24-fz2966-100","status":"publish","type":"product","link":"https:\/\/dev.prosportmagazin.md\/ro\/product\/minge-de-fotbal-nike-academy-ball-fa24-fz2966-100\/","title":{"rendered":"Minge de Fotbal Nike Academy Ball FA24 (FZ2966-100)"},"content":{"rendered":"<p><br \/>\nMingea de fotbal Nike Academy te ajut\u0103 s\u0103-\u021bi \u00eembun\u0103t\u0103\u021be\u0219ti driblingul cu o suprafa\u021b\u0103 texturat\u0103 care ofer\u0103 o trac\u021biune excelent\u0103. De asemenea, dispune de grafic\u0103 cu contrast ridicat pentru o vizibilitate \u00eembun\u0103t\u0103\u021bit\u0103, \u00een timp ce canelurile turnate ofer\u0103 o aerodinamic\u0103 superioar\u0103.<\/p>\n<p>Tehnologii<br \/>\nTehnologia Nike Aerowsculpt folose\u0219te caneluri turnate pentru a \u00eentrerupe fluxul de aer, reduc\u00e2nd rezisten\u021ba la \u00eenaintare \u0219i oferind un zbor mai stabil.<br \/>\nVezica de cauciuc ajut\u0103 la men\u021binerea presiunii aerului \u0219i a formei.<br \/>\nPartea superioar\u0103 texturat\u0103 ofer\u0103 o atingere \u00eembun\u0103t\u0103\u021bit\u0103 la pase, \u0219uturi \u0219i driblinguri.<br \/>\nCaracteristici<br \/>\nPerioada anului<br \/>\nTot sezonul<br \/>\nMaterial<br \/>\n67% cauciuc \/ 13% poliester \/ 10% etilen-acetat de vinil (EVA) \/ 10% poliuretan (PU)<br \/>\n<\/p>","protected":false},"excerpt":{"rendered":"<p>Mingea de fotbal Nike Academy te ajut\u0103 s\u0103-\u021bi \u00eembun\u0103t\u0103\u021be\u0219ti driblingul cu o suprafa\u021b\u0103 texturat\u0103 care ofer\u0103 o trac\u021biune excelent\u0103. De<\/p>\n","protected":false},"featured_media":220443,"template":"","meta":[],"product_brand":[],"product_cat":[1421,2108],"product_tag":[],"class_list":{"0":"post-220437","1":"product","2":"type-product","3":"status-publish","4":"has-post-thumbnail","6":"product_cat-mingi","7":"product_cat-fotbal","8":"pa_etichete-best-seller","9":"pa_etichete-new-collection","11":"first","12":"instock","13":"sale","14":"featured","15":"purchasable","16":"product-type-variable"},"wcpa_form_fields":null,"_links":{"self":[{"href":"https:\/\/dev.prosportmagazin.md\/ro\/wp-json\/wp\/v2\/product\/220437","targetHints":{"allow":["GET"]}}],"collection":[{"href":"https:\/\/dev.prosportmagazin.md\/ro\/wp-json\/wp\/v2\/product"}],"about":[{"href":"https:\/\/dev.prosportmagazin.md\/ro\/wp-json\/wp\/v2\/types\/product"}],"wp:featuredmedia":[{"embeddable":true,"href":"https:\/\/dev.prosportmagazin.md\/ro\/wp-json\/wp\/v2\/media\/220443"}],"wp:attachment":[{"href":"https:\/\/dev.prosportmagazin.md\/ro\/wp-json\/wp\/v2\/media?parent=220437"}],"wp:term":[{"taxonomy":"product_brand","embeddable":true,"href":"https:\/\/dev.prosportmagazin.md\/ro\/wp-json\/wp\/v2\/product_brand?post=220437"},{"taxonomy":"product_cat","embeddable":true,"href":"https:\/\/dev.prosportmagazin.md\/ro\/wp-json\/wp\/v2\/product_cat?post=220437"},{"taxonomy":"product_tag","embeddable":true,"href":"https:\/\/dev.prosportmagazin.md\/ro\/wp-json\/wp\/v2\/product_tag?post=220437"}],"curies":[{"name":"wp","href":"https:\/\/api.w.org\/{rel}","templated":true}]}}