{"id":220444,"date":"2025-09-27T00:00:00","date_gmt":"2025-09-26T21:00:00","guid":{"rendered":"https:\/\/prosport.md\/?post_type=product&#038;p=220444"},"modified":"2026-02-01T15:35:39","modified_gmt":"2026-02-01T12:35:39","slug":"minge-de-fotbal-nike-academy-ball-fa24-fz2966-105","status":"publish","type":"product","link":"https:\/\/dev.prosportmagazin.md\/ro\/product\/minge-de-fotbal-nike-academy-ball-fa24-fz2966-105\/","title":{"rendered":"Minge de Fotbal Nike Academy Ball FA24 (FZ2966-105)"},"content":{"rendered":"<p><br \/>\nOptimizeaz\u0103 driblingul cu o carcas\u0103 texturat\u0103, vizibilitatea cu grafic\u0103 cu contrast ridicat \u0219i precizia cu caneluri turnate, astfel \u00eenc\u00e2t s\u0103 te po\u021bi concentra asupra jocului, nu asupra echipamentului.<br \/>\n<\/p>","protected":false},"excerpt":{"rendered":"<p>Optimizeaz\u0103 driblingul cu o carcas\u0103 texturat\u0103, vizibilitatea cu grafic\u0103 cu contrast ridicat \u0219i precizia cu caneluri turnate, astfel \u00eenc\u00e2t s\u0103<\/p>\n","protected":false},"featured_media":302375,"template":"","meta":[],"product_brand":[],"product_cat":[1421,2108],"product_tag":[],"class_list":{"0":"post-220444","1":"product","2":"type-product","3":"status-publish","4":"has-post-thumbnail","6":"product_cat-mingi","7":"product_cat-fotbal","8":"pa_etichete-best-seller","9":"pa_etichete-new-collection","11":"first","12":"instock","13":"sale","14":"featured","15":"purchasable","16":"product-type-variable"},"wcpa_form_fields":null,"_links":{"self":[{"href":"https:\/\/dev.prosportmagazin.md\/ro\/wp-json\/wp\/v2\/product\/220444","targetHints":{"allow":["GET"]}}],"collection":[{"href":"https:\/\/dev.prosportmagazin.md\/ro\/wp-json\/wp\/v2\/product"}],"about":[{"href":"https:\/\/dev.prosportmagazin.md\/ro\/wp-json\/wp\/v2\/types\/product"}],"wp:featuredmedia":[{"embeddable":true,"href":"https:\/\/dev.prosportmagazin.md\/ro\/wp-json\/wp\/v2\/media\/302375"}],"wp:attachment":[{"href":"https:\/\/dev.prosportmagazin.md\/ro\/wp-json\/wp\/v2\/media?parent=220444"}],"wp:term":[{"taxonomy":"product_brand","embeddable":true,"href":"https:\/\/dev.prosportmagazin.md\/ro\/wp-json\/wp\/v2\/product_brand?post=220444"},{"taxonomy":"product_cat","embeddable":true,"href":"https:\/\/dev.prosportmagazin.md\/ro\/wp-json\/wp\/v2\/product_cat?post=220444"},{"taxonomy":"product_tag","embeddable":true,"href":"https:\/\/dev.prosportmagazin.md\/ro\/wp-json\/wp\/v2\/product_tag?post=220444"}],"curies":[{"name":"wp","href":"https:\/\/api.w.org\/{rel}","templated":true}]}}